{"id":39525,"date":"2025-12-26T13:19:16","date_gmt":"2025-12-26T11:19:16","guid":{"rendered":"https:\/\/www.entrenenufares.es\/clickandbuilds\/decobraz\/?post_type=product&#038;p=39525"},"modified":"2026-03-31T12:48:55","modified_gmt":"2026-03-31T10:48:55","slug":"roble-dali","status":"publish","type":"product","link":"https:\/\/www.entrenenufares.es\/clickandbuilds\/decobraz\/producto\/roble-dali\/","title":{"rendered":"Roble Dal\u00ed"},"content":{"rendered":"<p data-path-to-node=\"4\"><b data-path-to-node=\"4\" data-index-in-node=\"0\">Colecci\u00f3n Pintura de <a href=\"https:\/\/www.entrenenufares.es\/clickandbuilds\/decobraz\/maderas-de-autor-mda-lo-ultimo-en-nuestro-catalogo\/\">Madera de Autor<\/a>: La maestr\u00eda del gran formato<\/b><\/p>\n<p data-path-to-node=\"5\">Si la madera fuera un lienzo, la colecci\u00f3n <b data-path-to-node=\"5\" data-index-in-node=\"48\">Pintura<\/b> de suelos de parquet ser\u00eda la obra maestra. Con tablas de dimensiones imponentes (<b data-path-to-node=\"5\" data-index-in-node=\"117\">285 x 2200 mm<\/b>), este pavimento de madera natural est\u00e1 dise\u00f1ado para transformar espacios, aportando una presencia majestuosa y una continuidad visual sin precedentes. Lo que las hacen perfecto para cualquier estancia<\/p>\n<p data-path-to-node=\"6\">Su estructura de <b data-path-to-node=\"6\" data-index-in-node=\"17\">18 mm de grosor<\/b> garantiza una pisada s\u00f3lida y una estabilidad estructural superior. Adem\u00e1s, cuenta con una generosa <b data-path-to-node=\"6\" data-index-in-node=\"133\">capa noble de 5 mm<\/b>, lo que no solo realza la belleza natural de la veta, sino que asegura una durabilidad extrema, permitiendo que el suelo se mantenga impecable durante d\u00e9cadas.<\/p>\n<p>Parquet Colecci\u00f3n Pintura de Autor Modelo MDA2851-OTT Roble Claro | Maderas de Autor<\/p>\n<p>Dise\u00f1o: 1 Lama<br \/>\nMedidas: 18 x 2200 x 285 mm<br \/>\nEstructura: Cepillado Barniz Mate Natural. Barlock 5Gc System. Uso residencial y comercial. 5 mm de capa madera noble.<\/p>\n<p>El sistema <b data-path-to-node=\"0\" data-index-in-node=\"11\">Barlock 5Gc<\/b> es la tecnolog\u00eda de uni\u00f3n que hace que las colecciones &#8220;<a href=\"https:\/\/www.entrenenufares.es\/clickandbuilds\/decobraz\/producto\/roble-serrat\/\">M\u00fasica<\/a>&#8221; y &#8220;Pintura&#8221; no solo sean bellas, sino tambi\u00e9n t\u00e9cnicamente superiores en su montaje. Se trata de uno de los sistemas de <b data-path-to-node=\"0\" data-index-in-node=\"207\">clic de \u00faltima generaci\u00f3n<\/b> m\u00e1s avanzados del mercado<\/p>\n","protected":false},"excerpt":{"rendered":"<p>Parquet Colecci\u00f3n Pintura de Autor Modelo MDA2851-OTT Roble Claro | Maderas de Autor<\/p>\n","protected":false},"featured_media":39528,"comment_status":"open","ping_status":"closed","template":"","meta":[],"product_brand":[1403],"product_cat":[1410,198],"product_tag":[798],"class_list":{"0":"post-39525","1":"product","2":"type-product","3":"status-publish","4":"has-post-thumbnail","6":"product_brand-maderas-de-autor","7":"product_cat-pintura-de-autor","8":"product_cat-suelos-de-parquet","9":"product_tag-suelos-de-parquet-maderas-de-autor","10":"yith_product_brand-maderas-de-autor","12":"first","13":"instock","14":"taxable","15":"shipping-taxable","16":"purchasable","17":"product-type-simple"},"yoast_head":"<!-- This site is optimized with the Yoast SEO plugin v27.2 - https:\/\/yoast.com\/product\/yoast-seo-wordpress\/ -->\n<title>Suelos de Parquet: Colecci\u00f3n Pintura de Autor Modelo Roble Dal\u00ed - Decobraz<\/title>\n<meta name=\"description\" content=\"Parquet Colecci\u00f3n Pintura de Autor Modelo Roble Dal\u00ed Roble Claro. Sus 18 mm de grosor garantiza una pisada s\u00f3lida y una estabilidad superior.\" \/>\n<meta name=\"robots\" content=\"noindex, follow, max-snippet:-1, max-image-preview:large, max-video-preview:-1\" \/>\n<meta property=\"og:locale\" content=\"es_ES\" \/>\n<meta property=\"og:type\" content=\"article\" \/>\n<meta property=\"og:title\" content=\"Suelos de Parquet: Colecci\u00f3n Pintura de Autor Modelo Roble Dal\u00ed - Decobraz\" \/>\n<meta property=\"og:description\" content=\"Parquet Colecci\u00f3n Pintura de Autor Modelo Roble Dal\u00ed Roble Claro. Sus 18 mm de grosor garantiza una pisada s\u00f3lida y una estabilidad superior.\" \/>\n<meta property=\"og:url\" content=\"https:\/\/www.entrenenufares.es\/clickandbuilds\/decobraz\/producto\/roble-dali\/\" \/>\n<meta property=\"og:site_name\" content=\"Decobraz\" \/>\n<meta property=\"article:publisher\" content=\"https:\/\/www.facebook.com\/decobraz\/\" \/>\n<meta property=\"article:modified_time\" content=\"2026-03-31T10:48:55+00:00\" \/>\n<meta property=\"og:image\" content=\"https:\/\/www.entrenenufares.es\/clickandbuilds\/decobraz\/wp-content\/uploads\/2025\/12\/madera-natural-dali-detalle.webp\" \/>\n\t<meta property=\"og:image:width\" content=\"800\" \/>\n\t<meta property=\"og:image:height\" content=\"800\" \/>\n\t<meta property=\"og:image:type\" content=\"image\/webp\" \/>\n<meta name=\"twitter:card\" content=\"summary_large_image\" \/>\n<meta name=\"twitter:label1\" content=\"Tiempo de lectura\" \/>\n\t<meta name=\"twitter:data1\" content=\"2 minutos\" \/>\n<script type=\"application\/ld+json\" class=\"yoast-schema-graph\">{\"@context\":\"https:\/\/schema.org\",\"@graph\":[{\"@type\":\"WebPage\",\"@id\":\"https:\/\/www.entrenenufares.es\/clickandbuilds\/decobraz\/producto\/roble-dali\/\",\"url\":\"https:\/\/www.entrenenufares.es\/clickandbuilds\/decobraz\/producto\/roble-dali\/\",\"name\":\"Suelos de Parquet: Colecci\u00f3n Pintura de Autor Modelo Roble Dal\u00ed - Decobraz\",\"isPartOf\":{\"@id\":\"https:\/\/www.entrenenufares.es\/clickandbuilds\/decobraz\/#website\"},\"primaryImageOfPage\":{\"@id\":\"https:\/\/www.entrenenufares.es\/clickandbuilds\/decobraz\/producto\/roble-dali\/#primaryimage\"},\"image\":{\"@id\":\"https:\/\/www.entrenenufares.es\/clickandbuilds\/decobraz\/producto\/roble-dali\/#primaryimage\"},\"thumbnailUrl\":\"https:\/\/www.entrenenufares.es\/clickandbuilds\/decobraz\/wp-content\/uploads\/2025\/12\/madera-natural-dali-detalle.webp\",\"datePublished\":\"2025-12-26T11:19:16+00:00\",\"dateModified\":\"2026-03-31T10:48:55+00:00\",\"description\":\"Parquet Colecci\u00f3n Pintura de Autor Modelo Roble Dal\u00ed Roble Claro. Sus 18 mm de grosor garantiza una pisada s\u00f3lida y una estabilidad superior.\",\"breadcrumb\":{\"@id\":\"https:\/\/www.entrenenufares.es\/clickandbuilds\/decobraz\/producto\/roble-dali\/#breadcrumb\"},\"inLanguage\":\"es\",\"potentialAction\":[{\"@type\":\"ReadAction\",\"target\":[\"https:\/\/www.entrenenufares.es\/clickandbuilds\/decobraz\/producto\/roble-dali\/\"]}]},{\"@type\":\"ImageObject\",\"inLanguage\":\"es\",\"@id\":\"https:\/\/www.entrenenufares.es\/clickandbuilds\/decobraz\/producto\/roble-dali\/#primaryimage\",\"url\":\"https:\/\/www.entrenenufares.es\/clickandbuilds\/decobraz\/wp-content\/uploads\/2025\/12\/madera-natural-dali-detalle.webp\",\"contentUrl\":\"https:\/\/www.entrenenufares.es\/clickandbuilds\/decobraz\/wp-content\/uploads\/2025\/12\/madera-natural-dali-detalle.webp\",\"width\":800,\"height\":800,\"caption\":\"suelos de parquet\"},{\"@type\":\"BreadcrumbList\",\"@id\":\"https:\/\/www.entrenenufares.es\/clickandbuilds\/decobraz\/producto\/roble-dali\/#breadcrumb\",\"itemListElement\":[{\"@type\":\"ListItem\",\"position\":1,\"name\":\"Portada\",\"item\":\"https:\/\/www.entrenenufares.es\/clickandbuilds\/decobraz\/\"},{\"@type\":\"ListItem\",\"position\":2,\"name\":\"Tienda\",\"item\":\"https:\/\/www.entrenenufares.es\/clickandbuilds\/decobraz\/tienda\/\"},{\"@type\":\"ListItem\",\"position\":3,\"name\":\"Maderas de Autor\",\"item\":\"https:\/\/www.entrenenufares.es\/clickandbuilds\/decobraz\/marcas\/maderas-de-autor\/\"},{\"@type\":\"ListItem\",\"position\":4,\"name\":\"Roble Dal\u00ed\"}]},{\"@type\":\"WebSite\",\"@id\":\"https:\/\/www.entrenenufares.es\/clickandbuilds\/decobraz\/#website\",\"url\":\"https:\/\/www.entrenenufares.es\/clickandbuilds\/decobraz\/\",\"name\":\"Decobraz Tarimas\",\"description\":\"Decobraz Distribuidor Oficial\",\"publisher\":{\"@id\":\"https:\/\/www.entrenenufares.es\/clickandbuilds\/decobraz\/#organization\"},\"alternateName\":\"Suelos Decobraz Maderas\",\"potentialAction\":[{\"@type\":\"SearchAction\",\"target\":{\"@type\":\"EntryPoint\",\"urlTemplate\":\"https:\/\/www.entrenenufares.es\/clickandbuilds\/decobraz\/?s={search_term_string}\"},\"query-input\":{\"@type\":\"PropertyValueSpecification\",\"valueRequired\":true,\"valueName\":\"search_term_string\"}}],\"inLanguage\":\"es\"},{\"@type\":[\"Organization\",\"Place\"],\"@id\":\"https:\/\/www.entrenenufares.es\/clickandbuilds\/decobraz\/#organization\",\"name\":\"Decobraz Tarimas\",\"alternateName\":\"Tarimas Decobraz\",\"url\":\"https:\/\/www.entrenenufares.es\/clickandbuilds\/decobraz\/\",\"logo\":{\"@type\":\"ImageObject\",\"inLanguage\":\"es\",\"@id\":\"https:\/\/www.entrenenufares.es\/clickandbuilds\/decobraz\/#\/schema\/logo\/image\/\",\"url\":\"https:\/\/www.entrenenufares.es\/clickandbuilds\/decobraz\/wp-content\/uploads\/2017\/12\/logo_decobraz.png\",\"contentUrl\":\"https:\/\/www.entrenenufares.es\/clickandbuilds\/decobraz\/wp-content\/uploads\/2017\/12\/logo_decobraz.png\",\"width\":400,\"height\":107,\"caption\":\"Decobraz Tarimas\"},\"image\":{\"@id\":\"https:\/\/www.entrenenufares.es\/clickandbuilds\/decobraz\/#\/schema\/logo\/image\/\"},\"sameAs\":[\"https:\/\/www.facebook.com\/decobraz\/\",\"https:\/\/www.instagram.com\/decobraztarimas\/\"],\"openingHoursSpecification\":[{\"@type\":\"OpeningHoursSpecification\",\"dayOfWeek\":[\"Monday\",\"Tuesday\",\"Wednesday\",\"Thursday\",\"Friday\",\"Saturday\",\"Sunday\"],\"opens\":\"09:00\",\"closes\":\"17:00\"}]}]}<\/script>\n<!-- \/ Yoast SEO plugin. -->","yoast_head_json":{"title":"Suelos de Parquet: Colecci\u00f3n Pintura de Autor Modelo Roble Dal\u00ed - Decobraz","description":"Parquet Colecci\u00f3n Pintura de Autor Modelo Roble Dal\u00ed Roble Claro. Sus 18 mm de grosor garantiza una pisada s\u00f3lida y una estabilidad superior.","robots":{"index":"noindex","follow":"follow","max-snippet":"max-snippet:-1","max-image-preview":"max-image-preview:large","max-video-preview":"max-video-preview:-1"},"og_locale":"es_ES","og_type":"article","og_title":"Suelos de Parquet: Colecci\u00f3n Pintura de Autor Modelo Roble Dal\u00ed - Decobraz","og_description":"Parquet Colecci\u00f3n Pintura de Autor Modelo Roble Dal\u00ed Roble Claro. Sus 18 mm de grosor garantiza una pisada s\u00f3lida y una estabilidad superior.","og_url":"https:\/\/www.entrenenufares.es\/clickandbuilds\/decobraz\/producto\/roble-dali\/","og_site_name":"Decobraz","article_publisher":"https:\/\/www.facebook.com\/decobraz\/","article_modified_time":"2026-03-31T10:48:55+00:00","og_image":[{"width":800,"height":800,"url":"https:\/\/www.entrenenufares.es\/clickandbuilds\/decobraz\/wp-content\/uploads\/2025\/12\/madera-natural-dali-detalle.webp","type":"image\/webp"}],"twitter_card":"summary_large_image","twitter_misc":{"Tiempo de lectura":"2 minutos"},"schema":{"@context":"https:\/\/schema.org","@graph":[{"@type":"WebPage","@id":"https:\/\/www.entrenenufares.es\/clickandbuilds\/decobraz\/producto\/roble-dali\/","url":"https:\/\/www.entrenenufares.es\/clickandbuilds\/decobraz\/producto\/roble-dali\/","name":"Suelos de Parquet: Colecci\u00f3n Pintura de Autor Modelo Roble Dal\u00ed - Decobraz","isPartOf":{"@id":"https:\/\/www.entrenenufares.es\/clickandbuilds\/decobraz\/#website"},"primaryImageOfPage":{"@id":"https:\/\/www.entrenenufares.es\/clickandbuilds\/decobraz\/producto\/roble-dali\/#primaryimage"},"image":{"@id":"https:\/\/www.entrenenufares.es\/clickandbuilds\/decobraz\/producto\/roble-dali\/#primaryimage"},"thumbnailUrl":"https:\/\/www.entrenenufares.es\/clickandbuilds\/decobraz\/wp-content\/uploads\/2025\/12\/madera-natural-dali-detalle.webp","datePublished":"2025-12-26T11:19:16+00:00","dateModified":"2026-03-31T10:48:55+00:00","description":"Parquet Colecci\u00f3n Pintura de Autor Modelo Roble Dal\u00ed Roble Claro. Sus 18 mm de grosor garantiza una pisada s\u00f3lida y una estabilidad superior.","breadcrumb":{"@id":"https:\/\/www.entrenenufares.es\/clickandbuilds\/decobraz\/producto\/roble-dali\/#breadcrumb"},"inLanguage":"es","potentialAction":[{"@type":"ReadAction","target":["https:\/\/www.entrenenufares.es\/clickandbuilds\/decobraz\/producto\/roble-dali\/"]}]},{"@type":"ImageObject","inLanguage":"es","@id":"https:\/\/www.entrenenufares.es\/clickandbuilds\/decobraz\/producto\/roble-dali\/#primaryimage","url":"https:\/\/www.entrenenufares.es\/clickandbuilds\/decobraz\/wp-content\/uploads\/2025\/12\/madera-natural-dali-detalle.webp","contentUrl":"https:\/\/www.entrenenufares.es\/clickandbuilds\/decobraz\/wp-content\/uploads\/2025\/12\/madera-natural-dali-detalle.webp","width":800,"height":800,"caption":"suelos de parquet"},{"@type":"BreadcrumbList","@id":"https:\/\/www.entrenenufares.es\/clickandbuilds\/decobraz\/producto\/roble-dali\/#breadcrumb","itemListElement":[{"@type":"ListItem","position":1,"name":"Portada","item":"https:\/\/www.entrenenufares.es\/clickandbuilds\/decobraz\/"},{"@type":"ListItem","position":2,"name":"Tienda","item":"https:\/\/www.entrenenufares.es\/clickandbuilds\/decobraz\/tienda\/"},{"@type":"ListItem","position":3,"name":"Maderas de Autor","item":"https:\/\/www.entrenenufares.es\/clickandbuilds\/decobraz\/marcas\/maderas-de-autor\/"},{"@type":"ListItem","position":4,"name":"Roble Dal\u00ed"}]},{"@type":"WebSite","@id":"https:\/\/www.entrenenufares.es\/clickandbuilds\/decobraz\/#website","url":"https:\/\/www.entrenenufares.es\/clickandbuilds\/decobraz\/","name":"Decobraz Tarimas","description":"Decobraz Distribuidor Oficial","publisher":{"@id":"https:\/\/www.entrenenufares.es\/clickandbuilds\/decobraz\/#organization"},"alternateName":"Suelos Decobraz Maderas","potentialAction":[{"@type":"SearchAction","target":{"@type":"EntryPoint","urlTemplate":"https:\/\/www.entrenenufares.es\/clickandbuilds\/decobraz\/?s={search_term_string}"},"query-input":{"@type":"PropertyValueSpecification","valueRequired":true,"valueName":"search_term_string"}}],"inLanguage":"es"},{"@type":["Organization","Place"],"@id":"https:\/\/www.entrenenufares.es\/clickandbuilds\/decobraz\/#organization","name":"Decobraz Tarimas","alternateName":"Tarimas Decobraz","url":"https:\/\/www.entrenenufares.es\/clickandbuilds\/decobraz\/","logo":{"@type":"ImageObject","inLanguage":"es","@id":"https:\/\/www.entrenenufares.es\/clickandbuilds\/decobraz\/#\/schema\/logo\/image\/","url":"https:\/\/www.entrenenufares.es\/clickandbuilds\/decobraz\/wp-content\/uploads\/2017\/12\/logo_decobraz.png","contentUrl":"https:\/\/www.entrenenufares.es\/clickandbuilds\/decobraz\/wp-content\/uploads\/2017\/12\/logo_decobraz.png","width":400,"height":107,"caption":"Decobraz Tarimas"},"image":{"@id":"https:\/\/www.entrenenufares.es\/clickandbuilds\/decobraz\/#\/schema\/logo\/image\/"},"sameAs":["https:\/\/www.facebook.com\/decobraz\/","https:\/\/www.instagram.com\/decobraztarimas\/"],"openingHoursSpecification":[{"@type":"OpeningHoursSpecification","dayOfWeek":["Monday","Tuesday","Wednesday","Thursday","Friday","Saturday","Sunday"],"opens":"09:00","closes":"17:00"}]}]}},"_links":{"self":[{"href":"https:\/\/www.entrenenufares.es\/clickandbuilds\/decobraz\/wp-json\/wp\/v2\/product\/39525","targetHints":{"allow":["GET"]}}],"collection":[{"href":"https:\/\/www.entrenenufares.es\/clickandbuilds\/decobraz\/wp-json\/wp\/v2\/product"}],"about":[{"href":"https:\/\/www.entrenenufares.es\/clickandbuilds\/decobraz\/wp-json\/wp\/v2\/types\/product"}],"replies":[{"embeddable":true,"href":"https:\/\/www.entrenenufares.es\/clickandbuilds\/decobraz\/wp-json\/wp\/v2\/comments?post=39525"}],"version-history":[{"count":1,"href":"https:\/\/www.entrenenufares.es\/clickandbuilds\/decobraz\/wp-json\/wp\/v2\/product\/39525\/revisions"}],"predecessor-version":[{"id":42579,"href":"https:\/\/www.entrenenufares.es\/clickandbuilds\/decobraz\/wp-json\/wp\/v2\/product\/39525\/revisions\/42579"}],"wp:featuredmedia":[{"embeddable":true,"href":"https:\/\/www.entrenenufares.es\/clickandbuilds\/decobraz\/wp-json\/wp\/v2\/media\/39528"}],"wp:attachment":[{"href":"https:\/\/www.entrenenufares.es\/clickandbuilds\/decobraz\/wp-json\/wp\/v2\/media?parent=39525"}],"wp:term":[{"taxonomy":"product_brand","embeddable":true,"href":"https:\/\/www.entrenenufares.es\/clickandbuilds\/decobraz\/wp-json\/wp\/v2\/product_brand?post=39525"},{"taxonomy":"product_cat","embeddable":true,"href":"https:\/\/www.entrenenufares.es\/clickandbuilds\/decobraz\/wp-json\/wp\/v2\/product_cat?post=39525"},{"taxonomy":"product_tag","embeddable":true,"href":"https:\/\/www.entrenenufares.es\/clickandbuilds\/decobraz\/wp-json\/wp\/v2\/product_tag?post=39525"}],"curies":[{"name":"wp","href":"https:\/\/api.w.org\/{rel}","templated":true}]}}