{"id":39447,"date":"2025-12-20T10:57:06","date_gmt":"2025-12-20T08:57:06","guid":{"rendered":"https:\/\/www.entrenenufares.es\/clickandbuilds\/decobraz\/producto\/roble-trufa-2\/"},"modified":"2026-03-31T12:08:32","modified_gmt":"2026-03-31T10:08:32","slug":"roble-trufa-2","status":"publish","type":"product","link":"https:\/\/www.entrenenufares.es\/clickandbuilds\/decobraz\/producto\/roble-trufa-2\/","title":{"rendered":"Roble trufa"},"content":{"rendered":"<p>Los Suelos Laminados de la colecci\u00f3n IMPRESSIVE ULTRA de Quick Step cuentan con una resistencia a las rayaduras diez veces mayor que el resto de suelos, para que pueda disfrutar de un suelo bonito y natural durante m\u00e1s tiempo. Su superficie sellada ofrece una protecci\u00f3n excelente contra la humedad que puedan causar, por ejemplo, bebidas derramadas sobre la superficie.<\/p>\n<p><a href=\"https:\/\/www.entrenenufares.es\/clickandbuilds\/decobraz\/marcas\/quick-step\/?query_type_colecciones=or&amp;filter_colecciones=impressive-ultra\">Impressive Ultra<\/a> es una colecci\u00f3n de suelos laminados que destacan por su acabado y sensaci\u00f3n naturales. Son suelos completamente herm\u00e9ticos con un acabado y sensaci\u00f3n naturales acompa\u00f1ados de una capa protectora adicional para los usos m\u00e1s exigentes.<\/p>\n<p>Impressive de Ultra Quick-Step es una colecci\u00f3n de suelos laminados de tama\u00f1o mediano que presentan un aspecto y un tacto natural excepcionales. Pero eso no es todo: gracias a su singular revestimiento hidr\u00f3fugo HydroSeal, Impressive no solo es un suelo bonito, sino que es tambi\u00e9n el suelo laminado con mayor resistencia al agua que se fabrica en la actualidad.ejemplo, bebidas derramadas sobre la superficie.<\/p>\n<p><a href=\"\/suelos-laminados-quick-step\/laminados-serie-impressive\/\">Impressive<\/a> es una colecci\u00f3n de suelos laminados que destacan por su acabado y sensaci\u00f3n naturales. Son suelos completamente herm\u00e9ticos.<\/p>\n<p>Impressive de Quick-Step es una colecci\u00f3n de suelos laminados de tama\u00f1o mediano que presentan un aspecto y un tacto natural excepcionales. Pero eso no es todo: gracias a su singular revestimiento hidr\u00f3fugo HydroSeal, Impressive no solo es un suelo bonito, sino que es tambi\u00e9n el suelo laminado con mayor resistencia al agua que se fabrica en la actualidad.<\/p>\n","protected":false},"excerpt":{"rendered":"<p><span data-webid=\"description\">LAMINADOS \u2013 IMPRESSIVE ULTRA |<\/span> IMU8256<\/p>\n<p>Suelos laminados hidr\u00f3fugos de tama\u00f1o mediano con bisel.<\/p>\n","protected":false},"featured_media":39398,"comment_status":"open","ping_status":"closed","template":"","meta":[],"product_brand":[1372],"product_cat":[399,192],"product_tag":[1377,194],"class_list":{"0":"post-39447","1":"product","2":"type-product","3":"status-publish","4":"has-post-thumbnail","6":"product_brand-quick-step","7":"product_cat-serie-impressive-ultra","8":"product_cat-suelos-laminados","9":"product_tag-suelos-hidrofugos","10":"product_tag-suelos-laminados-quick-step","11":"yith_product_brand-quick-step","13":"first","14":"instock","15":"taxable","16":"shipping-taxable","17":"purchasable","18":"product-type-simple"},"yoast_head":"<!-- This site is optimized with the Yoast SEO plugin v27.2 - https:\/\/yoast.com\/product\/yoast-seo-wordpress\/ -->\n<title>El suelo laminado Roble trufa de Quick Step: la elecci\u00f3n perfecta para tu hogar - Decobraz<\/title>\n<meta name=\"description\" content=\"Disfruta de un suelo bonito y natural durante m\u00e1s tiempo con los Suelos Laminados Impressive Ultra Quick Step. Resistencia a rayaduras diez veces mayor que el resto.\" \/>\n<meta name=\"robots\" content=\"noindex, follow, max-snippet:-1, max-image-preview:large, max-video-preview:-1\" \/>\n<meta property=\"og:locale\" content=\"es_ES\" \/>\n<meta property=\"og:type\" content=\"article\" \/>\n<meta property=\"og:title\" content=\"El suelo laminado Roble trufa de Quick Step: la elecci\u00f3n perfecta para tu hogar - Decobraz\" \/>\n<meta property=\"og:description\" content=\"Disfruta de un suelo bonito y natural durante m\u00e1s tiempo con los Suelos Laminados Impressive Ultra Quick Step. Resistencia a rayaduras diez veces mayor que el resto.\" \/>\n<meta property=\"og:url\" content=\"https:\/\/www.entrenenufares.es\/clickandbuilds\/decobraz\/producto\/roble-trufa-2\/\" \/>\n<meta property=\"og:site_name\" content=\"Decobraz\" \/>\n<meta property=\"article:publisher\" content=\"https:\/\/www.facebook.com\/decobraz\/\" \/>\n<meta property=\"article:modified_time\" content=\"2026-03-31T10:08:32+00:00\" \/>\n<meta property=\"og:image\" content=\"https:\/\/www.entrenenufares.es\/clickandbuilds\/decobraz\/wp-content\/uploads\/2025\/12\/robletrufa4-1.webp\" \/>\n\t<meta property=\"og:image:width\" content=\"854\" \/>\n\t<meta property=\"og:image:height\" content=\"854\" \/>\n\t<meta property=\"og:image:type\" content=\"image\/jpeg\" \/>\n<meta name=\"twitter:card\" content=\"summary_large_image\" \/>\n<meta name=\"twitter:label1\" content=\"Tiempo de lectura\" \/>\n\t<meta name=\"twitter:data1\" content=\"2 minutos\" \/>\n<script type=\"application\/ld+json\" class=\"yoast-schema-graph\">{\"@context\":\"https:\/\/schema.org\",\"@graph\":[{\"@type\":\"WebPage\",\"@id\":\"https:\/\/www.entrenenufares.es\/clickandbuilds\/decobraz\/producto\/roble-trufa-2\/\",\"url\":\"https:\/\/www.entrenenufares.es\/clickandbuilds\/decobraz\/producto\/roble-trufa-2\/\",\"name\":\"El suelo laminado Roble trufa de Quick Step: la elecci\u00f3n perfecta para tu hogar - Decobraz\",\"isPartOf\":{\"@id\":\"https:\/\/www.entrenenufares.es\/clickandbuilds\/decobraz\/#website\"},\"primaryImageOfPage\":{\"@id\":\"https:\/\/www.entrenenufares.es\/clickandbuilds\/decobraz\/producto\/roble-trufa-2\/#primaryimage\"},\"image\":{\"@id\":\"https:\/\/www.entrenenufares.es\/clickandbuilds\/decobraz\/producto\/roble-trufa-2\/#primaryimage\"},\"thumbnailUrl\":\"https:\/\/www.entrenenufares.es\/clickandbuilds\/decobraz\/wp-content\/uploads\/2025\/12\/robletrufa4-1.webp\",\"datePublished\":\"2025-12-20T08:57:06+00:00\",\"dateModified\":\"2026-03-31T10:08:32+00:00\",\"description\":\"Disfruta de un suelo bonito y natural durante m\u00e1s tiempo con los Suelos Laminados Impressive Ultra Quick Step. Resistencia a rayaduras diez veces mayor que el resto.\",\"breadcrumb\":{\"@id\":\"https:\/\/www.entrenenufares.es\/clickandbuilds\/decobraz\/producto\/roble-trufa-2\/#breadcrumb\"},\"inLanguage\":\"es\",\"potentialAction\":[{\"@type\":\"ReadAction\",\"target\":[\"https:\/\/www.entrenenufares.es\/clickandbuilds\/decobraz\/producto\/roble-trufa-2\/\"]}]},{\"@type\":\"ImageObject\",\"inLanguage\":\"es\",\"@id\":\"https:\/\/www.entrenenufares.es\/clickandbuilds\/decobraz\/producto\/roble-trufa-2\/#primaryimage\",\"url\":\"https:\/\/www.entrenenufares.es\/clickandbuilds\/decobraz\/wp-content\/uploads\/2025\/12\/robletrufa4-1.webp\",\"contentUrl\":\"https:\/\/www.entrenenufares.es\/clickandbuilds\/decobraz\/wp-content\/uploads\/2025\/12\/robletrufa4-1.webp\",\"width\":854,\"height\":854},{\"@type\":\"BreadcrumbList\",\"@id\":\"https:\/\/www.entrenenufares.es\/clickandbuilds\/decobraz\/producto\/roble-trufa-2\/#breadcrumb\",\"itemListElement\":[{\"@type\":\"ListItem\",\"position\":1,\"name\":\"Portada\",\"item\":\"https:\/\/www.entrenenufares.es\/clickandbuilds\/decobraz\/\"},{\"@type\":\"ListItem\",\"position\":2,\"name\":\"Tienda\",\"item\":\"https:\/\/www.entrenenufares.es\/clickandbuilds\/decobraz\/tienda\/\"},{\"@type\":\"ListItem\",\"position\":3,\"name\":\"Quick Step\",\"item\":\"https:\/\/www.entrenenufares.es\/clickandbuilds\/decobraz\/marcas\/quick-step\/\"},{\"@type\":\"ListItem\",\"position\":4,\"name\":\"Roble trufa\"}]},{\"@type\":\"WebSite\",\"@id\":\"https:\/\/www.entrenenufares.es\/clickandbuilds\/decobraz\/#website\",\"url\":\"https:\/\/www.entrenenufares.es\/clickandbuilds\/decobraz\/\",\"name\":\"Decobraz Tarimas\",\"description\":\"Decobraz Distribuidor Oficial\",\"publisher\":{\"@id\":\"https:\/\/www.entrenenufares.es\/clickandbuilds\/decobraz\/#organization\"},\"alternateName\":\"Suelos Decobraz Maderas\",\"potentialAction\":[{\"@type\":\"SearchAction\",\"target\":{\"@type\":\"EntryPoint\",\"urlTemplate\":\"https:\/\/www.entrenenufares.es\/clickandbuilds\/decobraz\/?s={search_term_string}\"},\"query-input\":{\"@type\":\"PropertyValueSpecification\",\"valueRequired\":true,\"valueName\":\"search_term_string\"}}],\"inLanguage\":\"es\"},{\"@type\":[\"Organization\",\"Place\"],\"@id\":\"https:\/\/www.entrenenufares.es\/clickandbuilds\/decobraz\/#organization\",\"name\":\"Decobraz Tarimas\",\"alternateName\":\"Tarimas Decobraz\",\"url\":\"https:\/\/www.entrenenufares.es\/clickandbuilds\/decobraz\/\",\"logo\":{\"@type\":\"ImageObject\",\"inLanguage\":\"es\",\"@id\":\"https:\/\/www.entrenenufares.es\/clickandbuilds\/decobraz\/#\/schema\/logo\/image\/\",\"url\":\"https:\/\/www.entrenenufares.es\/clickandbuilds\/decobraz\/wp-content\/uploads\/2017\/12\/logo_decobraz.png\",\"contentUrl\":\"https:\/\/www.entrenenufares.es\/clickandbuilds\/decobraz\/wp-content\/uploads\/2017\/12\/logo_decobraz.png\",\"width\":400,\"height\":107,\"caption\":\"Decobraz Tarimas\"},\"image\":{\"@id\":\"https:\/\/www.entrenenufares.es\/clickandbuilds\/decobraz\/#\/schema\/logo\/image\/\"},\"sameAs\":[\"https:\/\/www.facebook.com\/decobraz\/\",\"https:\/\/www.instagram.com\/decobraztarimas\/\"],\"openingHoursSpecification\":[{\"@type\":\"OpeningHoursSpecification\",\"dayOfWeek\":[\"Monday\",\"Tuesday\",\"Wednesday\",\"Thursday\",\"Friday\",\"Saturday\",\"Sunday\"],\"opens\":\"09:00\",\"closes\":\"17:00\"}]}]}<\/script>\n<!-- \/ Yoast SEO plugin. -->","yoast_head_json":{"title":"El suelo laminado Roble trufa de Quick Step: la elecci\u00f3n perfecta para tu hogar - Decobraz","description":"Disfruta de un suelo bonito y natural durante m\u00e1s tiempo con los Suelos Laminados Impressive Ultra Quick Step. Resistencia a rayaduras diez veces mayor que el resto.","robots":{"index":"noindex","follow":"follow","max-snippet":"max-snippet:-1","max-image-preview":"max-image-preview:large","max-video-preview":"max-video-preview:-1"},"og_locale":"es_ES","og_type":"article","og_title":"El suelo laminado Roble trufa de Quick Step: la elecci\u00f3n perfecta para tu hogar - Decobraz","og_description":"Disfruta de un suelo bonito y natural durante m\u00e1s tiempo con los Suelos Laminados Impressive Ultra Quick Step. Resistencia a rayaduras diez veces mayor que el resto.","og_url":"https:\/\/www.entrenenufares.es\/clickandbuilds\/decobraz\/producto\/roble-trufa-2\/","og_site_name":"Decobraz","article_publisher":"https:\/\/www.facebook.com\/decobraz\/","article_modified_time":"2026-03-31T10:08:32+00:00","og_image":[{"width":854,"height":854,"url":"https:\/\/www.entrenenufares.es\/clickandbuilds\/decobraz\/wp-content\/uploads\/2025\/12\/robletrufa4-1.webp","type":"image\/jpeg"}],"twitter_card":"summary_large_image","twitter_misc":{"Tiempo de lectura":"2 minutos"},"schema":{"@context":"https:\/\/schema.org","@graph":[{"@type":"WebPage","@id":"https:\/\/www.entrenenufares.es\/clickandbuilds\/decobraz\/producto\/roble-trufa-2\/","url":"https:\/\/www.entrenenufares.es\/clickandbuilds\/decobraz\/producto\/roble-trufa-2\/","name":"El suelo laminado Roble trufa de Quick Step: la elecci\u00f3n perfecta para tu hogar - Decobraz","isPartOf":{"@id":"https:\/\/www.entrenenufares.es\/clickandbuilds\/decobraz\/#website"},"primaryImageOfPage":{"@id":"https:\/\/www.entrenenufares.es\/clickandbuilds\/decobraz\/producto\/roble-trufa-2\/#primaryimage"},"image":{"@id":"https:\/\/www.entrenenufares.es\/clickandbuilds\/decobraz\/producto\/roble-trufa-2\/#primaryimage"},"thumbnailUrl":"https:\/\/www.entrenenufares.es\/clickandbuilds\/decobraz\/wp-content\/uploads\/2025\/12\/robletrufa4-1.webp","datePublished":"2025-12-20T08:57:06+00:00","dateModified":"2026-03-31T10:08:32+00:00","description":"Disfruta de un suelo bonito y natural durante m\u00e1s tiempo con los Suelos Laminados Impressive Ultra Quick Step. Resistencia a rayaduras diez veces mayor que el resto.","breadcrumb":{"@id":"https:\/\/www.entrenenufares.es\/clickandbuilds\/decobraz\/producto\/roble-trufa-2\/#breadcrumb"},"inLanguage":"es","potentialAction":[{"@type":"ReadAction","target":["https:\/\/www.entrenenufares.es\/clickandbuilds\/decobraz\/producto\/roble-trufa-2\/"]}]},{"@type":"ImageObject","inLanguage":"es","@id":"https:\/\/www.entrenenufares.es\/clickandbuilds\/decobraz\/producto\/roble-trufa-2\/#primaryimage","url":"https:\/\/www.entrenenufares.es\/clickandbuilds\/decobraz\/wp-content\/uploads\/2025\/12\/robletrufa4-1.webp","contentUrl":"https:\/\/www.entrenenufares.es\/clickandbuilds\/decobraz\/wp-content\/uploads\/2025\/12\/robletrufa4-1.webp","width":854,"height":854},{"@type":"BreadcrumbList","@id":"https:\/\/www.entrenenufares.es\/clickandbuilds\/decobraz\/producto\/roble-trufa-2\/#breadcrumb","itemListElement":[{"@type":"ListItem","position":1,"name":"Portada","item":"https:\/\/www.entrenenufares.es\/clickandbuilds\/decobraz\/"},{"@type":"ListItem","position":2,"name":"Tienda","item":"https:\/\/www.entrenenufares.es\/clickandbuilds\/decobraz\/tienda\/"},{"@type":"ListItem","position":3,"name":"Quick Step","item":"https:\/\/www.entrenenufares.es\/clickandbuilds\/decobraz\/marcas\/quick-step\/"},{"@type":"ListItem","position":4,"name":"Roble trufa"}]},{"@type":"WebSite","@id":"https:\/\/www.entrenenufares.es\/clickandbuilds\/decobraz\/#website","url":"https:\/\/www.entrenenufares.es\/clickandbuilds\/decobraz\/","name":"Decobraz Tarimas","description":"Decobraz Distribuidor Oficial","publisher":{"@id":"https:\/\/www.entrenenufares.es\/clickandbuilds\/decobraz\/#organization"},"alternateName":"Suelos Decobraz Maderas","potentialAction":[{"@type":"SearchAction","target":{"@type":"EntryPoint","urlTemplate":"https:\/\/www.entrenenufares.es\/clickandbuilds\/decobraz\/?s={search_term_string}"},"query-input":{"@type":"PropertyValueSpecification","valueRequired":true,"valueName":"search_term_string"}}],"inLanguage":"es"},{"@type":["Organization","Place"],"@id":"https:\/\/www.entrenenufares.es\/clickandbuilds\/decobraz\/#organization","name":"Decobraz Tarimas","alternateName":"Tarimas Decobraz","url":"https:\/\/www.entrenenufares.es\/clickandbuilds\/decobraz\/","logo":{"@type":"ImageObject","inLanguage":"es","@id":"https:\/\/www.entrenenufares.es\/clickandbuilds\/decobraz\/#\/schema\/logo\/image\/","url":"https:\/\/www.entrenenufares.es\/clickandbuilds\/decobraz\/wp-content\/uploads\/2017\/12\/logo_decobraz.png","contentUrl":"https:\/\/www.entrenenufares.es\/clickandbuilds\/decobraz\/wp-content\/uploads\/2017\/12\/logo_decobraz.png","width":400,"height":107,"caption":"Decobraz Tarimas"},"image":{"@id":"https:\/\/www.entrenenufares.es\/clickandbuilds\/decobraz\/#\/schema\/logo\/image\/"},"sameAs":["https:\/\/www.facebook.com\/decobraz\/","https:\/\/www.instagram.com\/decobraztarimas\/"],"openingHoursSpecification":[{"@type":"OpeningHoursSpecification","dayOfWeek":["Monday","Tuesday","Wednesday","Thursday","Friday","Saturday","Sunday"],"opens":"09:00","closes":"17:00"}]}]}},"_links":{"self":[{"href":"https:\/\/www.entrenenufares.es\/clickandbuilds\/decobraz\/wp-json\/wp\/v2\/product\/39447","targetHints":{"allow":["GET"]}}],"collection":[{"href":"https:\/\/www.entrenenufares.es\/clickandbuilds\/decobraz\/wp-json\/wp\/v2\/product"}],"about":[{"href":"https:\/\/www.entrenenufares.es\/clickandbuilds\/decobraz\/wp-json\/wp\/v2\/types\/product"}],"replies":[{"embeddable":true,"href":"https:\/\/www.entrenenufares.es\/clickandbuilds\/decobraz\/wp-json\/wp\/v2\/comments?post=39447"}],"version-history":[{"count":1,"href":"https:\/\/www.entrenenufares.es\/clickandbuilds\/decobraz\/wp-json\/wp\/v2\/product\/39447\/revisions"}],"predecessor-version":[{"id":41122,"href":"https:\/\/www.entrenenufares.es\/clickandbuilds\/decobraz\/wp-json\/wp\/v2\/product\/39447\/revisions\/41122"}],"wp:featuredmedia":[{"embeddable":true,"href":"https:\/\/www.entrenenufares.es\/clickandbuilds\/decobraz\/wp-json\/wp\/v2\/media\/39398"}],"wp:attachment":[{"href":"https:\/\/www.entrenenufares.es\/clickandbuilds\/decobraz\/wp-json\/wp\/v2\/media?parent=39447"}],"wp:term":[{"taxonomy":"product_brand","embeddable":true,"href":"https:\/\/www.entrenenufares.es\/clickandbuilds\/decobraz\/wp-json\/wp\/v2\/product_brand?post=39447"},{"taxonomy":"product_cat","embeddable":true,"href":"https:\/\/www.entrenenufares.es\/clickandbuilds\/decobraz\/wp-json\/wp\/v2\/product_cat?post=39447"},{"taxonomy":"product_tag","embeddable":true,"href":"https:\/\/www.entrenenufares.es\/clickandbuilds\/decobraz\/wp-json\/wp\/v2\/product_tag?post=39447"}],"curies":[{"name":"wp","href":"https:\/\/api.w.org\/{rel}","templated":true}]}}