{"id":37857,"date":"2025-10-01T11:24:26","date_gmt":"2025-10-01T09:24:26","guid":{"rendered":"https:\/\/www.entrenenufares.es\/clickandbuilds\/decobraz\/?post_type=product&#038;p=37857"},"modified":"2026-03-31T12:21:37","modified_gmt":"2026-03-31T10:21:37","slug":"roble-dearwood","status":"publish","type":"product","link":"https:\/\/www.entrenenufares.es\/clickandbuilds\/decobraz\/producto\/roble-dearwood\/","title":{"rendered":"Roble DearWood"},"content":{"rendered":"<div class=\"product-lead\">\n<div>Arbiton colecci\u00f3n AMARON HERRINGBONE modelo Roble Dearwood.<\/div>\n<div>\n<div class=\"product-info mt-4 mb-4\">\n<div class=\"product-info-line\">\n<p>Estos\u00a0suelo vin\u00edlico parecen haber llegado directamente del bosque. Un poco r\u00fastica, la madera clara ilumina cada habitaci\u00f3n.<\/p>\n<p>El brillo lo aporta un delicado patr\u00f3n de fibras y variaciones de color. Es un color que se adapta bien tanto en espacios elegantes y amplios como en apartamentos tradicionales. Su discreci\u00f3n permite moldear libremente el espacio alrededor. Por lo tanto, es adecuado para salones minimalistas, dormitorios r\u00fasticos o ba\u00f1os glamurosos. Es uno de los colores m\u00e1s vers\u00e1tiles de la gama.<\/p>\n<p>Un color claro natural de roble con un cepillado oscuro y profundo que destaca la estructura y el dise\u00f1o\u00a0de la madera.<\/p>\n<div class=\"product-info mt-4 mb-4\">\n<div class=\"product-info-line\"><span class=\"product-info-label\">Clase de utilidad:<\/span>\u00a0<span class=\"product-info-value\">23 , 33 , 42<\/span><\/div>\n<div class=\"product-info-line\"><span class=\"product-info-label\">Capa superior (mm) :<\/span>\u00a0<span class=\"product-info-value\">0,55<\/span><\/div>\n<div class=\"product-info-line\"><span class=\"product-info-label\">N\u00famero de color:<\/span>\u00a0<span class=\"product-info-value\">CA 187<\/span><\/div>\n<div class=\"product-info-line\"><span class=\"product-info-label\">Matiz:<\/span>\u00a0<span class=\"product-info-value\">Luz natural<\/span><\/div>\n<div class=\"product-info-line\"><span class=\"product-info-label\">Bisel:<\/span>\u00a0<span class=\"product-info-value\">4V<\/span><\/div>\n<div class=\"product-info-line\"><span class=\"product-info-label\">Longitud (mm):<\/span>\u00a0<span class=\"product-info-value\">592<\/span><\/div>\n<div class=\"product-info-line\"><span class=\"product-info-label\">Ancho (mm):<\/span>\u00a0<span class=\"product-info-value\">148<\/span><\/div>\n<div class=\"product-info-line\"><span class=\"product-info-label\">Garant\u00eda:<\/span>\u00a0<span class=\"product-info-value\">20 a\u00f1os<\/span><\/div>\n<div class=\"product-info-line\"><span class=\"product-info-label\">Tecnolog\u00eda\u00a0de bloqueo:<\/span>\u00a0<span class=\"product-info-value\">5Gi<\/span><\/div>\n<\/div>\n<\/div>\n<\/div>\n<\/div>\n<\/div>\n","protected":false},"excerpt":{"rendered":"<p>Arbiton colecci\u00f3n AMARON HERRINGBONE modelo Roble Dearwood<\/p>\n","protected":false},"featured_media":37858,"comment_status":"open","ping_status":"closed","template":"","meta":[],"product_brand":[1345],"product_cat":[1355,195],"product_tag":[861],"class_list":{"0":"post-37857","1":"product","2":"type-product","3":"status-publish","4":"has-post-thumbnail","6":"product_brand-arbiton","7":"product_cat-amaron-herringbone","8":"product_cat-suelos-de-vinilo","9":"product_tag-suelos-de-vinilo-arbiton","10":"yith_product_brand-arbiton","12":"first","13":"instock","14":"taxable","15":"shipping-taxable","16":"purchasable","17":"product-type-simple"},"yoast_head":"<!-- This site is optimized with the Yoast SEO plugin v27.2 - https:\/\/yoast.com\/product\/yoast-seo-wordpress\/ -->\n<title>Suelo Vin\u00edlico Arbiton Colecci\u00f3n Amaron Herringbone Roble DearWood<\/title>\n<meta name=\"description\" content=\"Suelo vin\u00edlico Arbiton con estilo. Roble DearWood est\u00e1 creado para transformar cualquier espacio y pueden ser instalar en el ic\u00f3nico patr\u00f3n de espiga\" \/>\n<meta name=\"robots\" content=\"noindex, follow, max-snippet:-1, max-image-preview:large, max-video-preview:-1\" \/>\n<meta property=\"og:locale\" content=\"es_ES\" \/>\n<meta property=\"og:type\" content=\"article\" \/>\n<meta property=\"og:title\" content=\"Suelo Vin\u00edlico Arbiton Colecci\u00f3n Amaron Herringbone Roble DearWood\" \/>\n<meta property=\"og:description\" content=\"Suelo vin\u00edlico Arbiton con estilo. Roble DearWood est\u00e1 creado para transformar cualquier espacio y pueden ser instalar en el ic\u00f3nico patr\u00f3n de espiga\" \/>\n<meta property=\"og:url\" content=\"https:\/\/www.entrenenufares.es\/clickandbuilds\/decobraz\/producto\/roble-dearwood\/\" \/>\n<meta property=\"og:site_name\" content=\"Decobraz\" \/>\n<meta property=\"article:publisher\" content=\"https:\/\/www.facebook.com\/decobraz\/\" \/>\n<meta property=\"article:modified_time\" content=\"2026-03-31T10:21:37+00:00\" \/>\n<meta property=\"og:image\" content=\"https:\/\/www.entrenenufares.es\/clickandbuilds\/decobraz\/wp-content\/uploads\/2025\/10\/dear-d-01.webp\" \/>\n\t<meta property=\"og:image:width\" content=\"600\" \/>\n\t<meta property=\"og:image:height\" content=\"600\" \/>\n\t<meta property=\"og:image:type\" content=\"image\/png\" \/>\n<meta name=\"twitter:card\" content=\"summary_large_image\" \/>\n<meta name=\"twitter:label1\" content=\"Tiempo de lectura\" \/>\n\t<meta name=\"twitter:data1\" content=\"2 minutos\" \/>\n<script type=\"application\/ld+json\" class=\"yoast-schema-graph\">{\"@context\":\"https:\/\/schema.org\",\"@graph\":[{\"@type\":\"WebPage\",\"@id\":\"https:\/\/www.entrenenufares.es\/clickandbuilds\/decobraz\/producto\/roble-dearwood\/\",\"url\":\"https:\/\/www.entrenenufares.es\/clickandbuilds\/decobraz\/producto\/roble-dearwood\/\",\"name\":\"Suelo Vin\u00edlico Arbiton Colecci\u00f3n Amaron Herringbone Roble DearWood\",\"isPartOf\":{\"@id\":\"https:\/\/www.entrenenufares.es\/clickandbuilds\/decobraz\/#website\"},\"primaryImageOfPage\":{\"@id\":\"https:\/\/www.entrenenufares.es\/clickandbuilds\/decobraz\/producto\/roble-dearwood\/#primaryimage\"},\"image\":{\"@id\":\"https:\/\/www.entrenenufares.es\/clickandbuilds\/decobraz\/producto\/roble-dearwood\/#primaryimage\"},\"thumbnailUrl\":\"https:\/\/www.entrenenufares.es\/clickandbuilds\/decobraz\/wp-content\/uploads\/2025\/10\/dear-d-01.webp\",\"datePublished\":\"2025-10-01T09:24:26+00:00\",\"dateModified\":\"2026-03-31T10:21:37+00:00\",\"description\":\"Suelo vin\u00edlico Arbiton con estilo. Roble DearWood est\u00e1 creado para transformar cualquier espacio y pueden ser instalar en el ic\u00f3nico patr\u00f3n de espiga\",\"breadcrumb\":{\"@id\":\"https:\/\/www.entrenenufares.es\/clickandbuilds\/decobraz\/producto\/roble-dearwood\/#breadcrumb\"},\"inLanguage\":\"es\",\"potentialAction\":[{\"@type\":\"ReadAction\",\"target\":[\"https:\/\/www.entrenenufares.es\/clickandbuilds\/decobraz\/producto\/roble-dearwood\/\"]}]},{\"@type\":\"ImageObject\",\"inLanguage\":\"es\",\"@id\":\"https:\/\/www.entrenenufares.es\/clickandbuilds\/decobraz\/producto\/roble-dearwood\/#primaryimage\",\"url\":\"https:\/\/www.entrenenufares.es\/clickandbuilds\/decobraz\/wp-content\/uploads\/2025\/10\/dear-d-01.webp\",\"contentUrl\":\"https:\/\/www.entrenenufares.es\/clickandbuilds\/decobraz\/wp-content\/uploads\/2025\/10\/dear-d-01.webp\",\"width\":600,\"height\":600,\"caption\":\"Suelos Vinilicos\"},{\"@type\":\"BreadcrumbList\",\"@id\":\"https:\/\/www.entrenenufares.es\/clickandbuilds\/decobraz\/producto\/roble-dearwood\/#breadcrumb\",\"itemListElement\":[{\"@type\":\"ListItem\",\"position\":1,\"name\":\"Portada\",\"item\":\"https:\/\/www.entrenenufares.es\/clickandbuilds\/decobraz\/\"},{\"@type\":\"ListItem\",\"position\":2,\"name\":\"Tienda\",\"item\":\"https:\/\/www.entrenenufares.es\/clickandbuilds\/decobraz\/tienda\/\"},{\"@type\":\"ListItem\",\"position\":3,\"name\":\"Arbiton\",\"item\":\"https:\/\/www.entrenenufares.es\/clickandbuilds\/decobraz\/marcas\/arbiton\/\"},{\"@type\":\"ListItem\",\"position\":4,\"name\":\"Roble DearWood\"}]},{\"@type\":\"WebSite\",\"@id\":\"https:\/\/www.entrenenufares.es\/clickandbuilds\/decobraz\/#website\",\"url\":\"https:\/\/www.entrenenufares.es\/clickandbuilds\/decobraz\/\",\"name\":\"Decobraz Tarimas\",\"description\":\"Decobraz Distribuidor Oficial\",\"publisher\":{\"@id\":\"https:\/\/www.entrenenufares.es\/clickandbuilds\/decobraz\/#organization\"},\"alternateName\":\"Suelos Decobraz Maderas\",\"potentialAction\":[{\"@type\":\"SearchAction\",\"target\":{\"@type\":\"EntryPoint\",\"urlTemplate\":\"https:\/\/www.entrenenufares.es\/clickandbuilds\/decobraz\/?s={search_term_string}\"},\"query-input\":{\"@type\":\"PropertyValueSpecification\",\"valueRequired\":true,\"valueName\":\"search_term_string\"}}],\"inLanguage\":\"es\"},{\"@type\":[\"Organization\",\"Place\"],\"@id\":\"https:\/\/www.entrenenufares.es\/clickandbuilds\/decobraz\/#organization\",\"name\":\"Decobraz Tarimas\",\"alternateName\":\"Tarimas Decobraz\",\"url\":\"https:\/\/www.entrenenufares.es\/clickandbuilds\/decobraz\/\",\"logo\":{\"@type\":\"ImageObject\",\"inLanguage\":\"es\",\"@id\":\"https:\/\/www.entrenenufares.es\/clickandbuilds\/decobraz\/#\/schema\/logo\/image\/\",\"url\":\"https:\/\/www.entrenenufares.es\/clickandbuilds\/decobraz\/wp-content\/uploads\/2017\/12\/logo_decobraz.png\",\"contentUrl\":\"https:\/\/www.entrenenufares.es\/clickandbuilds\/decobraz\/wp-content\/uploads\/2017\/12\/logo_decobraz.png\",\"width\":400,\"height\":107,\"caption\":\"Decobraz Tarimas\"},\"image\":{\"@id\":\"https:\/\/www.entrenenufares.es\/clickandbuilds\/decobraz\/#\/schema\/logo\/image\/\"},\"sameAs\":[\"https:\/\/www.facebook.com\/decobraz\/\",\"https:\/\/www.instagram.com\/decobraztarimas\/\"],\"openingHoursSpecification\":[{\"@type\":\"OpeningHoursSpecification\",\"dayOfWeek\":[\"Monday\",\"Tuesday\",\"Wednesday\",\"Thursday\",\"Friday\",\"Saturday\",\"Sunday\"],\"opens\":\"09:00\",\"closes\":\"17:00\"}]}]}<\/script>\n<!-- \/ Yoast SEO plugin. -->","yoast_head_json":{"title":"Suelo Vin\u00edlico Arbiton Colecci\u00f3n Amaron Herringbone Roble DearWood","description":"Suelo vin\u00edlico Arbiton con estilo. Roble DearWood est\u00e1 creado para transformar cualquier espacio y pueden ser instalar en el ic\u00f3nico patr\u00f3n de espiga","robots":{"index":"noindex","follow":"follow","max-snippet":"max-snippet:-1","max-image-preview":"max-image-preview:large","max-video-preview":"max-video-preview:-1"},"og_locale":"es_ES","og_type":"article","og_title":"Suelo Vin\u00edlico Arbiton Colecci\u00f3n Amaron Herringbone Roble DearWood","og_description":"Suelo vin\u00edlico Arbiton con estilo. Roble DearWood est\u00e1 creado para transformar cualquier espacio y pueden ser instalar en el ic\u00f3nico patr\u00f3n de espiga","og_url":"https:\/\/www.entrenenufares.es\/clickandbuilds\/decobraz\/producto\/roble-dearwood\/","og_site_name":"Decobraz","article_publisher":"https:\/\/www.facebook.com\/decobraz\/","article_modified_time":"2026-03-31T10:21:37+00:00","og_image":[{"width":600,"height":600,"url":"https:\/\/www.entrenenufares.es\/clickandbuilds\/decobraz\/wp-content\/uploads\/2025\/10\/dear-d-01.webp","type":"image\/png"}],"twitter_card":"summary_large_image","twitter_misc":{"Tiempo de lectura":"2 minutos"},"schema":{"@context":"https:\/\/schema.org","@graph":[{"@type":"WebPage","@id":"https:\/\/www.entrenenufares.es\/clickandbuilds\/decobraz\/producto\/roble-dearwood\/","url":"https:\/\/www.entrenenufares.es\/clickandbuilds\/decobraz\/producto\/roble-dearwood\/","name":"Suelo Vin\u00edlico Arbiton Colecci\u00f3n Amaron Herringbone Roble DearWood","isPartOf":{"@id":"https:\/\/www.entrenenufares.es\/clickandbuilds\/decobraz\/#website"},"primaryImageOfPage":{"@id":"https:\/\/www.entrenenufares.es\/clickandbuilds\/decobraz\/producto\/roble-dearwood\/#primaryimage"},"image":{"@id":"https:\/\/www.entrenenufares.es\/clickandbuilds\/decobraz\/producto\/roble-dearwood\/#primaryimage"},"thumbnailUrl":"https:\/\/www.entrenenufares.es\/clickandbuilds\/decobraz\/wp-content\/uploads\/2025\/10\/dear-d-01.webp","datePublished":"2025-10-01T09:24:26+00:00","dateModified":"2026-03-31T10:21:37+00:00","description":"Suelo vin\u00edlico Arbiton con estilo. Roble DearWood est\u00e1 creado para transformar cualquier espacio y pueden ser instalar en el ic\u00f3nico patr\u00f3n de espiga","breadcrumb":{"@id":"https:\/\/www.entrenenufares.es\/clickandbuilds\/decobraz\/producto\/roble-dearwood\/#breadcrumb"},"inLanguage":"es","potentialAction":[{"@type":"ReadAction","target":["https:\/\/www.entrenenufares.es\/clickandbuilds\/decobraz\/producto\/roble-dearwood\/"]}]},{"@type":"ImageObject","inLanguage":"es","@id":"https:\/\/www.entrenenufares.es\/clickandbuilds\/decobraz\/producto\/roble-dearwood\/#primaryimage","url":"https:\/\/www.entrenenufares.es\/clickandbuilds\/decobraz\/wp-content\/uploads\/2025\/10\/dear-d-01.webp","contentUrl":"https:\/\/www.entrenenufares.es\/clickandbuilds\/decobraz\/wp-content\/uploads\/2025\/10\/dear-d-01.webp","width":600,"height":600,"caption":"Suelos Vinilicos"},{"@type":"BreadcrumbList","@id":"https:\/\/www.entrenenufares.es\/clickandbuilds\/decobraz\/producto\/roble-dearwood\/#breadcrumb","itemListElement":[{"@type":"ListItem","position":1,"name":"Portada","item":"https:\/\/www.entrenenufares.es\/clickandbuilds\/decobraz\/"},{"@type":"ListItem","position":2,"name":"Tienda","item":"https:\/\/www.entrenenufares.es\/clickandbuilds\/decobraz\/tienda\/"},{"@type":"ListItem","position":3,"name":"Arbiton","item":"https:\/\/www.entrenenufares.es\/clickandbuilds\/decobraz\/marcas\/arbiton\/"},{"@type":"ListItem","position":4,"name":"Roble DearWood"}]},{"@type":"WebSite","@id":"https:\/\/www.entrenenufares.es\/clickandbuilds\/decobraz\/#website","url":"https:\/\/www.entrenenufares.es\/clickandbuilds\/decobraz\/","name":"Decobraz Tarimas","description":"Decobraz Distribuidor Oficial","publisher":{"@id":"https:\/\/www.entrenenufares.es\/clickandbuilds\/decobraz\/#organization"},"alternateName":"Suelos Decobraz Maderas","potentialAction":[{"@type":"SearchAction","target":{"@type":"EntryPoint","urlTemplate":"https:\/\/www.entrenenufares.es\/clickandbuilds\/decobraz\/?s={search_term_string}"},"query-input":{"@type":"PropertyValueSpecification","valueRequired":true,"valueName":"search_term_string"}}],"inLanguage":"es"},{"@type":["Organization","Place"],"@id":"https:\/\/www.entrenenufares.es\/clickandbuilds\/decobraz\/#organization","name":"Decobraz Tarimas","alternateName":"Tarimas Decobraz","url":"https:\/\/www.entrenenufares.es\/clickandbuilds\/decobraz\/","logo":{"@type":"ImageObject","inLanguage":"es","@id":"https:\/\/www.entrenenufares.es\/clickandbuilds\/decobraz\/#\/schema\/logo\/image\/","url":"https:\/\/www.entrenenufares.es\/clickandbuilds\/decobraz\/wp-content\/uploads\/2017\/12\/logo_decobraz.png","contentUrl":"https:\/\/www.entrenenufares.es\/clickandbuilds\/decobraz\/wp-content\/uploads\/2017\/12\/logo_decobraz.png","width":400,"height":107,"caption":"Decobraz Tarimas"},"image":{"@id":"https:\/\/www.entrenenufares.es\/clickandbuilds\/decobraz\/#\/schema\/logo\/image\/"},"sameAs":["https:\/\/www.facebook.com\/decobraz\/","https:\/\/www.instagram.com\/decobraztarimas\/"],"openingHoursSpecification":[{"@type":"OpeningHoursSpecification","dayOfWeek":["Monday","Tuesday","Wednesday","Thursday","Friday","Saturday","Sunday"],"opens":"09:00","closes":"17:00"}]}]}},"_links":{"self":[{"href":"https:\/\/www.entrenenufares.es\/clickandbuilds\/decobraz\/wp-json\/wp\/v2\/product\/37857","targetHints":{"allow":["GET"]}}],"collection":[{"href":"https:\/\/www.entrenenufares.es\/clickandbuilds\/decobraz\/wp-json\/wp\/v2\/product"}],"about":[{"href":"https:\/\/www.entrenenufares.es\/clickandbuilds\/decobraz\/wp-json\/wp\/v2\/types\/product"}],"replies":[{"embeddable":true,"href":"https:\/\/www.entrenenufares.es\/clickandbuilds\/decobraz\/wp-json\/wp\/v2\/comments?post=37857"}],"version-history":[{"count":1,"href":"https:\/\/www.entrenenufares.es\/clickandbuilds\/decobraz\/wp-json\/wp\/v2\/product\/37857\/revisions"}],"predecessor-version":[{"id":41638,"href":"https:\/\/www.entrenenufares.es\/clickandbuilds\/decobraz\/wp-json\/wp\/v2\/product\/37857\/revisions\/41638"}],"wp:featuredmedia":[{"embeddable":true,"href":"https:\/\/www.entrenenufares.es\/clickandbuilds\/decobraz\/wp-json\/wp\/v2\/media\/37858"}],"wp:attachment":[{"href":"https:\/\/www.entrenenufares.es\/clickandbuilds\/decobraz\/wp-json\/wp\/v2\/media?parent=37857"}],"wp:term":[{"taxonomy":"product_brand","embeddable":true,"href":"https:\/\/www.entrenenufares.es\/clickandbuilds\/decobraz\/wp-json\/wp\/v2\/product_brand?post=37857"},{"taxonomy":"product_cat","embeddable":true,"href":"https:\/\/www.entrenenufares.es\/clickandbuilds\/decobraz\/wp-json\/wp\/v2\/product_cat?post=37857"},{"taxonomy":"product_tag","embeddable":true,"href":"https:\/\/www.entrenenufares.es\/clickandbuilds\/decobraz\/wp-json\/wp\/v2\/product_tag?post=37857"}],"curies":[{"name":"wp","href":"https:\/\/api.w.org\/{rel}","templated":true}]}}