{"id":37654,"date":"2025-09-25T10:40:49","date_gmt":"2025-09-25T08:40:49","guid":{"rendered":"https:\/\/www.entrenenufares.es\/clickandbuilds\/decobraz\/?post_type=product&#038;p=37654"},"modified":"2026-03-31T12:21:40","modified_gmt":"2026-03-31T10:21:40","slug":"roble-chevalier","status":"publish","type":"product","link":"https:\/\/www.entrenenufares.es\/clickandbuilds\/decobraz\/producto\/roble-chevalier\/","title":{"rendered":"Roble Chevalier"},"content":{"rendered":"<div class=\"product-lead\">\n<div>Arbiton colecci\u00f3n AMARON SUPERIORE modelo Roble Chevalier.<\/div>\n<div>\n<p>El Suelo que Cuenta una Historia: Roble Chevalier de Arbiton. Descubre la autenticidad y el misterio del suelo vin\u00edlico Roble Chevalier, una pieza \u00fanica de la colecci\u00f3n Amaron Superiore EIR de Arbiton. Inspirado en el raro roble anillado de China, este suelo va m\u00e1s all\u00e1 de un simple revestimiento para convertirse en una obra de arte en tu hogar.<\/p>\n<p>Color Indefinido y Aut\u00e9ntico: La magia de Roble Chevalier reside en su color sutil y cambiante. Es un tono dif\u00edcil de definir, que refleja la complejidad y la belleza natural de la madera. Este acabado \u00fanico aporta una autenticidad que transforma cualquier espacio, haci\u00e9ndolo acogedor y lleno de car\u00e1cter.<\/p>\n<p>Textura con EIR (Embossed in Register): La tecnolog\u00eda EIR garantiza que la estructura r\u00fastica del suelo coincida a la perfecci\u00f3n con el dise\u00f1o visual, permiti\u00e9ndote no solo ver la veta de la madera, sino tambi\u00e9n sentirla, lo que a\u00f1ade una capa extra de realismo.<\/p>\n<p>Altas Prestaciones T\u00e9cnicas: Con un grosor de 5 mm y una capa de uso de 0.55 mm, este suelo est\u00e1 dise\u00f1ado para soportar un uso intensivo, incluso en espacios comerciales. Su durabilidad, resistencia a ara\u00f1azos y su cualidad 100% impermeable lo hacen ideal para cualquier estancia, incluyendo ba\u00f1os y cocinas.<\/p>\n<p>Elige Roble Chevalier si buscas un suelo con una personalidad distintiva, que combine la elegancia de un material raro con la tranquilidad de un producto altamente funcional y duradero.<\/p>\n<\/div>\n<\/div>\n<div class=\"product-lead\">\n<div class=\"product-lead\">\n<div class=\"product-info-line\">\n<div class=\"product-info-line\">\n<div class=\"product-info-line\"><span class=\"product-info-label\">Clase de utilidad:<\/span>\u00a0<span class=\"product-info-value\">23 , 33 , 42<\/span><\/div>\n<div class=\"product-info-line\"><span class=\"product-info-label\">Capa superior (mm) :<\/span>\u00a0<span class=\"product-info-value\">0,55<\/span><\/div>\n<div class=\"product-info-line\"><span class=\"product-info-label\">N\u00famero de color:<\/span>\u00a0<span class=\"product-info-value\">CASS 234<\/span><\/div>\n<div class=\"product-info-line\"><span class=\"product-info-label\">Matiz:<\/span>\u00a0<span class=\"product-info-value\">Luz natural<\/span><\/div>\n<div class=\"product-info-line\"><span class=\"product-info-label\">Bisel:<\/span>\u00a0<span class=\"product-info-value\">DESIGN BEVEL<\/span><\/div>\n<div class=\"product-info-line\"><span class=\"product-info-label\">Longitud (mm):<\/span>\u00a0<span class=\"product-info-value\">2 180<\/span><\/div>\n<div class=\"product-info-line\"><span class=\"product-info-label\">Ancho (mm):<\/span>\u00a0<span class=\"product-info-value\">229<\/span><\/div>\n<div class=\"product-info-line\"><span class=\"product-info-label\">Garant\u00eda:<\/span>\u00a0<span class=\"product-info-value\">25 a\u00f1os<\/span><\/div>\n<div class=\"product-info-line\"><span class=\"product-info-label\">Tecnolog\u00eda\u00a0de bloqueo:<\/span>\u00a0<span class=\"product-info-value\">5G<\/span><\/div>\n<\/div>\n<\/div>\n<\/div>\n<\/div>\n","protected":false},"excerpt":{"rendered":"<p>Arbiton colecci\u00f3n AMARON SUPERIORE modelo Roble Chevalier<\/p>\n","protected":false},"featured_media":37657,"comment_status":"open","ping_status":"closed","template":"","meta":[],"product_brand":[1345],"product_cat":[1354,195],"product_tag":[861],"class_list":{"0":"post-37654","1":"product","2":"type-product","3":"status-publish","4":"has-post-thumbnail","6":"product_brand-arbiton","7":"product_cat-amaron-superiore","8":"product_cat-suelos-de-vinilo","9":"product_tag-suelos-de-vinilo-arbiton","10":"yith_product_brand-arbiton","12":"first","13":"instock","14":"taxable","15":"shipping-taxable","16":"purchasable","17":"product-type-simple"},"yoast_head":"<!-- This site is optimized with the Yoast SEO plugin v27.2 - https:\/\/yoast.com\/product\/yoast-seo-wordpress\/ -->\n<title>Suelo Vin\u00edlico Arbiton Colecci\u00f3n Amaron Superiore Roble Chevalier<\/title>\n<meta name=\"description\" content=\"Suelo vin\u00edlico Arbiton con estilo. Roble Chevalier est\u00e1 creado para transformar cualquier espacio, aportando una sensaci\u00f3n de lujo y distinci\u00f3n.\" \/>\n<meta name=\"robots\" content=\"noindex, follow, max-snippet:-1, max-image-preview:large, max-video-preview:-1\" \/>\n<meta property=\"og:locale\" content=\"es_ES\" \/>\n<meta property=\"og:type\" content=\"article\" \/>\n<meta property=\"og:title\" content=\"Suelo Vin\u00edlico Arbiton Colecci\u00f3n Amaron Superiore Roble Chevalier\" \/>\n<meta property=\"og:description\" content=\"Suelo vin\u00edlico Arbiton con estilo. Roble Chevalier est\u00e1 creado para transformar cualquier espacio, aportando una sensaci\u00f3n de lujo y distinci\u00f3n.\" \/>\n<meta property=\"og:url\" content=\"https:\/\/www.entrenenufares.es\/clickandbuilds\/decobraz\/producto\/roble-chevalier\/\" \/>\n<meta property=\"og:site_name\" content=\"Decobraz\" \/>\n<meta property=\"article:publisher\" content=\"https:\/\/www.facebook.com\/decobraz\/\" \/>\n<meta property=\"article:modified_time\" content=\"2026-03-31T10:21:40+00:00\" \/>\n<meta property=\"og:image\" content=\"https:\/\/www.entrenenufares.es\/clickandbuilds\/decobraz\/wp-content\/uploads\/2025\/09\/chev-d-02.webp\" \/>\n\t<meta property=\"og:image:width\" content=\"600\" \/>\n\t<meta property=\"og:image:height\" content=\"600\" \/>\n\t<meta property=\"og:image:type\" content=\"image\/jpeg\" \/>\n<meta name=\"twitter:card\" content=\"summary_large_image\" \/>\n<meta name=\"twitter:label1\" content=\"Tiempo de lectura\" \/>\n\t<meta name=\"twitter:data1\" content=\"3 minutos\" \/>\n<script type=\"application\/ld+json\" class=\"yoast-schema-graph\">{\"@context\":\"https:\/\/schema.org\",\"@graph\":[{\"@type\":\"WebPage\",\"@id\":\"https:\/\/www.entrenenufares.es\/clickandbuilds\/decobraz\/producto\/roble-chevalier\/\",\"url\":\"https:\/\/www.entrenenufares.es\/clickandbuilds\/decobraz\/producto\/roble-chevalier\/\",\"name\":\"Suelo Vin\u00edlico Arbiton Colecci\u00f3n Amaron Superiore Roble Chevalier\",\"isPartOf\":{\"@id\":\"https:\/\/www.entrenenufares.es\/clickandbuilds\/decobraz\/#website\"},\"primaryImageOfPage\":{\"@id\":\"https:\/\/www.entrenenufares.es\/clickandbuilds\/decobraz\/producto\/roble-chevalier\/#primaryimage\"},\"image\":{\"@id\":\"https:\/\/www.entrenenufares.es\/clickandbuilds\/decobraz\/producto\/roble-chevalier\/#primaryimage\"},\"thumbnailUrl\":\"https:\/\/www.entrenenufares.es\/clickandbuilds\/decobraz\/wp-content\/uploads\/2025\/09\/chev-d-02.webp\",\"datePublished\":\"2025-09-25T08:40:49+00:00\",\"dateModified\":\"2026-03-31T10:21:40+00:00\",\"description\":\"Suelo vin\u00edlico Arbiton con estilo. Roble Chevalier est\u00e1 creado para transformar cualquier espacio, aportando una sensaci\u00f3n de lujo y distinci\u00f3n.\",\"breadcrumb\":{\"@id\":\"https:\/\/www.entrenenufares.es\/clickandbuilds\/decobraz\/producto\/roble-chevalier\/#breadcrumb\"},\"inLanguage\":\"es\",\"potentialAction\":[{\"@type\":\"ReadAction\",\"target\":[\"https:\/\/www.entrenenufares.es\/clickandbuilds\/decobraz\/producto\/roble-chevalier\/\"]}]},{\"@type\":\"ImageObject\",\"inLanguage\":\"es\",\"@id\":\"https:\/\/www.entrenenufares.es\/clickandbuilds\/decobraz\/producto\/roble-chevalier\/#primaryimage\",\"url\":\"https:\/\/www.entrenenufares.es\/clickandbuilds\/decobraz\/wp-content\/uploads\/2025\/09\/chev-d-02.webp\",\"contentUrl\":\"https:\/\/www.entrenenufares.es\/clickandbuilds\/decobraz\/wp-content\/uploads\/2025\/09\/chev-d-02.webp\",\"width\":600,\"height\":600,\"caption\":\"Suelo Vinilico\"},{\"@type\":\"BreadcrumbList\",\"@id\":\"https:\/\/www.entrenenufares.es\/clickandbuilds\/decobraz\/producto\/roble-chevalier\/#breadcrumb\",\"itemListElement\":[{\"@type\":\"ListItem\",\"position\":1,\"name\":\"Portada\",\"item\":\"https:\/\/www.entrenenufares.es\/clickandbuilds\/decobraz\/\"},{\"@type\":\"ListItem\",\"position\":2,\"name\":\"Tienda\",\"item\":\"https:\/\/www.entrenenufares.es\/clickandbuilds\/decobraz\/tienda\/\"},{\"@type\":\"ListItem\",\"position\":3,\"name\":\"Arbiton\",\"item\":\"https:\/\/www.entrenenufares.es\/clickandbuilds\/decobraz\/marcas\/arbiton\/\"},{\"@type\":\"ListItem\",\"position\":4,\"name\":\"Roble Chevalier\"}]},{\"@type\":\"WebSite\",\"@id\":\"https:\/\/www.entrenenufares.es\/clickandbuilds\/decobraz\/#website\",\"url\":\"https:\/\/www.entrenenufares.es\/clickandbuilds\/decobraz\/\",\"name\":\"Decobraz Tarimas\",\"description\":\"Decobraz Distribuidor Oficial\",\"publisher\":{\"@id\":\"https:\/\/www.entrenenufares.es\/clickandbuilds\/decobraz\/#organization\"},\"alternateName\":\"Suelos Decobraz Maderas\",\"potentialAction\":[{\"@type\":\"SearchAction\",\"target\":{\"@type\":\"EntryPoint\",\"urlTemplate\":\"https:\/\/www.entrenenufares.es\/clickandbuilds\/decobraz\/?s={search_term_string}\"},\"query-input\":{\"@type\":\"PropertyValueSpecification\",\"valueRequired\":true,\"valueName\":\"search_term_string\"}}],\"inLanguage\":\"es\"},{\"@type\":[\"Organization\",\"Place\"],\"@id\":\"https:\/\/www.entrenenufares.es\/clickandbuilds\/decobraz\/#organization\",\"name\":\"Decobraz Tarimas\",\"alternateName\":\"Tarimas Decobraz\",\"url\":\"https:\/\/www.entrenenufares.es\/clickandbuilds\/decobraz\/\",\"logo\":{\"@type\":\"ImageObject\",\"inLanguage\":\"es\",\"@id\":\"https:\/\/www.entrenenufares.es\/clickandbuilds\/decobraz\/#\/schema\/logo\/image\/\",\"url\":\"https:\/\/www.entrenenufares.es\/clickandbuilds\/decobraz\/wp-content\/uploads\/2017\/12\/logo_decobraz.png\",\"contentUrl\":\"https:\/\/www.entrenenufares.es\/clickandbuilds\/decobraz\/wp-content\/uploads\/2017\/12\/logo_decobraz.png\",\"width\":400,\"height\":107,\"caption\":\"Decobraz Tarimas\"},\"image\":{\"@id\":\"https:\/\/www.entrenenufares.es\/clickandbuilds\/decobraz\/#\/schema\/logo\/image\/\"},\"sameAs\":[\"https:\/\/www.facebook.com\/decobraz\/\",\"https:\/\/www.instagram.com\/decobraztarimas\/\"],\"openingHoursSpecification\":[{\"@type\":\"OpeningHoursSpecification\",\"dayOfWeek\":[\"Monday\",\"Tuesday\",\"Wednesday\",\"Thursday\",\"Friday\",\"Saturday\",\"Sunday\"],\"opens\":\"09:00\",\"closes\":\"17:00\"}]}]}<\/script>\n<!-- \/ Yoast SEO plugin. -->","yoast_head_json":{"title":"Suelo Vin\u00edlico Arbiton Colecci\u00f3n Amaron Superiore Roble Chevalier","description":"Suelo vin\u00edlico Arbiton con estilo. Roble Chevalier est\u00e1 creado para transformar cualquier espacio, aportando una sensaci\u00f3n de lujo y distinci\u00f3n.","robots":{"index":"noindex","follow":"follow","max-snippet":"max-snippet:-1","max-image-preview":"max-image-preview:large","max-video-preview":"max-video-preview:-1"},"og_locale":"es_ES","og_type":"article","og_title":"Suelo Vin\u00edlico Arbiton Colecci\u00f3n Amaron Superiore Roble Chevalier","og_description":"Suelo vin\u00edlico Arbiton con estilo. Roble Chevalier est\u00e1 creado para transformar cualquier espacio, aportando una sensaci\u00f3n de lujo y distinci\u00f3n.","og_url":"https:\/\/www.entrenenufares.es\/clickandbuilds\/decobraz\/producto\/roble-chevalier\/","og_site_name":"Decobraz","article_publisher":"https:\/\/www.facebook.com\/decobraz\/","article_modified_time":"2026-03-31T10:21:40+00:00","og_image":[{"width":600,"height":600,"url":"https:\/\/www.entrenenufares.es\/clickandbuilds\/decobraz\/wp-content\/uploads\/2025\/09\/chev-d-02.webp","type":"image\/jpeg"}],"twitter_card":"summary_large_image","twitter_misc":{"Tiempo de lectura":"3 minutos"},"schema":{"@context":"https:\/\/schema.org","@graph":[{"@type":"WebPage","@id":"https:\/\/www.entrenenufares.es\/clickandbuilds\/decobraz\/producto\/roble-chevalier\/","url":"https:\/\/www.entrenenufares.es\/clickandbuilds\/decobraz\/producto\/roble-chevalier\/","name":"Suelo Vin\u00edlico Arbiton Colecci\u00f3n Amaron Superiore Roble Chevalier","isPartOf":{"@id":"https:\/\/www.entrenenufares.es\/clickandbuilds\/decobraz\/#website"},"primaryImageOfPage":{"@id":"https:\/\/www.entrenenufares.es\/clickandbuilds\/decobraz\/producto\/roble-chevalier\/#primaryimage"},"image":{"@id":"https:\/\/www.entrenenufares.es\/clickandbuilds\/decobraz\/producto\/roble-chevalier\/#primaryimage"},"thumbnailUrl":"https:\/\/www.entrenenufares.es\/clickandbuilds\/decobraz\/wp-content\/uploads\/2025\/09\/chev-d-02.webp","datePublished":"2025-09-25T08:40:49+00:00","dateModified":"2026-03-31T10:21:40+00:00","description":"Suelo vin\u00edlico Arbiton con estilo. Roble Chevalier est\u00e1 creado para transformar cualquier espacio, aportando una sensaci\u00f3n de lujo y distinci\u00f3n.","breadcrumb":{"@id":"https:\/\/www.entrenenufares.es\/clickandbuilds\/decobraz\/producto\/roble-chevalier\/#breadcrumb"},"inLanguage":"es","potentialAction":[{"@type":"ReadAction","target":["https:\/\/www.entrenenufares.es\/clickandbuilds\/decobraz\/producto\/roble-chevalier\/"]}]},{"@type":"ImageObject","inLanguage":"es","@id":"https:\/\/www.entrenenufares.es\/clickandbuilds\/decobraz\/producto\/roble-chevalier\/#primaryimage","url":"https:\/\/www.entrenenufares.es\/clickandbuilds\/decobraz\/wp-content\/uploads\/2025\/09\/chev-d-02.webp","contentUrl":"https:\/\/www.entrenenufares.es\/clickandbuilds\/decobraz\/wp-content\/uploads\/2025\/09\/chev-d-02.webp","width":600,"height":600,"caption":"Suelo Vinilico"},{"@type":"BreadcrumbList","@id":"https:\/\/www.entrenenufares.es\/clickandbuilds\/decobraz\/producto\/roble-chevalier\/#breadcrumb","itemListElement":[{"@type":"ListItem","position":1,"name":"Portada","item":"https:\/\/www.entrenenufares.es\/clickandbuilds\/decobraz\/"},{"@type":"ListItem","position":2,"name":"Tienda","item":"https:\/\/www.entrenenufares.es\/clickandbuilds\/decobraz\/tienda\/"},{"@type":"ListItem","position":3,"name":"Arbiton","item":"https:\/\/www.entrenenufares.es\/clickandbuilds\/decobraz\/marcas\/arbiton\/"},{"@type":"ListItem","position":4,"name":"Roble Chevalier"}]},{"@type":"WebSite","@id":"https:\/\/www.entrenenufares.es\/clickandbuilds\/decobraz\/#website","url":"https:\/\/www.entrenenufares.es\/clickandbuilds\/decobraz\/","name":"Decobraz Tarimas","description":"Decobraz Distribuidor Oficial","publisher":{"@id":"https:\/\/www.entrenenufares.es\/clickandbuilds\/decobraz\/#organization"},"alternateName":"Suelos Decobraz Maderas","potentialAction":[{"@type":"SearchAction","target":{"@type":"EntryPoint","urlTemplate":"https:\/\/www.entrenenufares.es\/clickandbuilds\/decobraz\/?s={search_term_string}"},"query-input":{"@type":"PropertyValueSpecification","valueRequired":true,"valueName":"search_term_string"}}],"inLanguage":"es"},{"@type":["Organization","Place"],"@id":"https:\/\/www.entrenenufares.es\/clickandbuilds\/decobraz\/#organization","name":"Decobraz Tarimas","alternateName":"Tarimas Decobraz","url":"https:\/\/www.entrenenufares.es\/clickandbuilds\/decobraz\/","logo":{"@type":"ImageObject","inLanguage":"es","@id":"https:\/\/www.entrenenufares.es\/clickandbuilds\/decobraz\/#\/schema\/logo\/image\/","url":"https:\/\/www.entrenenufares.es\/clickandbuilds\/decobraz\/wp-content\/uploads\/2017\/12\/logo_decobraz.png","contentUrl":"https:\/\/www.entrenenufares.es\/clickandbuilds\/decobraz\/wp-content\/uploads\/2017\/12\/logo_decobraz.png","width":400,"height":107,"caption":"Decobraz Tarimas"},"image":{"@id":"https:\/\/www.entrenenufares.es\/clickandbuilds\/decobraz\/#\/schema\/logo\/image\/"},"sameAs":["https:\/\/www.facebook.com\/decobraz\/","https:\/\/www.instagram.com\/decobraztarimas\/"],"openingHoursSpecification":[{"@type":"OpeningHoursSpecification","dayOfWeek":["Monday","Tuesday","Wednesday","Thursday","Friday","Saturday","Sunday"],"opens":"09:00","closes":"17:00"}]}]}},"_links":{"self":[{"href":"https:\/\/www.entrenenufares.es\/clickandbuilds\/decobraz\/wp-json\/wp\/v2\/product\/37654","targetHints":{"allow":["GET"]}}],"collection":[{"href":"https:\/\/www.entrenenufares.es\/clickandbuilds\/decobraz\/wp-json\/wp\/v2\/product"}],"about":[{"href":"https:\/\/www.entrenenufares.es\/clickandbuilds\/decobraz\/wp-json\/wp\/v2\/types\/product"}],"replies":[{"embeddable":true,"href":"https:\/\/www.entrenenufares.es\/clickandbuilds\/decobraz\/wp-json\/wp\/v2\/comments?post=37654"}],"version-history":[{"count":1,"href":"https:\/\/www.entrenenufares.es\/clickandbuilds\/decobraz\/wp-json\/wp\/v2\/product\/37654\/revisions"}],"predecessor-version":[{"id":41657,"href":"https:\/\/www.entrenenufares.es\/clickandbuilds\/decobraz\/wp-json\/wp\/v2\/product\/37654\/revisions\/41657"}],"wp:featuredmedia":[{"embeddable":true,"href":"https:\/\/www.entrenenufares.es\/clickandbuilds\/decobraz\/wp-json\/wp\/v2\/media\/37657"}],"wp:attachment":[{"href":"https:\/\/www.entrenenufares.es\/clickandbuilds\/decobraz\/wp-json\/wp\/v2\/media?parent=37654"}],"wp:term":[{"taxonomy":"product_brand","embeddable":true,"href":"https:\/\/www.entrenenufares.es\/clickandbuilds\/decobraz\/wp-json\/wp\/v2\/product_brand?post=37654"},{"taxonomy":"product_cat","embeddable":true,"href":"https:\/\/www.entrenenufares.es\/clickandbuilds\/decobraz\/wp-json\/wp\/v2\/product_cat?post=37654"},{"taxonomy":"product_tag","embeddable":true,"href":"https:\/\/www.entrenenufares.es\/clickandbuilds\/decobraz\/wp-json\/wp\/v2\/product_tag?post=37654"}],"curies":[{"name":"wp","href":"https:\/\/api.w.org\/{rel}","templated":true}]}}