{"id":37576,"date":"2025-09-24T11:51:33","date_gmt":"2025-09-24T09:51:33","guid":{"rendered":"https:\/\/www.entrenenufares.es\/clickandbuilds\/decobraz\/?post_type=product&#038;p=37576"},"modified":"2026-03-31T12:21:43","modified_gmt":"2026-03-31T10:21:43","slug":"ninaventura-graphite","status":"publish","type":"product","link":"https:\/\/www.entrenenufares.es\/clickandbuilds\/decobraz\/producto\/ninaventura-graphite\/","title":{"rendered":"Ninaventura Graphite"},"content":{"rendered":"<div class=\"product-lead\">\n<p>Ninaventura Graphite: Suelo vin\u00edlico elegante con un tono grafito intenso.<\/p>\n<p>Descubre el suelo vin\u00edlico Ninaventura Graphite de la colecci\u00f3n Amaron FORMA, que aportar\u00e1 a tu interior un car\u00e1cter moderno e industrial. Estos paneles, inspirados en hormig\u00f3n oscuro con agregados distintivos, combinan una durabilidad excepcional con una apariencia realista de hormig\u00f3n crudo. Gracias al sistema de cierre 5G CROSS, la instalaci\u00f3n es r\u00e1pida y sencilla. El tono grafito y las ricas texturas del hormig\u00f3n introducen elegancia refinada y estilo en tu interior. Elige Ninaventura Graphite para realzar el car\u00e1cter moderno de tu espacio.<\/p>\n<\/div>\n<div class=\"product-info mt-4 mb-4\">\n<div class=\"product-info-line\"><span class=\"product-info-label\">Clase de utilidad:<\/span>\u00a0<span class=\"product-info-value\">33 , 42<\/span><\/div>\n<div class=\"product-info-line\"><span class=\"product-info-label\">Capa superior (mm) :<\/span>\u00a0<span class=\"product-info-value\">0,55<\/span><\/div>\n<div class=\"product-info-line\"><span class=\"product-info-label\">N\u00famero de color:<\/span>\u00a0<span class=\"product-info-value\">CAF 259<\/span><\/div>\n<div class=\"product-info-line\"><span class=\"product-info-label\">Matiz:<\/span>\u00a0<span class=\"product-info-value\">Oscuro<\/span><\/div>\n<div class=\"product-info-line\"><span class=\"product-info-label\">Bisel:<\/span>\u00a0<span class=\"product-info-value\">DESIGN BEVEL<\/span><\/div>\n<div class=\"product-info-line\"><span class=\"product-info-label\">Longitud (mm):<\/span>\u00a0<span class=\"product-info-value\">914<\/span><\/div>\n<div class=\"product-info-line\"><span class=\"product-info-label\">Ancho (mm):<\/span>\u00a0<span class=\"product-info-value\">457<\/span><\/div>\n<div class=\"product-info-line\"><span class=\"product-info-label\">Garant\u00eda:<\/span>\u00a0<span class=\"product-info-value\">25 a\u00f1os<\/span><\/div>\n<div class=\"product-info-line\"><span class=\"product-info-label\">Tecnolog\u00eda\u00a0de bloqueo:<\/span>\u00a0<span class=\"product-info-value\">5G Cross<\/span><\/div>\n<\/div>\n","protected":false},"excerpt":{"rendered":"<p>Arbiton colecci\u00f3n AMARON FORMA modelo Ninaventura Graphite<\/p>\n","protected":false},"featured_media":37578,"comment_status":"open","ping_status":"closed","template":"","meta":[],"product_brand":[1345],"product_cat":[1343,195],"product_tag":[861],"class_list":{"0":"post-37576","1":"product","2":"type-product","3":"status-publish","4":"has-post-thumbnail","6":"product_brand-arbiton","7":"product_cat-amaron-forma","8":"product_cat-suelos-de-vinilo","9":"product_tag-suelos-de-vinilo-arbiton","10":"yith_product_brand-arbiton","12":"first","13":"instock","14":"taxable","15":"shipping-taxable","16":"purchasable","17":"product-type-simple"},"yoast_head":"<!-- This site is optimized with the Yoast SEO plugin v27.2 - https:\/\/yoast.com\/product\/yoast-seo-wordpress\/ -->\n<title>Suelo De Vinilo Arbiton Colecci\u00f3n Amaron Forma Ninaventura Graphite<\/title>\n<meta name=\"description\" content=\"Renueva tus suelos con estilo gracias a los suelos de vinilo Arbiton. Descubre el dise\u00f1o de madera y poro sincronizado de nuestro Ninaventura Graphite en clic. \u00a1Haz clic aqu\u00ed para m\u00e1s informaci\u00f3n!\" \/>\n<meta name=\"robots\" content=\"noindex, follow, max-snippet:-1, max-image-preview:large, max-video-preview:-1\" \/>\n<meta property=\"og:locale\" content=\"es_ES\" \/>\n<meta property=\"og:type\" content=\"article\" \/>\n<meta property=\"og:title\" content=\"Suelo De Vinilo Arbiton Colecci\u00f3n Amaron Forma Ninaventura Graphite\" \/>\n<meta property=\"og:description\" content=\"Renueva tus suelos con estilo gracias a los suelos de vinilo Arbiton. Descubre el dise\u00f1o de madera y poro sincronizado de nuestro Ninaventura Graphite en clic. \u00a1Haz clic aqu\u00ed para m\u00e1s informaci\u00f3n!\" \/>\n<meta property=\"og:url\" content=\"https:\/\/www.entrenenufares.es\/clickandbuilds\/decobraz\/producto\/ninaventura-graphite\/\" \/>\n<meta property=\"og:site_name\" content=\"Decobraz\" \/>\n<meta property=\"article:publisher\" content=\"https:\/\/www.facebook.com\/decobraz\/\" \/>\n<meta property=\"article:modified_time\" content=\"2026-03-31T10:21:43+00:00\" \/>\n<meta property=\"og:image\" content=\"https:\/\/www.entrenenufares.es\/clickandbuilds\/decobraz\/wp-content\/uploads\/2025\/09\/nina-d-01.webp\" \/>\n\t<meta property=\"og:image:width\" content=\"600\" \/>\n\t<meta property=\"og:image:height\" content=\"600\" \/>\n\t<meta property=\"og:image:type\" content=\"image\/jpeg\" \/>\n<meta name=\"twitter:card\" content=\"summary_large_image\" \/>\n<meta name=\"twitter:label1\" content=\"Tiempo de lectura\" \/>\n\t<meta name=\"twitter:data1\" content=\"2 minutos\" \/>\n<script type=\"application\/ld+json\" class=\"yoast-schema-graph\">{\"@context\":\"https:\/\/schema.org\",\"@graph\":[{\"@type\":\"WebPage\",\"@id\":\"https:\/\/www.entrenenufares.es\/clickandbuilds\/decobraz\/producto\/ninaventura-graphite\/\",\"url\":\"https:\/\/www.entrenenufares.es\/clickandbuilds\/decobraz\/producto\/ninaventura-graphite\/\",\"name\":\"Suelo De Vinilo Arbiton Colecci\u00f3n Amaron Forma Ninaventura Graphite\",\"isPartOf\":{\"@id\":\"https:\/\/www.entrenenufares.es\/clickandbuilds\/decobraz\/#website\"},\"primaryImageOfPage\":{\"@id\":\"https:\/\/www.entrenenufares.es\/clickandbuilds\/decobraz\/producto\/ninaventura-graphite\/#primaryimage\"},\"image\":{\"@id\":\"https:\/\/www.entrenenufares.es\/clickandbuilds\/decobraz\/producto\/ninaventura-graphite\/#primaryimage\"},\"thumbnailUrl\":\"https:\/\/www.entrenenufares.es\/clickandbuilds\/decobraz\/wp-content\/uploads\/2025\/09\/nina-d-01.webp\",\"datePublished\":\"2025-09-24T09:51:33+00:00\",\"dateModified\":\"2026-03-31T10:21:43+00:00\",\"description\":\"Renueva tus suelos con estilo gracias a los suelos de vinilo Arbiton. Descubre el dise\u00f1o de madera y poro sincronizado de nuestro Ninaventura Graphite en clic. \u00a1Haz clic aqu\u00ed para m\u00e1s informaci\u00f3n!\",\"breadcrumb\":{\"@id\":\"https:\/\/www.entrenenufares.es\/clickandbuilds\/decobraz\/producto\/ninaventura-graphite\/#breadcrumb\"},\"inLanguage\":\"es\",\"potentialAction\":[{\"@type\":\"ReadAction\",\"target\":[\"https:\/\/www.entrenenufares.es\/clickandbuilds\/decobraz\/producto\/ninaventura-graphite\/\"]}]},{\"@type\":\"ImageObject\",\"inLanguage\":\"es\",\"@id\":\"https:\/\/www.entrenenufares.es\/clickandbuilds\/decobraz\/producto\/ninaventura-graphite\/#primaryimage\",\"url\":\"https:\/\/www.entrenenufares.es\/clickandbuilds\/decobraz\/wp-content\/uploads\/2025\/09\/nina-d-01.webp\",\"contentUrl\":\"https:\/\/www.entrenenufares.es\/clickandbuilds\/decobraz\/wp-content\/uploads\/2025\/09\/nina-d-01.webp\",\"width\":600,\"height\":600,\"caption\":\"suelo de vinilo\"},{\"@type\":\"BreadcrumbList\",\"@id\":\"https:\/\/www.entrenenufares.es\/clickandbuilds\/decobraz\/producto\/ninaventura-graphite\/#breadcrumb\",\"itemListElement\":[{\"@type\":\"ListItem\",\"position\":1,\"name\":\"Portada\",\"item\":\"https:\/\/www.entrenenufares.es\/clickandbuilds\/decobraz\/\"},{\"@type\":\"ListItem\",\"position\":2,\"name\":\"Tienda\",\"item\":\"https:\/\/www.entrenenufares.es\/clickandbuilds\/decobraz\/tienda\/\"},{\"@type\":\"ListItem\",\"position\":3,\"name\":\"Arbiton\",\"item\":\"https:\/\/www.entrenenufares.es\/clickandbuilds\/decobraz\/marcas\/arbiton\/\"},{\"@type\":\"ListItem\",\"position\":4,\"name\":\"Ninaventura Graphite\"}]},{\"@type\":\"WebSite\",\"@id\":\"https:\/\/www.entrenenufares.es\/clickandbuilds\/decobraz\/#website\",\"url\":\"https:\/\/www.entrenenufares.es\/clickandbuilds\/decobraz\/\",\"name\":\"Decobraz Tarimas\",\"description\":\"Decobraz Distribuidor Oficial\",\"publisher\":{\"@id\":\"https:\/\/www.entrenenufares.es\/clickandbuilds\/decobraz\/#organization\"},\"alternateName\":\"Suelos Decobraz Maderas\",\"potentialAction\":[{\"@type\":\"SearchAction\",\"target\":{\"@type\":\"EntryPoint\",\"urlTemplate\":\"https:\/\/www.entrenenufares.es\/clickandbuilds\/decobraz\/?s={search_term_string}\"},\"query-input\":{\"@type\":\"PropertyValueSpecification\",\"valueRequired\":true,\"valueName\":\"search_term_string\"}}],\"inLanguage\":\"es\"},{\"@type\":[\"Organization\",\"Place\"],\"@id\":\"https:\/\/www.entrenenufares.es\/clickandbuilds\/decobraz\/#organization\",\"name\":\"Decobraz Tarimas\",\"alternateName\":\"Tarimas Decobraz\",\"url\":\"https:\/\/www.entrenenufares.es\/clickandbuilds\/decobraz\/\",\"logo\":{\"@type\":\"ImageObject\",\"inLanguage\":\"es\",\"@id\":\"https:\/\/www.entrenenufares.es\/clickandbuilds\/decobraz\/#\/schema\/logo\/image\/\",\"url\":\"https:\/\/www.entrenenufares.es\/clickandbuilds\/decobraz\/wp-content\/uploads\/2017\/12\/logo_decobraz.png\",\"contentUrl\":\"https:\/\/www.entrenenufares.es\/clickandbuilds\/decobraz\/wp-content\/uploads\/2017\/12\/logo_decobraz.png\",\"width\":400,\"height\":107,\"caption\":\"Decobraz Tarimas\"},\"image\":{\"@id\":\"https:\/\/www.entrenenufares.es\/clickandbuilds\/decobraz\/#\/schema\/logo\/image\/\"},\"sameAs\":[\"https:\/\/www.facebook.com\/decobraz\/\",\"https:\/\/www.instagram.com\/decobraztarimas\/\"],\"openingHoursSpecification\":[{\"@type\":\"OpeningHoursSpecification\",\"dayOfWeek\":[\"Monday\",\"Tuesday\",\"Wednesday\",\"Thursday\",\"Friday\",\"Saturday\",\"Sunday\"],\"opens\":\"09:00\",\"closes\":\"17:00\"}]}]}<\/script>\n<!-- \/ Yoast SEO plugin. -->","yoast_head_json":{"title":"Suelo De Vinilo Arbiton Colecci\u00f3n Amaron Forma Ninaventura Graphite","description":"Renueva tus suelos con estilo gracias a los suelos de vinilo Arbiton. Descubre el dise\u00f1o de madera y poro sincronizado de nuestro Ninaventura Graphite en clic. \u00a1Haz clic aqu\u00ed para m\u00e1s informaci\u00f3n!","robots":{"index":"noindex","follow":"follow","max-snippet":"max-snippet:-1","max-image-preview":"max-image-preview:large","max-video-preview":"max-video-preview:-1"},"og_locale":"es_ES","og_type":"article","og_title":"Suelo De Vinilo Arbiton Colecci\u00f3n Amaron Forma Ninaventura Graphite","og_description":"Renueva tus suelos con estilo gracias a los suelos de vinilo Arbiton. Descubre el dise\u00f1o de madera y poro sincronizado de nuestro Ninaventura Graphite en clic. \u00a1Haz clic aqu\u00ed para m\u00e1s informaci\u00f3n!","og_url":"https:\/\/www.entrenenufares.es\/clickandbuilds\/decobraz\/producto\/ninaventura-graphite\/","og_site_name":"Decobraz","article_publisher":"https:\/\/www.facebook.com\/decobraz\/","article_modified_time":"2026-03-31T10:21:43+00:00","og_image":[{"width":600,"height":600,"url":"https:\/\/www.entrenenufares.es\/clickandbuilds\/decobraz\/wp-content\/uploads\/2025\/09\/nina-d-01.webp","type":"image\/jpeg"}],"twitter_card":"summary_large_image","twitter_misc":{"Tiempo de lectura":"2 minutos"},"schema":{"@context":"https:\/\/schema.org","@graph":[{"@type":"WebPage","@id":"https:\/\/www.entrenenufares.es\/clickandbuilds\/decobraz\/producto\/ninaventura-graphite\/","url":"https:\/\/www.entrenenufares.es\/clickandbuilds\/decobraz\/producto\/ninaventura-graphite\/","name":"Suelo De Vinilo Arbiton Colecci\u00f3n Amaron Forma Ninaventura Graphite","isPartOf":{"@id":"https:\/\/www.entrenenufares.es\/clickandbuilds\/decobraz\/#website"},"primaryImageOfPage":{"@id":"https:\/\/www.entrenenufares.es\/clickandbuilds\/decobraz\/producto\/ninaventura-graphite\/#primaryimage"},"image":{"@id":"https:\/\/www.entrenenufares.es\/clickandbuilds\/decobraz\/producto\/ninaventura-graphite\/#primaryimage"},"thumbnailUrl":"https:\/\/www.entrenenufares.es\/clickandbuilds\/decobraz\/wp-content\/uploads\/2025\/09\/nina-d-01.webp","datePublished":"2025-09-24T09:51:33+00:00","dateModified":"2026-03-31T10:21:43+00:00","description":"Renueva tus suelos con estilo gracias a los suelos de vinilo Arbiton. Descubre el dise\u00f1o de madera y poro sincronizado de nuestro Ninaventura Graphite en clic. \u00a1Haz clic aqu\u00ed para m\u00e1s informaci\u00f3n!","breadcrumb":{"@id":"https:\/\/www.entrenenufares.es\/clickandbuilds\/decobraz\/producto\/ninaventura-graphite\/#breadcrumb"},"inLanguage":"es","potentialAction":[{"@type":"ReadAction","target":["https:\/\/www.entrenenufares.es\/clickandbuilds\/decobraz\/producto\/ninaventura-graphite\/"]}]},{"@type":"ImageObject","inLanguage":"es","@id":"https:\/\/www.entrenenufares.es\/clickandbuilds\/decobraz\/producto\/ninaventura-graphite\/#primaryimage","url":"https:\/\/www.entrenenufares.es\/clickandbuilds\/decobraz\/wp-content\/uploads\/2025\/09\/nina-d-01.webp","contentUrl":"https:\/\/www.entrenenufares.es\/clickandbuilds\/decobraz\/wp-content\/uploads\/2025\/09\/nina-d-01.webp","width":600,"height":600,"caption":"suelo de vinilo"},{"@type":"BreadcrumbList","@id":"https:\/\/www.entrenenufares.es\/clickandbuilds\/decobraz\/producto\/ninaventura-graphite\/#breadcrumb","itemListElement":[{"@type":"ListItem","position":1,"name":"Portada","item":"https:\/\/www.entrenenufares.es\/clickandbuilds\/decobraz\/"},{"@type":"ListItem","position":2,"name":"Tienda","item":"https:\/\/www.entrenenufares.es\/clickandbuilds\/decobraz\/tienda\/"},{"@type":"ListItem","position":3,"name":"Arbiton","item":"https:\/\/www.entrenenufares.es\/clickandbuilds\/decobraz\/marcas\/arbiton\/"},{"@type":"ListItem","position":4,"name":"Ninaventura Graphite"}]},{"@type":"WebSite","@id":"https:\/\/www.entrenenufares.es\/clickandbuilds\/decobraz\/#website","url":"https:\/\/www.entrenenufares.es\/clickandbuilds\/decobraz\/","name":"Decobraz Tarimas","description":"Decobraz Distribuidor Oficial","publisher":{"@id":"https:\/\/www.entrenenufares.es\/clickandbuilds\/decobraz\/#organization"},"alternateName":"Suelos Decobraz Maderas","potentialAction":[{"@type":"SearchAction","target":{"@type":"EntryPoint","urlTemplate":"https:\/\/www.entrenenufares.es\/clickandbuilds\/decobraz\/?s={search_term_string}"},"query-input":{"@type":"PropertyValueSpecification","valueRequired":true,"valueName":"search_term_string"}}],"inLanguage":"es"},{"@type":["Organization","Place"],"@id":"https:\/\/www.entrenenufares.es\/clickandbuilds\/decobraz\/#organization","name":"Decobraz Tarimas","alternateName":"Tarimas Decobraz","url":"https:\/\/www.entrenenufares.es\/clickandbuilds\/decobraz\/","logo":{"@type":"ImageObject","inLanguage":"es","@id":"https:\/\/www.entrenenufares.es\/clickandbuilds\/decobraz\/#\/schema\/logo\/image\/","url":"https:\/\/www.entrenenufares.es\/clickandbuilds\/decobraz\/wp-content\/uploads\/2017\/12\/logo_decobraz.png","contentUrl":"https:\/\/www.entrenenufares.es\/clickandbuilds\/decobraz\/wp-content\/uploads\/2017\/12\/logo_decobraz.png","width":400,"height":107,"caption":"Decobraz Tarimas"},"image":{"@id":"https:\/\/www.entrenenufares.es\/clickandbuilds\/decobraz\/#\/schema\/logo\/image\/"},"sameAs":["https:\/\/www.facebook.com\/decobraz\/","https:\/\/www.instagram.com\/decobraztarimas\/"],"openingHoursSpecification":[{"@type":"OpeningHoursSpecification","dayOfWeek":["Monday","Tuesday","Wednesday","Thursday","Friday","Saturday","Sunday"],"opens":"09:00","closes":"17:00"}]}]}},"_links":{"self":[{"href":"https:\/\/www.entrenenufares.es\/clickandbuilds\/decobraz\/wp-json\/wp\/v2\/product\/37576","targetHints":{"allow":["GET"]}}],"collection":[{"href":"https:\/\/www.entrenenufares.es\/clickandbuilds\/decobraz\/wp-json\/wp\/v2\/product"}],"about":[{"href":"https:\/\/www.entrenenufares.es\/clickandbuilds\/decobraz\/wp-json\/wp\/v2\/types\/product"}],"replies":[{"embeddable":true,"href":"https:\/\/www.entrenenufares.es\/clickandbuilds\/decobraz\/wp-json\/wp\/v2\/comments?post=37576"}],"version-history":[{"count":1,"href":"https:\/\/www.entrenenufares.es\/clickandbuilds\/decobraz\/wp-json\/wp\/v2\/product\/37576\/revisions"}],"predecessor-version":[{"id":41669,"href":"https:\/\/www.entrenenufares.es\/clickandbuilds\/decobraz\/wp-json\/wp\/v2\/product\/37576\/revisions\/41669"}],"wp:featuredmedia":[{"embeddable":true,"href":"https:\/\/www.entrenenufares.es\/clickandbuilds\/decobraz\/wp-json\/wp\/v2\/media\/37578"}],"wp:attachment":[{"href":"https:\/\/www.entrenenufares.es\/clickandbuilds\/decobraz\/wp-json\/wp\/v2\/media?parent=37576"}],"wp:term":[{"taxonomy":"product_brand","embeddable":true,"href":"https:\/\/www.entrenenufares.es\/clickandbuilds\/decobraz\/wp-json\/wp\/v2\/product_brand?post=37576"},{"taxonomy":"product_cat","embeddable":true,"href":"https:\/\/www.entrenenufares.es\/clickandbuilds\/decobraz\/wp-json\/wp\/v2\/product_cat?post=37576"},{"taxonomy":"product_tag","embeddable":true,"href":"https:\/\/www.entrenenufares.es\/clickandbuilds\/decobraz\/wp-json\/wp\/v2\/product_tag?post=37576"}],"curies":[{"name":"wp","href":"https:\/\/api.w.org\/{rel}","templated":true}]}}