{"id":33971,"date":"2025-04-21T11:34:10","date_gmt":"2025-04-21T09:34:10","guid":{"rendered":"https:\/\/www.entrenenufares.es\/clickandbuilds\/decobraz\/?post_type=product&#038;p=33971"},"modified":"2026-03-31T12:38:05","modified_gmt":"2026-03-31T10:38:05","slug":"grossglockner-stone","status":"publish","type":"product","link":"https:\/\/www.entrenenufares.es\/clickandbuilds\/decobraz\/producto\/grossglockner-stone\/","title":{"rendered":"Grossglockner"},"content":{"rendered":"<p>Modelo Grossglockner de la Colecci\u00f3n Impression Stone.<\/p>\n<p>Los suelos K\u00e4hrs Luxury Tiles Click est\u00e1n dise\u00f1ados para hogares y espacios p\u00fablicos que requieren una instalaci\u00f3n sin adhesivos, est\u00e9tica y robusta. Est\u00e1n disponibles en una variedad de dise\u00f1os en madera y piedra. Su n\u00facleo r\u00edgido y la exclusiva tecnolog\u00eda de fijaci\u00f3n 5G garantizan una m\u00e1xima durabilidad y estabilidad, lo que facilita la instalaci\u00f3n mediante el encaje de las baldosas. Los suelos Click est\u00e1n fabricados con vinilo virgen con n\u00facleo r\u00edgido.<\/p>\n<p>Todos los suelos de la colecci\u00f3n cuentan con un reverso insonorizante de IXPE, que controla eficazmente el ruido. La superficie est\u00e1 tratada con un resistente revestimiento cer\u00e1mico resistente al desgaste, los ara\u00f1azos y el agua. Se pueden instalar sobre suelos existentes, lo que los convierte en la opci\u00f3n ideal para proyectos de renovaci\u00f3n o para conservar el suelo existente. Al igual que todos nuestros suelos Luxury Tiles, no contienen ftalatos.<\/p>\n<p>&nbsp;<\/p>\n<div style=\"size-font: 10px;\">\n<h6><strong style=\"font-size: 11px;\">Descripciones e im\u00e1genes<\/strong><\/h6>\n<p><em style=\"font-size: 11px;\">Todas las muestras, im\u00e1genes y descripciones de productos, as\u00ed como las especificaciones de las fotos y los folletos, se incluyen \u00fanicamente para ofrecer una idea aproximada de los art\u00edculos descritos. No forman parte del contrato ni tienen validez contractual, y deben considerarse \u00fanicamente con fines ilustrativos. No podemos garantizar que la pantalla de su ordenador ni la calidad de la impresi\u00f3n reflejen con precisi\u00f3n el color de los productos. Su producto puede variar ligeramente de las im\u00e1genes que aparecen en este folleto.<\/em><\/p>\n<\/div>\n","protected":false},"excerpt":{"rendered":"<p>Modelo Grossglockner de la Colecci\u00f3n Impression Stone | K\u00e4hrs Luxury Tiles Vinilo<\/p>\n<p>&nbsp;<\/p>\n","protected":false},"featured_media":33972,"comment_status":"open","ping_status":"closed","template":"","meta":[],"product_brand":[1487],"product_cat":[1328,195],"product_tag":[1300,1299],"class_list":{"0":"post-33971","1":"product","2":"type-product","3":"status-publish","4":"has-post-thumbnail","6":"product_brand-kahrs","7":"product_cat-impression-stone","8":"product_cat-suelos-de-vinilo","9":"product_tag-spc-lvt","10":"product_tag-suelos-de-vinilo-kahrs","11":"yith_product_brand-kahrs-flooring","13":"first","14":"instock","15":"taxable","16":"shipping-taxable","17":"product-type-simple"},"yoast_head":"<!-- This site is optimized with the Yoast SEO plugin v27.2 - https:\/\/yoast.com\/product\/yoast-seo-wordpress\/ -->\n<title>Grossglockner de la Colecci\u00f3n Impression Stone - Suelos de Vinilo- Decobraz<\/title>\n<meta name=\"description\" content=\"Suelo Grossglockner de la Colecci\u00f3n Impression Stone Suelos de Vinilo aporta un toque natural \u00fanico. Dale a tus pies la comodidad que merecen. \ud83c\udf33\" \/>\n<meta name=\"robots\" content=\"noindex, follow, max-snippet:-1, max-image-preview:large, max-video-preview:-1\" \/>\n<meta property=\"og:locale\" content=\"es_ES\" \/>\n<meta property=\"og:type\" content=\"article\" \/>\n<meta property=\"og:title\" content=\"Grossglockner de la Colecci\u00f3n Impression Stone - Suelos de Vinilo- Decobraz\" \/>\n<meta property=\"og:description\" content=\"Suelo Grossglockner de la Colecci\u00f3n Impression Stone Suelos de Vinilo aporta un toque natural \u00fanico. Dale a tus pies la comodidad que merecen. \ud83c\udf33\" \/>\n<meta property=\"og:url\" content=\"https:\/\/www.entrenenufares.es\/clickandbuilds\/decobraz\/producto\/grossglockner-stone\/\" \/>\n<meta property=\"og:site_name\" content=\"Decobraz\" \/>\n<meta property=\"article:publisher\" content=\"https:\/\/www.facebook.com\/decobraz\/\" \/>\n<meta property=\"article:modified_time\" content=\"2026-03-31T10:38:05+00:00\" \/>\n<meta property=\"og:image\" content=\"https:\/\/www.entrenenufares.es\/clickandbuilds\/decobraz\/wp-content\/uploads\/2025\/04\/ltcls3002-457.webp\" \/>\n\t<meta property=\"og:image:width\" content=\"700\" \/>\n\t<meta property=\"og:image:height\" content=\"989\" \/>\n\t<meta property=\"og:image:type\" content=\"image\/jpeg\" \/>\n<meta name=\"twitter:card\" content=\"summary_large_image\" \/>\n<meta name=\"twitter:label1\" content=\"Tiempo de lectura\" \/>\n\t<meta name=\"twitter:data1\" content=\"2 minutos\" \/>\n<script type=\"application\/ld+json\" class=\"yoast-schema-graph\">{\"@context\":\"https:\/\/schema.org\",\"@graph\":[{\"@type\":\"WebPage\",\"@id\":\"https:\/\/www.entrenenufares.es\/clickandbuilds\/decobraz\/producto\/grossglockner-stone\/\",\"url\":\"https:\/\/www.entrenenufares.es\/clickandbuilds\/decobraz\/producto\/grossglockner-stone\/\",\"name\":\"Grossglockner de la Colecci\u00f3n Impression Stone - Suelos de Vinilo- Decobraz\",\"isPartOf\":{\"@id\":\"https:\/\/www.entrenenufares.es\/clickandbuilds\/decobraz\/#website\"},\"primaryImageOfPage\":{\"@id\":\"https:\/\/www.entrenenufares.es\/clickandbuilds\/decobraz\/producto\/grossglockner-stone\/#primaryimage\"},\"image\":{\"@id\":\"https:\/\/www.entrenenufares.es\/clickandbuilds\/decobraz\/producto\/grossglockner-stone\/#primaryimage\"},\"thumbnailUrl\":\"https:\/\/www.entrenenufares.es\/clickandbuilds\/decobraz\/wp-content\/uploads\/2025\/04\/ltcls3002-457.webp\",\"datePublished\":\"2025-04-21T09:34:10+00:00\",\"dateModified\":\"2026-03-31T10:38:05+00:00\",\"description\":\"Suelo Grossglockner de la Colecci\u00f3n Impression Stone Suelos de Vinilo aporta un toque natural \u00fanico. Dale a tus pies la comodidad que merecen. \ud83c\udf33\",\"breadcrumb\":{\"@id\":\"https:\/\/www.entrenenufares.es\/clickandbuilds\/decobraz\/producto\/grossglockner-stone\/#breadcrumb\"},\"inLanguage\":\"es\",\"potentialAction\":[{\"@type\":\"ReadAction\",\"target\":[\"https:\/\/www.entrenenufares.es\/clickandbuilds\/decobraz\/producto\/grossglockner-stone\/\"]}]},{\"@type\":\"ImageObject\",\"inLanguage\":\"es\",\"@id\":\"https:\/\/www.entrenenufares.es\/clickandbuilds\/decobraz\/producto\/grossglockner-stone\/#primaryimage\",\"url\":\"https:\/\/www.entrenenufares.es\/clickandbuilds\/decobraz\/wp-content\/uploads\/2025\/04\/ltcls3002-457.webp\",\"contentUrl\":\"https:\/\/www.entrenenufares.es\/clickandbuilds\/decobraz\/wp-content\/uploads\/2025\/04\/ltcls3002-457.webp\",\"width\":700,\"height\":989,\"caption\":\"vinilo\"},{\"@type\":\"BreadcrumbList\",\"@id\":\"https:\/\/www.entrenenufares.es\/clickandbuilds\/decobraz\/producto\/grossglockner-stone\/#breadcrumb\",\"itemListElement\":[{\"@type\":\"ListItem\",\"position\":1,\"name\":\"Portada\",\"item\":\"https:\/\/www.entrenenufares.es\/clickandbuilds\/decobraz\/\"},{\"@type\":\"ListItem\",\"position\":2,\"name\":\"Tienda\",\"item\":\"https:\/\/www.entrenenufares.es\/clickandbuilds\/decobraz\/tienda\/\"},{\"@type\":\"ListItem\",\"position\":3,\"name\":\"K\u00e4hrs\",\"item\":\"https:\/\/www.entrenenufares.es\/clickandbuilds\/decobraz\/marcas\/kahrs-flooring\/\"},{\"@type\":\"ListItem\",\"position\":4,\"name\":\"Grossglockner\"}]},{\"@type\":\"WebSite\",\"@id\":\"https:\/\/www.entrenenufares.es\/clickandbuilds\/decobraz\/#website\",\"url\":\"https:\/\/www.entrenenufares.es\/clickandbuilds\/decobraz\/\",\"name\":\"Decobraz Tarimas\",\"description\":\"Decobraz Distribuidor Oficial\",\"publisher\":{\"@id\":\"https:\/\/www.entrenenufares.es\/clickandbuilds\/decobraz\/#organization\"},\"alternateName\":\"Suelos Decobraz Maderas\",\"potentialAction\":[{\"@type\":\"SearchAction\",\"target\":{\"@type\":\"EntryPoint\",\"urlTemplate\":\"https:\/\/www.entrenenufares.es\/clickandbuilds\/decobraz\/?s={search_term_string}\"},\"query-input\":{\"@type\":\"PropertyValueSpecification\",\"valueRequired\":true,\"valueName\":\"search_term_string\"}}],\"inLanguage\":\"es\"},{\"@type\":[\"Organization\",\"Place\"],\"@id\":\"https:\/\/www.entrenenufares.es\/clickandbuilds\/decobraz\/#organization\",\"name\":\"Decobraz Tarimas\",\"alternateName\":\"Tarimas Decobraz\",\"url\":\"https:\/\/www.entrenenufares.es\/clickandbuilds\/decobraz\/\",\"logo\":{\"@type\":\"ImageObject\",\"inLanguage\":\"es\",\"@id\":\"https:\/\/www.entrenenufares.es\/clickandbuilds\/decobraz\/#\/schema\/logo\/image\/\",\"url\":\"https:\/\/www.entrenenufares.es\/clickandbuilds\/decobraz\/wp-content\/uploads\/2017\/12\/logo_decobraz.png\",\"contentUrl\":\"https:\/\/www.entrenenufares.es\/clickandbuilds\/decobraz\/wp-content\/uploads\/2017\/12\/logo_decobraz.png\",\"width\":400,\"height\":107,\"caption\":\"Decobraz Tarimas\"},\"image\":{\"@id\":\"https:\/\/www.entrenenufares.es\/clickandbuilds\/decobraz\/#\/schema\/logo\/image\/\"},\"sameAs\":[\"https:\/\/www.facebook.com\/decobraz\/\",\"https:\/\/www.instagram.com\/decobraztarimas\/\"],\"openingHoursSpecification\":[{\"@type\":\"OpeningHoursSpecification\",\"dayOfWeek\":[\"Monday\",\"Tuesday\",\"Wednesday\",\"Thursday\",\"Friday\",\"Saturday\",\"Sunday\"],\"opens\":\"09:00\",\"closes\":\"17:00\"}]}]}<\/script>\n<!-- \/ Yoast SEO plugin. -->","yoast_head_json":{"title":"Grossglockner de la Colecci\u00f3n Impression Stone - Suelos de Vinilo- Decobraz","description":"Suelo Grossglockner de la Colecci\u00f3n Impression Stone Suelos de Vinilo aporta un toque natural \u00fanico. Dale a tus pies la comodidad que merecen. \ud83c\udf33","robots":{"index":"noindex","follow":"follow","max-snippet":"max-snippet:-1","max-image-preview":"max-image-preview:large","max-video-preview":"max-video-preview:-1"},"og_locale":"es_ES","og_type":"article","og_title":"Grossglockner de la Colecci\u00f3n Impression Stone - Suelos de Vinilo- Decobraz","og_description":"Suelo Grossglockner de la Colecci\u00f3n Impression Stone Suelos de Vinilo aporta un toque natural \u00fanico. Dale a tus pies la comodidad que merecen. \ud83c\udf33","og_url":"https:\/\/www.entrenenufares.es\/clickandbuilds\/decobraz\/producto\/grossglockner-stone\/","og_site_name":"Decobraz","article_publisher":"https:\/\/www.facebook.com\/decobraz\/","article_modified_time":"2026-03-31T10:38:05+00:00","og_image":[{"width":700,"height":989,"url":"https:\/\/www.entrenenufares.es\/clickandbuilds\/decobraz\/wp-content\/uploads\/2025\/04\/ltcls3002-457.webp","type":"image\/jpeg"}],"twitter_card":"summary_large_image","twitter_misc":{"Tiempo de lectura":"2 minutos"},"schema":{"@context":"https:\/\/schema.org","@graph":[{"@type":"WebPage","@id":"https:\/\/www.entrenenufares.es\/clickandbuilds\/decobraz\/producto\/grossglockner-stone\/","url":"https:\/\/www.entrenenufares.es\/clickandbuilds\/decobraz\/producto\/grossglockner-stone\/","name":"Grossglockner de la Colecci\u00f3n Impression Stone - Suelos de Vinilo- Decobraz","isPartOf":{"@id":"https:\/\/www.entrenenufares.es\/clickandbuilds\/decobraz\/#website"},"primaryImageOfPage":{"@id":"https:\/\/www.entrenenufares.es\/clickandbuilds\/decobraz\/producto\/grossglockner-stone\/#primaryimage"},"image":{"@id":"https:\/\/www.entrenenufares.es\/clickandbuilds\/decobraz\/producto\/grossglockner-stone\/#primaryimage"},"thumbnailUrl":"https:\/\/www.entrenenufares.es\/clickandbuilds\/decobraz\/wp-content\/uploads\/2025\/04\/ltcls3002-457.webp","datePublished":"2025-04-21T09:34:10+00:00","dateModified":"2026-03-31T10:38:05+00:00","description":"Suelo Grossglockner de la Colecci\u00f3n Impression Stone Suelos de Vinilo aporta un toque natural \u00fanico. Dale a tus pies la comodidad que merecen. \ud83c\udf33","breadcrumb":{"@id":"https:\/\/www.entrenenufares.es\/clickandbuilds\/decobraz\/producto\/grossglockner-stone\/#breadcrumb"},"inLanguage":"es","potentialAction":[{"@type":"ReadAction","target":["https:\/\/www.entrenenufares.es\/clickandbuilds\/decobraz\/producto\/grossglockner-stone\/"]}]},{"@type":"ImageObject","inLanguage":"es","@id":"https:\/\/www.entrenenufares.es\/clickandbuilds\/decobraz\/producto\/grossglockner-stone\/#primaryimage","url":"https:\/\/www.entrenenufares.es\/clickandbuilds\/decobraz\/wp-content\/uploads\/2025\/04\/ltcls3002-457.webp","contentUrl":"https:\/\/www.entrenenufares.es\/clickandbuilds\/decobraz\/wp-content\/uploads\/2025\/04\/ltcls3002-457.webp","width":700,"height":989,"caption":"vinilo"},{"@type":"BreadcrumbList","@id":"https:\/\/www.entrenenufares.es\/clickandbuilds\/decobraz\/producto\/grossglockner-stone\/#breadcrumb","itemListElement":[{"@type":"ListItem","position":1,"name":"Portada","item":"https:\/\/www.entrenenufares.es\/clickandbuilds\/decobraz\/"},{"@type":"ListItem","position":2,"name":"Tienda","item":"https:\/\/www.entrenenufares.es\/clickandbuilds\/decobraz\/tienda\/"},{"@type":"ListItem","position":3,"name":"K\u00e4hrs","item":"https:\/\/www.entrenenufares.es\/clickandbuilds\/decobraz\/marcas\/kahrs-flooring\/"},{"@type":"ListItem","position":4,"name":"Grossglockner"}]},{"@type":"WebSite","@id":"https:\/\/www.entrenenufares.es\/clickandbuilds\/decobraz\/#website","url":"https:\/\/www.entrenenufares.es\/clickandbuilds\/decobraz\/","name":"Decobraz Tarimas","description":"Decobraz Distribuidor Oficial","publisher":{"@id":"https:\/\/www.entrenenufares.es\/clickandbuilds\/decobraz\/#organization"},"alternateName":"Suelos Decobraz Maderas","potentialAction":[{"@type":"SearchAction","target":{"@type":"EntryPoint","urlTemplate":"https:\/\/www.entrenenufares.es\/clickandbuilds\/decobraz\/?s={search_term_string}"},"query-input":{"@type":"PropertyValueSpecification","valueRequired":true,"valueName":"search_term_string"}}],"inLanguage":"es"},{"@type":["Organization","Place"],"@id":"https:\/\/www.entrenenufares.es\/clickandbuilds\/decobraz\/#organization","name":"Decobraz Tarimas","alternateName":"Tarimas Decobraz","url":"https:\/\/www.entrenenufares.es\/clickandbuilds\/decobraz\/","logo":{"@type":"ImageObject","inLanguage":"es","@id":"https:\/\/www.entrenenufares.es\/clickandbuilds\/decobraz\/#\/schema\/logo\/image\/","url":"https:\/\/www.entrenenufares.es\/clickandbuilds\/decobraz\/wp-content\/uploads\/2017\/12\/logo_decobraz.png","contentUrl":"https:\/\/www.entrenenufares.es\/clickandbuilds\/decobraz\/wp-content\/uploads\/2017\/12\/logo_decobraz.png","width":400,"height":107,"caption":"Decobraz Tarimas"},"image":{"@id":"https:\/\/www.entrenenufares.es\/clickandbuilds\/decobraz\/#\/schema\/logo\/image\/"},"sameAs":["https:\/\/www.facebook.com\/decobraz\/","https:\/\/www.instagram.com\/decobraztarimas\/"],"openingHoursSpecification":[{"@type":"OpeningHoursSpecification","dayOfWeek":["Monday","Tuesday","Wednesday","Thursday","Friday","Saturday","Sunday"],"opens":"09:00","closes":"17:00"}]}]}},"_links":{"self":[{"href":"https:\/\/www.entrenenufares.es\/clickandbuilds\/decobraz\/wp-json\/wp\/v2\/product\/33971","targetHints":{"allow":["GET"]}}],"collection":[{"href":"https:\/\/www.entrenenufares.es\/clickandbuilds\/decobraz\/wp-json\/wp\/v2\/product"}],"about":[{"href":"https:\/\/www.entrenenufares.es\/clickandbuilds\/decobraz\/wp-json\/wp\/v2\/types\/product"}],"replies":[{"embeddable":true,"href":"https:\/\/www.entrenenufares.es\/clickandbuilds\/decobraz\/wp-json\/wp\/v2\/comments?post=33971"}],"version-history":[{"count":1,"href":"https:\/\/www.entrenenufares.es\/clickandbuilds\/decobraz\/wp-json\/wp\/v2\/product\/33971\/revisions"}],"predecessor-version":[{"id":42223,"href":"https:\/\/www.entrenenufares.es\/clickandbuilds\/decobraz\/wp-json\/wp\/v2\/product\/33971\/revisions\/42223"}],"wp:featuredmedia":[{"embeddable":true,"href":"https:\/\/www.entrenenufares.es\/clickandbuilds\/decobraz\/wp-json\/wp\/v2\/media\/33972"}],"wp:attachment":[{"href":"https:\/\/www.entrenenufares.es\/clickandbuilds\/decobraz\/wp-json\/wp\/v2\/media?parent=33971"}],"wp:term":[{"taxonomy":"product_brand","embeddable":true,"href":"https:\/\/www.entrenenufares.es\/clickandbuilds\/decobraz\/wp-json\/wp\/v2\/product_brand?post=33971"},{"taxonomy":"product_cat","embeddable":true,"href":"https:\/\/www.entrenenufares.es\/clickandbuilds\/decobraz\/wp-json\/wp\/v2\/product_cat?post=33971"},{"taxonomy":"product_tag","embeddable":true,"href":"https:\/\/www.entrenenufares.es\/clickandbuilds\/decobraz\/wp-json\/wp\/v2\/product_tag?post=33971"}],"curies":[{"name":"wp","href":"https:\/\/api.w.org\/{rel}","templated":true}]}}