{"id":30307,"date":"2024-12-02T13:49:17","date_gmt":"2024-12-02T11:49:17","guid":{"rendered":"https:\/\/www.entrenenufares.es\/clickandbuilds\/decobraz\/producto\/roble-orilla-miel-07127\/"},"modified":"2026-03-31T12:36:16","modified_gmt":"2026-03-31T10:36:16","slug":"roble-orilla-miel-07127","status":"publish","type":"product","link":"https:\/\/www.entrenenufares.es\/clickandbuilds\/decobraz\/producto\/roble-orilla-miel-07127\/","title":{"rendered":"Roble orilla miel 07127"},"content":{"rendered":"<p>Roble orilla miel 07127 Colecci\u00f3n LS350 de Meister<\/p>\n<p>La espiga, interpretada y totalmente modernizada: el patr\u00f3n de colocaci\u00f3n tradicional confiere un aspecto noble, elegante y muy variado; adem\u00e1s, al tratarse de un suelo laminado, tambi\u00e9n es muy f\u00e1cil de cuidar y resistente. La estructura sincronizada de alta calidad y un microbisel fino alrededor de cada tabl\u00f3n proporcionan al suelo un aspecto muy aut\u00e9ntico y natural. La superficie Diamond Pro especial es resistente a los ara\u00f1azos, insensible a la luz e incluso resistente a los productos qu\u00edmicos. Y otro valor a\u00f1adido: es facil\u00edsimo de colocar gracias al sistema de colocaci\u00f3n patentado UniZip.<\/p>\n<p>En espiga con patr\u00f3n de colocaci\u00f3n cl\u00e1sico en el que las lamas cortas de parquet se colocan formando un \u00e1ngulo de 90\u00b0, imitando la forma de una espiga.<\/p>\n<div>\n<ul class=\"definitionList___10jXM\">Decoraci\u00f3n Roble<\/ul>\n<ul class=\"definitionList___10jXM\">Aspecto Imitaci\u00f3n a madera<\/ul>\n<ul class=\"definitionList___10jXM\">Estructura Estructura sincronizada porosa<\/ul>\n<ul class=\"definitionList___10jXM\">Rango de colores medio<\/ul>\n<ul class=\"definitionList___10jXM\">Imagen de juntas bisel en V a cuatro lados<\/ul>\n<ul class=\"definitionList___10jXM\">Colocaci\u00f3n flotante<\/ul>\n<ul class=\"definitionList___10jXM\">Sistema de colocaci\u00f3n Masterclic Plus, Sistema de plegado<\/ul>\n<ul class=\"definitionList___10jXM\">Recubrimiento insonorizante integrado para versiones 10mm.<\/ul>\n<\/div>\n<div>\n<div class=\"viewportContainer___2ijlK\" data-viewport=\"desktop\" data-component=\"wy3WazPNpPI6GNR5VdKqfo2DprA61NFq4D2K8NlMFoVqndndeKcze7rQQOQyuygp4lq6yeuzoeeGzva1\">\n<div class=\"item___3y_4H\" data-item=\"\">El suelo laminado es resistente al agua (4 horas de protecci\u00f3n con agua estancada), pues ofrece la amplia protecci\u00f3n contra la humedad del sistema AquaSafe. Puede ser colocado en \u00e1reas h\u00famedas como p. ej., cuartos de ba\u00f1o. Quedan excluidos de su aplicaci\u00f3n los entornos exteriores y las salas h\u00famedas como saunas, cabinas de duchas, ba\u00f1os de vapor y salas con desag\u00fces.<\/div>\n<\/div>\n<\/div>\n","protected":false},"excerpt":{"rendered":"<p>Roble orilla miel 07127 Colecci\u00f3n LS350 de Meister<\/p>\n","protected":false},"featured_media":30317,"comment_status":"open","ping_status":"closed","template":"","meta":[],"product_brand":[1486],"product_cat":[1233,192],"product_tag":[771],"class_list":{"0":"post-30307","1":"product","2":"type-product","3":"status-publish","4":"has-post-thumbnail","6":"product_brand-meister","7":"product_cat-ls350","8":"product_cat-suelos-laminados","9":"product_tag-suelos-laminados-meister","10":"yith_product_brand-meister","12":"first","13":"outofstock","14":"taxable","15":"shipping-taxable","16":"purchasable","17":"product-type-simple"},"yoast_head":"<!-- This site is optimized with the Yoast SEO plugin v27.2 - https:\/\/yoast.com\/product\/yoast-seo-wordpress\/ -->\n<title>Instalaci\u00f3n en Espiga: Suelo Laminado de la Colecci\u00f3n LS350<\/title>\n<meta name=\"description\" content=\"Renueva tu espacio con el modelo Roble orilla miel 07127 de Meister. Dise\u00f1o en espiga, f\u00e1cil de cuidar y resistente. Descubre la autenticidad de la estructura sincronizada.\" \/>\n<meta name=\"robots\" content=\"noindex, follow, max-snippet:-1, max-image-preview:large, max-video-preview:-1\" \/>\n<meta property=\"og:locale\" content=\"es_ES\" \/>\n<meta property=\"og:type\" content=\"article\" \/>\n<meta property=\"og:title\" content=\"Instalaci\u00f3n en Espiga: Suelo Laminado de la Colecci\u00f3n LS350\" \/>\n<meta property=\"og:description\" content=\"Renueva tu espacio con el modelo Roble orilla miel 07127 de Meister. Dise\u00f1o en espiga, f\u00e1cil de cuidar y resistente. Descubre la autenticidad de la estructura sincronizada.\" \/>\n<meta property=\"og:url\" content=\"https:\/\/www.entrenenufares.es\/clickandbuilds\/decobraz\/producto\/roble-orilla-miel-07127\/\" \/>\n<meta property=\"og:site_name\" content=\"Decobraz\" \/>\n<meta property=\"article:publisher\" content=\"https:\/\/www.facebook.com\/decobraz\/\" \/>\n<meta property=\"article:modified_time\" content=\"2026-03-31T10:36:16+00:00\" \/>\n<meta property=\"og:image\" content=\"https:\/\/www.entrenenufares.es\/clickandbuilds\/decobraz\/wp-content\/uploads\/2024\/12\/07127-laminate-ls350.webp\" \/>\n\t<meta property=\"og:image:width\" content=\"600\" \/>\n\t<meta property=\"og:image:height\" content=\"849\" \/>\n\t<meta property=\"og:image:type\" content=\"image\/jpeg\" \/>\n<meta name=\"twitter:card\" content=\"summary_large_image\" \/>\n<meta name=\"twitter:label1\" content=\"Tiempo de lectura\" \/>\n\t<meta name=\"twitter:data1\" content=\"2 minutos\" \/>\n<script type=\"application\/ld+json\" class=\"yoast-schema-graph\">{\"@context\":\"https:\/\/schema.org\",\"@graph\":[{\"@type\":\"WebPage\",\"@id\":\"https:\/\/www.entrenenufares.es\/clickandbuilds\/decobraz\/producto\/roble-orilla-miel-07127\/\",\"url\":\"https:\/\/www.entrenenufares.es\/clickandbuilds\/decobraz\/producto\/roble-orilla-miel-07127\/\",\"name\":\"Instalaci\u00f3n en Espiga: Suelo Laminado de la Colecci\u00f3n LS350\",\"isPartOf\":{\"@id\":\"https:\/\/www.entrenenufares.es\/clickandbuilds\/decobraz\/#website\"},\"primaryImageOfPage\":{\"@id\":\"https:\/\/www.entrenenufares.es\/clickandbuilds\/decobraz\/producto\/roble-orilla-miel-07127\/#primaryimage\"},\"image\":{\"@id\":\"https:\/\/www.entrenenufares.es\/clickandbuilds\/decobraz\/producto\/roble-orilla-miel-07127\/#primaryimage\"},\"thumbnailUrl\":\"https:\/\/www.entrenenufares.es\/clickandbuilds\/decobraz\/wp-content\/uploads\/2024\/12\/07127-laminate-ls350.webp\",\"datePublished\":\"2024-12-02T11:49:17+00:00\",\"dateModified\":\"2026-03-31T10:36:16+00:00\",\"description\":\"Renueva tu espacio con el modelo Roble orilla miel 07127 de Meister. Dise\u00f1o en espiga, f\u00e1cil de cuidar y resistente. Descubre la autenticidad de la estructura sincronizada.\",\"breadcrumb\":{\"@id\":\"https:\/\/www.entrenenufares.es\/clickandbuilds\/decobraz\/producto\/roble-orilla-miel-07127\/#breadcrumb\"},\"inLanguage\":\"es\",\"potentialAction\":[{\"@type\":\"ReadAction\",\"target\":[\"https:\/\/www.entrenenufares.es\/clickandbuilds\/decobraz\/producto\/roble-orilla-miel-07127\/\"]}]},{\"@type\":\"ImageObject\",\"inLanguage\":\"es\",\"@id\":\"https:\/\/www.entrenenufares.es\/clickandbuilds\/decobraz\/producto\/roble-orilla-miel-07127\/#primaryimage\",\"url\":\"https:\/\/www.entrenenufares.es\/clickandbuilds\/decobraz\/wp-content\/uploads\/2024\/12\/07127-laminate-ls350.webp\",\"contentUrl\":\"https:\/\/www.entrenenufares.es\/clickandbuilds\/decobraz\/wp-content\/uploads\/2024\/12\/07127-laminate-ls350.webp\",\"width\":600,\"height\":849,\"caption\":\"Suelos Laminados en Espiga\"},{\"@type\":\"BreadcrumbList\",\"@id\":\"https:\/\/www.entrenenufares.es\/clickandbuilds\/decobraz\/producto\/roble-orilla-miel-07127\/#breadcrumb\",\"itemListElement\":[{\"@type\":\"ListItem\",\"position\":1,\"name\":\"Portada\",\"item\":\"https:\/\/www.entrenenufares.es\/clickandbuilds\/decobraz\/\"},{\"@type\":\"ListItem\",\"position\":2,\"name\":\"Tienda\",\"item\":\"https:\/\/www.entrenenufares.es\/clickandbuilds\/decobraz\/tienda\/\"},{\"@type\":\"ListItem\",\"position\":3,\"name\":\"Meister\",\"item\":\"https:\/\/www.entrenenufares.es\/clickandbuilds\/decobraz\/marcas\/meister\/\"},{\"@type\":\"ListItem\",\"position\":4,\"name\":\"Roble orilla miel 07127\"}]},{\"@type\":\"WebSite\",\"@id\":\"https:\/\/www.entrenenufares.es\/clickandbuilds\/decobraz\/#website\",\"url\":\"https:\/\/www.entrenenufares.es\/clickandbuilds\/decobraz\/\",\"name\":\"Decobraz Tarimas\",\"description\":\"Decobraz Distribuidor Oficial\",\"publisher\":{\"@id\":\"https:\/\/www.entrenenufares.es\/clickandbuilds\/decobraz\/#organization\"},\"alternateName\":\"Suelos Decobraz Maderas\",\"potentialAction\":[{\"@type\":\"SearchAction\",\"target\":{\"@type\":\"EntryPoint\",\"urlTemplate\":\"https:\/\/www.entrenenufares.es\/clickandbuilds\/decobraz\/?s={search_term_string}\"},\"query-input\":{\"@type\":\"PropertyValueSpecification\",\"valueRequired\":true,\"valueName\":\"search_term_string\"}}],\"inLanguage\":\"es\"},{\"@type\":[\"Organization\",\"Place\"],\"@id\":\"https:\/\/www.entrenenufares.es\/clickandbuilds\/decobraz\/#organization\",\"name\":\"Decobraz Tarimas\",\"alternateName\":\"Tarimas Decobraz\",\"url\":\"https:\/\/www.entrenenufares.es\/clickandbuilds\/decobraz\/\",\"logo\":{\"@type\":\"ImageObject\",\"inLanguage\":\"es\",\"@id\":\"https:\/\/www.entrenenufares.es\/clickandbuilds\/decobraz\/#\/schema\/logo\/image\/\",\"url\":\"https:\/\/www.entrenenufares.es\/clickandbuilds\/decobraz\/wp-content\/uploads\/2017\/12\/logo_decobraz.png\",\"contentUrl\":\"https:\/\/www.entrenenufares.es\/clickandbuilds\/decobraz\/wp-content\/uploads\/2017\/12\/logo_decobraz.png\",\"width\":400,\"height\":107,\"caption\":\"Decobraz Tarimas\"},\"image\":{\"@id\":\"https:\/\/www.entrenenufares.es\/clickandbuilds\/decobraz\/#\/schema\/logo\/image\/\"},\"sameAs\":[\"https:\/\/www.facebook.com\/decobraz\/\",\"https:\/\/www.instagram.com\/decobraztarimas\/\"],\"openingHoursSpecification\":[{\"@type\":\"OpeningHoursSpecification\",\"dayOfWeek\":[\"Monday\",\"Tuesday\",\"Wednesday\",\"Thursday\",\"Friday\",\"Saturday\",\"Sunday\"],\"opens\":\"09:00\",\"closes\":\"17:00\"}]}]}<\/script>\n<!-- \/ Yoast SEO plugin. -->","yoast_head_json":{"title":"Instalaci\u00f3n en Espiga: Suelo Laminado de la Colecci\u00f3n LS350","description":"Renueva tu espacio con el modelo Roble orilla miel 07127 de Meister. Dise\u00f1o en espiga, f\u00e1cil de cuidar y resistente. Descubre la autenticidad de la estructura sincronizada.","robots":{"index":"noindex","follow":"follow","max-snippet":"max-snippet:-1","max-image-preview":"max-image-preview:large","max-video-preview":"max-video-preview:-1"},"og_locale":"es_ES","og_type":"article","og_title":"Instalaci\u00f3n en Espiga: Suelo Laminado de la Colecci\u00f3n LS350","og_description":"Renueva tu espacio con el modelo Roble orilla miel 07127 de Meister. Dise\u00f1o en espiga, f\u00e1cil de cuidar y resistente. Descubre la autenticidad de la estructura sincronizada.","og_url":"https:\/\/www.entrenenufares.es\/clickandbuilds\/decobraz\/producto\/roble-orilla-miel-07127\/","og_site_name":"Decobraz","article_publisher":"https:\/\/www.facebook.com\/decobraz\/","article_modified_time":"2026-03-31T10:36:16+00:00","og_image":[{"width":600,"height":849,"url":"https:\/\/www.entrenenufares.es\/clickandbuilds\/decobraz\/wp-content\/uploads\/2024\/12\/07127-laminate-ls350.webp","type":"image\/jpeg"}],"twitter_card":"summary_large_image","twitter_misc":{"Tiempo de lectura":"2 minutos"},"schema":{"@context":"https:\/\/schema.org","@graph":[{"@type":"WebPage","@id":"https:\/\/www.entrenenufares.es\/clickandbuilds\/decobraz\/producto\/roble-orilla-miel-07127\/","url":"https:\/\/www.entrenenufares.es\/clickandbuilds\/decobraz\/producto\/roble-orilla-miel-07127\/","name":"Instalaci\u00f3n en Espiga: Suelo Laminado de la Colecci\u00f3n LS350","isPartOf":{"@id":"https:\/\/www.entrenenufares.es\/clickandbuilds\/decobraz\/#website"},"primaryImageOfPage":{"@id":"https:\/\/www.entrenenufares.es\/clickandbuilds\/decobraz\/producto\/roble-orilla-miel-07127\/#primaryimage"},"image":{"@id":"https:\/\/www.entrenenufares.es\/clickandbuilds\/decobraz\/producto\/roble-orilla-miel-07127\/#primaryimage"},"thumbnailUrl":"https:\/\/www.entrenenufares.es\/clickandbuilds\/decobraz\/wp-content\/uploads\/2024\/12\/07127-laminate-ls350.webp","datePublished":"2024-12-02T11:49:17+00:00","dateModified":"2026-03-31T10:36:16+00:00","description":"Renueva tu espacio con el modelo Roble orilla miel 07127 de Meister. Dise\u00f1o en espiga, f\u00e1cil de cuidar y resistente. Descubre la autenticidad de la estructura sincronizada.","breadcrumb":{"@id":"https:\/\/www.entrenenufares.es\/clickandbuilds\/decobraz\/producto\/roble-orilla-miel-07127\/#breadcrumb"},"inLanguage":"es","potentialAction":[{"@type":"ReadAction","target":["https:\/\/www.entrenenufares.es\/clickandbuilds\/decobraz\/producto\/roble-orilla-miel-07127\/"]}]},{"@type":"ImageObject","inLanguage":"es","@id":"https:\/\/www.entrenenufares.es\/clickandbuilds\/decobraz\/producto\/roble-orilla-miel-07127\/#primaryimage","url":"https:\/\/www.entrenenufares.es\/clickandbuilds\/decobraz\/wp-content\/uploads\/2024\/12\/07127-laminate-ls350.webp","contentUrl":"https:\/\/www.entrenenufares.es\/clickandbuilds\/decobraz\/wp-content\/uploads\/2024\/12\/07127-laminate-ls350.webp","width":600,"height":849,"caption":"Suelos Laminados en Espiga"},{"@type":"BreadcrumbList","@id":"https:\/\/www.entrenenufares.es\/clickandbuilds\/decobraz\/producto\/roble-orilla-miel-07127\/#breadcrumb","itemListElement":[{"@type":"ListItem","position":1,"name":"Portada","item":"https:\/\/www.entrenenufares.es\/clickandbuilds\/decobraz\/"},{"@type":"ListItem","position":2,"name":"Tienda","item":"https:\/\/www.entrenenufares.es\/clickandbuilds\/decobraz\/tienda\/"},{"@type":"ListItem","position":3,"name":"Meister","item":"https:\/\/www.entrenenufares.es\/clickandbuilds\/decobraz\/marcas\/meister\/"},{"@type":"ListItem","position":4,"name":"Roble orilla miel 07127"}]},{"@type":"WebSite","@id":"https:\/\/www.entrenenufares.es\/clickandbuilds\/decobraz\/#website","url":"https:\/\/www.entrenenufares.es\/clickandbuilds\/decobraz\/","name":"Decobraz Tarimas","description":"Decobraz Distribuidor Oficial","publisher":{"@id":"https:\/\/www.entrenenufares.es\/clickandbuilds\/decobraz\/#organization"},"alternateName":"Suelos Decobraz Maderas","potentialAction":[{"@type":"SearchAction","target":{"@type":"EntryPoint","urlTemplate":"https:\/\/www.entrenenufares.es\/clickandbuilds\/decobraz\/?s={search_term_string}"},"query-input":{"@type":"PropertyValueSpecification","valueRequired":true,"valueName":"search_term_string"}}],"inLanguage":"es"},{"@type":["Organization","Place"],"@id":"https:\/\/www.entrenenufares.es\/clickandbuilds\/decobraz\/#organization","name":"Decobraz Tarimas","alternateName":"Tarimas Decobraz","url":"https:\/\/www.entrenenufares.es\/clickandbuilds\/decobraz\/","logo":{"@type":"ImageObject","inLanguage":"es","@id":"https:\/\/www.entrenenufares.es\/clickandbuilds\/decobraz\/#\/schema\/logo\/image\/","url":"https:\/\/www.entrenenufares.es\/clickandbuilds\/decobraz\/wp-content\/uploads\/2017\/12\/logo_decobraz.png","contentUrl":"https:\/\/www.entrenenufares.es\/clickandbuilds\/decobraz\/wp-content\/uploads\/2017\/12\/logo_decobraz.png","width":400,"height":107,"caption":"Decobraz Tarimas"},"image":{"@id":"https:\/\/www.entrenenufares.es\/clickandbuilds\/decobraz\/#\/schema\/logo\/image\/"},"sameAs":["https:\/\/www.facebook.com\/decobraz\/","https:\/\/www.instagram.com\/decobraztarimas\/"],"openingHoursSpecification":[{"@type":"OpeningHoursSpecification","dayOfWeek":["Monday","Tuesday","Wednesday","Thursday","Friday","Saturday","Sunday"],"opens":"09:00","closes":"17:00"}]}]}},"_links":{"self":[{"href":"https:\/\/www.entrenenufares.es\/clickandbuilds\/decobraz\/wp-json\/wp\/v2\/product\/30307","targetHints":{"allow":["GET"]}}],"collection":[{"href":"https:\/\/www.entrenenufares.es\/clickandbuilds\/decobraz\/wp-json\/wp\/v2\/product"}],"about":[{"href":"https:\/\/www.entrenenufares.es\/clickandbuilds\/decobraz\/wp-json\/wp\/v2\/types\/product"}],"replies":[{"embeddable":true,"href":"https:\/\/www.entrenenufares.es\/clickandbuilds\/decobraz\/wp-json\/wp\/v2\/comments?post=30307"}],"version-history":[{"count":1,"href":"https:\/\/www.entrenenufares.es\/clickandbuilds\/decobraz\/wp-json\/wp\/v2\/product\/30307\/revisions"}],"predecessor-version":[{"id":42172,"href":"https:\/\/www.entrenenufares.es\/clickandbuilds\/decobraz\/wp-json\/wp\/v2\/product\/30307\/revisions\/42172"}],"wp:featuredmedia":[{"embeddable":true,"href":"https:\/\/www.entrenenufares.es\/clickandbuilds\/decobraz\/wp-json\/wp\/v2\/media\/30317"}],"wp:attachment":[{"href":"https:\/\/www.entrenenufares.es\/clickandbuilds\/decobraz\/wp-json\/wp\/v2\/media?parent=30307"}],"wp:term":[{"taxonomy":"product_brand","embeddable":true,"href":"https:\/\/www.entrenenufares.es\/clickandbuilds\/decobraz\/wp-json\/wp\/v2\/product_brand?post=30307"},{"taxonomy":"product_cat","embeddable":true,"href":"https:\/\/www.entrenenufares.es\/clickandbuilds\/decobraz\/wp-json\/wp\/v2\/product_cat?post=30307"},{"taxonomy":"product_tag","embeddable":true,"href":"https:\/\/www.entrenenufares.es\/clickandbuilds\/decobraz\/wp-json\/wp\/v2\/product_tag?post=30307"}],"curies":[{"name":"wp","href":"https:\/\/api.w.org\/{rel}","templated":true}]}}