{"id":29934,"date":"2024-11-19T09:13:29","date_gmt":"2024-11-19T07:13:29","guid":{"rendered":"https:\/\/www.entrenenufares.es\/clickandbuilds\/decobraz\/?post_type=product&#038;p=29934"},"modified":"2026-03-31T12:31:45","modified_gmt":"2026-03-31T10:31:45","slug":"roble-timber","status":"publish","type":"product","link":"https:\/\/www.entrenenufares.es\/clickandbuilds\/decobraz\/producto\/roble-timber\/","title":{"rendered":"Roble Timber"},"content":{"rendered":"<p>Revestimiento de pared modelo Roble Timber de la colecci\u00f3n Cover 214 de Faus<\/p>\n<p>Dise\u00f1os sofisticados para paredes y techos \u00fanicos, blancos diferentes y maderas distintas. Remata la decoraci\u00f3n con diferentes estilos y acabados dentro de una misma gama.<\/p>\n<p>Revestimiento decorativo con gran personalidad en su mallado, es un roble natural con vetas muy pronunciadas. Sus lamas de 214 mm de ancho, unidas entre si mediante su machihembrado creando un peque\u00f1o rebaje que le da un toque de dise\u00f1o y elegancia a la estancia.<\/p>\n","protected":false},"excerpt":{"rendered":"<p>Revestimiento de pared modelo Roble Timber de la colecci\u00f3n Cover 214 de Faus<\/p>\n","protected":false},"featured_media":29937,"comment_status":"closed","ping_status":"closed","template":"","meta":[],"product_brand":[1484],"product_cat":[1218,1128],"product_tag":[1137],"class_list":{"0":"post-29934","1":"product","2":"type-product","3":"status-publish","4":"has-post-thumbnail","6":"product_brand-faus","7":"product_cat-cover-214","8":"product_cat-revestimientos-pared","9":"product_tag-revestimiento-de-pared","10":"yith_product_brand-faus","12":"first","13":"instock","14":"taxable","15":"shipping-taxable","16":"purchasable","17":"product-type-simple"},"yoast_head":"<!-- This site is optimized with the Yoast SEO plugin v27.2 - https:\/\/yoast.com\/product\/yoast-seo-wordpress\/ -->\n<title>Modelo Roble Timber Revestimiento de Pared Faus- Decobraz<\/title>\n<meta name=\"description\" content=\"Revestimiento de pared Roble Timber de la colecci\u00f3n Cover 214 de Faus. Crea un toque de dise\u00f1o y elegancia a la estancia.\" \/>\n<meta name=\"robots\" content=\"noindex, follow, max-snippet:-1, max-image-preview:large, max-video-preview:-1\" \/>\n<meta property=\"og:locale\" content=\"es_ES\" \/>\n<meta property=\"og:type\" content=\"article\" \/>\n<meta property=\"og:title\" content=\"Modelo Roble Timber Revestimiento de Pared Faus- Decobraz\" \/>\n<meta property=\"og:description\" content=\"Revestimiento de pared Roble Timber de la colecci\u00f3n Cover 214 de Faus. Crea un toque de dise\u00f1o y elegancia a la estancia.\" \/>\n<meta property=\"og:url\" content=\"https:\/\/www.entrenenufares.es\/clickandbuilds\/decobraz\/producto\/roble-timber\/\" \/>\n<meta property=\"og:site_name\" content=\"Decobraz\" \/>\n<meta property=\"article:publisher\" content=\"https:\/\/www.facebook.com\/decobraz\/\" \/>\n<meta property=\"article:modified_time\" content=\"2026-03-31T10:31:45+00:00\" \/>\n<meta property=\"og:image\" content=\"https:\/\/www.entrenenufares.es\/clickandbuilds\/decobraz\/wp-content\/uploads\/2024\/11\/revestimiento-faus-cover-roble-timber-cen.webp\" \/>\n\t<meta property=\"og:image:width\" content=\"2048\" \/>\n\t<meta property=\"og:image:height\" content=\"2048\" \/>\n\t<meta property=\"og:image:type\" content=\"image\/jpeg\" \/>\n<meta name=\"twitter:card\" content=\"summary_large_image\" \/>\n<meta name=\"twitter:label1\" content=\"Tiempo de lectura\" \/>\n\t<meta name=\"twitter:data1\" content=\"2 minutos\" \/>\n<script type=\"application\/ld+json\" class=\"yoast-schema-graph\">{\"@context\":\"https:\/\/schema.org\",\"@graph\":[{\"@type\":\"WebPage\",\"@id\":\"https:\/\/www.entrenenufares.es\/clickandbuilds\/decobraz\/producto\/roble-timber\/\",\"url\":\"https:\/\/www.entrenenufares.es\/clickandbuilds\/decobraz\/producto\/roble-timber\/\",\"name\":\"Modelo Roble Timber Revestimiento de Pared Faus- Decobraz\",\"isPartOf\":{\"@id\":\"https:\/\/www.entrenenufares.es\/clickandbuilds\/decobraz\/#website\"},\"primaryImageOfPage\":{\"@id\":\"https:\/\/www.entrenenufares.es\/clickandbuilds\/decobraz\/producto\/roble-timber\/#primaryimage\"},\"image\":{\"@id\":\"https:\/\/www.entrenenufares.es\/clickandbuilds\/decobraz\/producto\/roble-timber\/#primaryimage\"},\"thumbnailUrl\":\"https:\/\/www.entrenenufares.es\/clickandbuilds\/decobraz\/wp-content\/uploads\/2024\/11\/revestimiento-faus-cover-roble-timber-cen.webp\",\"datePublished\":\"2024-11-19T07:13:29+00:00\",\"dateModified\":\"2026-03-31T10:31:45+00:00\",\"description\":\"Revestimiento de pared Roble Timber de la colecci\u00f3n Cover 214 de Faus. Crea un toque de dise\u00f1o y elegancia a la estancia.\",\"breadcrumb\":{\"@id\":\"https:\/\/www.entrenenufares.es\/clickandbuilds\/decobraz\/producto\/roble-timber\/#breadcrumb\"},\"inLanguage\":\"es\",\"potentialAction\":[{\"@type\":\"ReadAction\",\"target\":[\"https:\/\/www.entrenenufares.es\/clickandbuilds\/decobraz\/producto\/roble-timber\/\"]}]},{\"@type\":\"ImageObject\",\"inLanguage\":\"es\",\"@id\":\"https:\/\/www.entrenenufares.es\/clickandbuilds\/decobraz\/producto\/roble-timber\/#primaryimage\",\"url\":\"https:\/\/www.entrenenufares.es\/clickandbuilds\/decobraz\/wp-content\/uploads\/2024\/11\/revestimiento-faus-cover-roble-timber-cen.webp\",\"contentUrl\":\"https:\/\/www.entrenenufares.es\/clickandbuilds\/decobraz\/wp-content\/uploads\/2024\/11\/revestimiento-faus-cover-roble-timber-cen.webp\",\"width\":2048,\"height\":2048,\"caption\":\"Revestimiento de Pared\"},{\"@type\":\"BreadcrumbList\",\"@id\":\"https:\/\/www.entrenenufares.es\/clickandbuilds\/decobraz\/producto\/roble-timber\/#breadcrumb\",\"itemListElement\":[{\"@type\":\"ListItem\",\"position\":1,\"name\":\"Portada\",\"item\":\"https:\/\/www.entrenenufares.es\/clickandbuilds\/decobraz\/\"},{\"@type\":\"ListItem\",\"position\":2,\"name\":\"Tienda\",\"item\":\"https:\/\/www.entrenenufares.es\/clickandbuilds\/decobraz\/tienda\/\"},{\"@type\":\"ListItem\",\"position\":3,\"name\":\"Faus\",\"item\":\"https:\/\/www.entrenenufares.es\/clickandbuilds\/decobraz\/marcas\/faus\/\"},{\"@type\":\"ListItem\",\"position\":4,\"name\":\"Roble Timber\"}]},{\"@type\":\"WebSite\",\"@id\":\"https:\/\/www.entrenenufares.es\/clickandbuilds\/decobraz\/#website\",\"url\":\"https:\/\/www.entrenenufares.es\/clickandbuilds\/decobraz\/\",\"name\":\"Decobraz Tarimas\",\"description\":\"Decobraz Distribuidor Oficial\",\"publisher\":{\"@id\":\"https:\/\/www.entrenenufares.es\/clickandbuilds\/decobraz\/#organization\"},\"alternateName\":\"Suelos Decobraz Maderas\",\"potentialAction\":[{\"@type\":\"SearchAction\",\"target\":{\"@type\":\"EntryPoint\",\"urlTemplate\":\"https:\/\/www.entrenenufares.es\/clickandbuilds\/decobraz\/?s={search_term_string}\"},\"query-input\":{\"@type\":\"PropertyValueSpecification\",\"valueRequired\":true,\"valueName\":\"search_term_string\"}}],\"inLanguage\":\"es\"},{\"@type\":[\"Organization\",\"Place\"],\"@id\":\"https:\/\/www.entrenenufares.es\/clickandbuilds\/decobraz\/#organization\",\"name\":\"Decobraz Tarimas\",\"alternateName\":\"Tarimas Decobraz\",\"url\":\"https:\/\/www.entrenenufares.es\/clickandbuilds\/decobraz\/\",\"logo\":{\"@type\":\"ImageObject\",\"inLanguage\":\"es\",\"@id\":\"https:\/\/www.entrenenufares.es\/clickandbuilds\/decobraz\/#\/schema\/logo\/image\/\",\"url\":\"https:\/\/www.entrenenufares.es\/clickandbuilds\/decobraz\/wp-content\/uploads\/2017\/12\/logo_decobraz.png\",\"contentUrl\":\"https:\/\/www.entrenenufares.es\/clickandbuilds\/decobraz\/wp-content\/uploads\/2017\/12\/logo_decobraz.png\",\"width\":400,\"height\":107,\"caption\":\"Decobraz Tarimas\"},\"image\":{\"@id\":\"https:\/\/www.entrenenufares.es\/clickandbuilds\/decobraz\/#\/schema\/logo\/image\/\"},\"sameAs\":[\"https:\/\/www.facebook.com\/decobraz\/\",\"https:\/\/www.instagram.com\/decobraztarimas\/\"],\"openingHoursSpecification\":[{\"@type\":\"OpeningHoursSpecification\",\"dayOfWeek\":[\"Monday\",\"Tuesday\",\"Wednesday\",\"Thursday\",\"Friday\",\"Saturday\",\"Sunday\"],\"opens\":\"09:00\",\"closes\":\"17:00\"}]}]}<\/script>\n<!-- \/ Yoast SEO plugin. -->","yoast_head_json":{"title":"Modelo Roble Timber Revestimiento de Pared Faus- Decobraz","description":"Revestimiento de pared Roble Timber de la colecci\u00f3n Cover 214 de Faus. Crea un toque de dise\u00f1o y elegancia a la estancia.","robots":{"index":"noindex","follow":"follow","max-snippet":"max-snippet:-1","max-image-preview":"max-image-preview:large","max-video-preview":"max-video-preview:-1"},"og_locale":"es_ES","og_type":"article","og_title":"Modelo Roble Timber Revestimiento de Pared Faus- Decobraz","og_description":"Revestimiento de pared Roble Timber de la colecci\u00f3n Cover 214 de Faus. Crea un toque de dise\u00f1o y elegancia a la estancia.","og_url":"https:\/\/www.entrenenufares.es\/clickandbuilds\/decobraz\/producto\/roble-timber\/","og_site_name":"Decobraz","article_publisher":"https:\/\/www.facebook.com\/decobraz\/","article_modified_time":"2026-03-31T10:31:45+00:00","og_image":[{"width":2048,"height":2048,"url":"https:\/\/www.entrenenufares.es\/clickandbuilds\/decobraz\/wp-content\/uploads\/2024\/11\/revestimiento-faus-cover-roble-timber-cen.webp","type":"image\/jpeg"}],"twitter_card":"summary_large_image","twitter_misc":{"Tiempo de lectura":"2 minutos"},"schema":{"@context":"https:\/\/schema.org","@graph":[{"@type":"WebPage","@id":"https:\/\/www.entrenenufares.es\/clickandbuilds\/decobraz\/producto\/roble-timber\/","url":"https:\/\/www.entrenenufares.es\/clickandbuilds\/decobraz\/producto\/roble-timber\/","name":"Modelo Roble Timber Revestimiento de Pared Faus- Decobraz","isPartOf":{"@id":"https:\/\/www.entrenenufares.es\/clickandbuilds\/decobraz\/#website"},"primaryImageOfPage":{"@id":"https:\/\/www.entrenenufares.es\/clickandbuilds\/decobraz\/producto\/roble-timber\/#primaryimage"},"image":{"@id":"https:\/\/www.entrenenufares.es\/clickandbuilds\/decobraz\/producto\/roble-timber\/#primaryimage"},"thumbnailUrl":"https:\/\/www.entrenenufares.es\/clickandbuilds\/decobraz\/wp-content\/uploads\/2024\/11\/revestimiento-faus-cover-roble-timber-cen.webp","datePublished":"2024-11-19T07:13:29+00:00","dateModified":"2026-03-31T10:31:45+00:00","description":"Revestimiento de pared Roble Timber de la colecci\u00f3n Cover 214 de Faus. Crea un toque de dise\u00f1o y elegancia a la estancia.","breadcrumb":{"@id":"https:\/\/www.entrenenufares.es\/clickandbuilds\/decobraz\/producto\/roble-timber\/#breadcrumb"},"inLanguage":"es","potentialAction":[{"@type":"ReadAction","target":["https:\/\/www.entrenenufares.es\/clickandbuilds\/decobraz\/producto\/roble-timber\/"]}]},{"@type":"ImageObject","inLanguage":"es","@id":"https:\/\/www.entrenenufares.es\/clickandbuilds\/decobraz\/producto\/roble-timber\/#primaryimage","url":"https:\/\/www.entrenenufares.es\/clickandbuilds\/decobraz\/wp-content\/uploads\/2024\/11\/revestimiento-faus-cover-roble-timber-cen.webp","contentUrl":"https:\/\/www.entrenenufares.es\/clickandbuilds\/decobraz\/wp-content\/uploads\/2024\/11\/revestimiento-faus-cover-roble-timber-cen.webp","width":2048,"height":2048,"caption":"Revestimiento de Pared"},{"@type":"BreadcrumbList","@id":"https:\/\/www.entrenenufares.es\/clickandbuilds\/decobraz\/producto\/roble-timber\/#breadcrumb","itemListElement":[{"@type":"ListItem","position":1,"name":"Portada","item":"https:\/\/www.entrenenufares.es\/clickandbuilds\/decobraz\/"},{"@type":"ListItem","position":2,"name":"Tienda","item":"https:\/\/www.entrenenufares.es\/clickandbuilds\/decobraz\/tienda\/"},{"@type":"ListItem","position":3,"name":"Faus","item":"https:\/\/www.entrenenufares.es\/clickandbuilds\/decobraz\/marcas\/faus\/"},{"@type":"ListItem","position":4,"name":"Roble Timber"}]},{"@type":"WebSite","@id":"https:\/\/www.entrenenufares.es\/clickandbuilds\/decobraz\/#website","url":"https:\/\/www.entrenenufares.es\/clickandbuilds\/decobraz\/","name":"Decobraz Tarimas","description":"Decobraz Distribuidor Oficial","publisher":{"@id":"https:\/\/www.entrenenufares.es\/clickandbuilds\/decobraz\/#organization"},"alternateName":"Suelos Decobraz Maderas","potentialAction":[{"@type":"SearchAction","target":{"@type":"EntryPoint","urlTemplate":"https:\/\/www.entrenenufares.es\/clickandbuilds\/decobraz\/?s={search_term_string}"},"query-input":{"@type":"PropertyValueSpecification","valueRequired":true,"valueName":"search_term_string"}}],"inLanguage":"es"},{"@type":["Organization","Place"],"@id":"https:\/\/www.entrenenufares.es\/clickandbuilds\/decobraz\/#organization","name":"Decobraz Tarimas","alternateName":"Tarimas Decobraz","url":"https:\/\/www.entrenenufares.es\/clickandbuilds\/decobraz\/","logo":{"@type":"ImageObject","inLanguage":"es","@id":"https:\/\/www.entrenenufares.es\/clickandbuilds\/decobraz\/#\/schema\/logo\/image\/","url":"https:\/\/www.entrenenufares.es\/clickandbuilds\/decobraz\/wp-content\/uploads\/2017\/12\/logo_decobraz.png","contentUrl":"https:\/\/www.entrenenufares.es\/clickandbuilds\/decobraz\/wp-content\/uploads\/2017\/12\/logo_decobraz.png","width":400,"height":107,"caption":"Decobraz Tarimas"},"image":{"@id":"https:\/\/www.entrenenufares.es\/clickandbuilds\/decobraz\/#\/schema\/logo\/image\/"},"sameAs":["https:\/\/www.facebook.com\/decobraz\/","https:\/\/www.instagram.com\/decobraztarimas\/"],"openingHoursSpecification":[{"@type":"OpeningHoursSpecification","dayOfWeek":["Monday","Tuesday","Wednesday","Thursday","Friday","Saturday","Sunday"],"opens":"09:00","closes":"17:00"}]}]}},"_links":{"self":[{"href":"https:\/\/www.entrenenufares.es\/clickandbuilds\/decobraz\/wp-json\/wp\/v2\/product\/29934","targetHints":{"allow":["GET"]}}],"collection":[{"href":"https:\/\/www.entrenenufares.es\/clickandbuilds\/decobraz\/wp-json\/wp\/v2\/product"}],"about":[{"href":"https:\/\/www.entrenenufares.es\/clickandbuilds\/decobraz\/wp-json\/wp\/v2\/types\/product"}],"replies":[{"embeddable":true,"href":"https:\/\/www.entrenenufares.es\/clickandbuilds\/decobraz\/wp-json\/wp\/v2\/comments?post=29934"}],"version-history":[{"count":1,"href":"https:\/\/www.entrenenufares.es\/clickandbuilds\/decobraz\/wp-json\/wp\/v2\/product\/29934\/revisions"}],"predecessor-version":[{"id":41860,"href":"https:\/\/www.entrenenufares.es\/clickandbuilds\/decobraz\/wp-json\/wp\/v2\/product\/29934\/revisions\/41860"}],"wp:featuredmedia":[{"embeddable":true,"href":"https:\/\/www.entrenenufares.es\/clickandbuilds\/decobraz\/wp-json\/wp\/v2\/media\/29937"}],"wp:attachment":[{"href":"https:\/\/www.entrenenufares.es\/clickandbuilds\/decobraz\/wp-json\/wp\/v2\/media?parent=29934"}],"wp:term":[{"taxonomy":"product_brand","embeddable":true,"href":"https:\/\/www.entrenenufares.es\/clickandbuilds\/decobraz\/wp-json\/wp\/v2\/product_brand?post=29934"},{"taxonomy":"product_cat","embeddable":true,"href":"https:\/\/www.entrenenufares.es\/clickandbuilds\/decobraz\/wp-json\/wp\/v2\/product_cat?post=29934"},{"taxonomy":"product_tag","embeddable":true,"href":"https:\/\/www.entrenenufares.es\/clickandbuilds\/decobraz\/wp-json\/wp\/v2\/product_tag?post=29934"}],"curies":[{"name":"wp","href":"https:\/\/api.w.org\/{rel}","templated":true}]}}