{"id":22497,"date":"2024-02-20T09:36:09","date_gmt":"2024-02-20T07:36:09","guid":{"rendered":"https:\/\/www.entrenenufares.es\/clickandbuilds\/decobraz\/?post_type=product&#038;p=22497"},"modified":"2026-03-31T12:33:56","modified_gmt":"2026-03-31T10:33:56","slug":"roble-nature-con-bisel","status":"publish","type":"product","link":"https:\/\/www.entrenenufares.es\/clickandbuilds\/decobraz\/producto\/roble-nature-con-bisel\/","title":{"rendered":"Roble Nature con bisel"},"content":{"rendered":"<p>Tarima Laminada AC5 modelo Roble Nature con bisel de la colecci\u00f3n\u00a0 Classic con Bisel de Intasa, una suelo de tarima laminada que tiene la medida perfecta para crear ambientes con personalidad en cualquier tipo de espacio.<\/p>\n<p>El suelo laminado AC5 de Intasa es altamente resistente, de muy f\u00e1cil colocaci\u00f3n y sencillo mantenimiento. Gracias al sistema patentado de perfiles Intaclic, la instalaci\u00f3n le resulta m\u00e1s sencilla, m\u00e1s resistente y m\u00e1s econ\u00f3mica.<\/p>\n","protected":false},"excerpt":{"rendered":"<p>Roble Nature con bisel de la colecci\u00f3n Classic con Bisel de Intasa<\/p>\n","protected":false},"featured_media":22498,"comment_status":"open","ping_status":"closed","template":"","meta":[],"product_brand":[1369],"product_cat":[1109,192],"product_tag":[1108,854],"class_list":{"0":"post-22497","1":"product","2":"type-product","3":"status-publish","4":"has-post-thumbnail","6":"product_brand-intasa","7":"product_cat-classic-bevel","8":"product_cat-suelos-laminados","9":"product_tag-laminados-ac5","10":"product_tag-suelos-laminados-intasa","11":"yith_product_brand-intasa","13":"first","14":"instock","15":"taxable","16":"shipping-taxable","17":"purchasable","18":"product-type-simple"},"yoast_head":"<!-- This site is optimized with the Yoast SEO plugin v27.2 - https:\/\/yoast.com\/product\/yoast-seo-wordpress\/ -->\n<title>Modelo Roble Nature con bisel Tarima Laminada AC5 de Intasa- Decobraz<\/title>\n<meta name=\"description\" content=\"Dale a tus espacios personalidad con nuestra tarima laminada de roble con bisel Nature. F\u00e1cil de instalar y resistente al desgaste, \u00a1crea ambientes \u00fanicos!\" \/>\n<meta name=\"robots\" content=\"noindex, follow, max-snippet:-1, max-image-preview:large, max-video-preview:-1\" \/>\n<meta property=\"og:locale\" content=\"es_ES\" \/>\n<meta property=\"og:type\" content=\"article\" \/>\n<meta property=\"og:title\" content=\"Modelo Roble Nature con bisel Tarima Laminada AC5 de Intasa- Decobraz\" \/>\n<meta property=\"og:description\" content=\"Dale a tus espacios personalidad con nuestra tarima laminada de roble con bisel Nature. F\u00e1cil de instalar y resistente al desgaste, \u00a1crea ambientes \u00fanicos!\" \/>\n<meta property=\"og:url\" content=\"https:\/\/www.entrenenufares.es\/clickandbuilds\/decobraz\/producto\/roble-nature-con-bisel\/\" \/>\n<meta property=\"og:site_name\" content=\"Decobraz\" \/>\n<meta property=\"article:publisher\" content=\"https:\/\/www.facebook.com\/decobraz\/\" \/>\n<meta property=\"article:modified_time\" content=\"2026-03-31T10:33:56+00:00\" \/>\n<meta property=\"og:image\" content=\"https:\/\/www.entrenenufares.es\/clickandbuilds\/decobraz\/wp-content\/uploads\/2024\/02\/tarima-laminada-con-bisel-intasa.webp\" \/>\n\t<meta property=\"og:image:width\" content=\"960\" \/>\n\t<meta property=\"og:image:height\" content=\"960\" \/>\n\t<meta property=\"og:image:type\" content=\"image\/jpeg\" \/>\n<meta name=\"twitter:card\" content=\"summary_large_image\" \/>\n<meta name=\"twitter:label1\" content=\"Tiempo de lectura\" \/>\n\t<meta name=\"twitter:data1\" content=\"1 minuto\" \/>\n<script type=\"application\/ld+json\" class=\"yoast-schema-graph\">{\"@context\":\"https:\/\/schema.org\",\"@graph\":[{\"@type\":\"WebPage\",\"@id\":\"https:\/\/www.entrenenufares.es\/clickandbuilds\/decobraz\/producto\/roble-nature-con-bisel\/\",\"url\":\"https:\/\/www.entrenenufares.es\/clickandbuilds\/decobraz\/producto\/roble-nature-con-bisel\/\",\"name\":\"Modelo Roble Nature con bisel Tarima Laminada AC5 de Intasa- Decobraz\",\"isPartOf\":{\"@id\":\"https:\/\/www.entrenenufares.es\/clickandbuilds\/decobraz\/#website\"},\"primaryImageOfPage\":{\"@id\":\"https:\/\/www.entrenenufares.es\/clickandbuilds\/decobraz\/producto\/roble-nature-con-bisel\/#primaryimage\"},\"image\":{\"@id\":\"https:\/\/www.entrenenufares.es\/clickandbuilds\/decobraz\/producto\/roble-nature-con-bisel\/#primaryimage\"},\"thumbnailUrl\":\"https:\/\/www.entrenenufares.es\/clickandbuilds\/decobraz\/wp-content\/uploads\/2024\/02\/tarima-laminada-con-bisel-intasa.webp\",\"datePublished\":\"2024-02-20T07:36:09+00:00\",\"dateModified\":\"2026-03-31T10:33:56+00:00\",\"description\":\"Dale a tus espacios personalidad con nuestra tarima laminada de roble con bisel Nature. F\u00e1cil de instalar y resistente al desgaste, \u00a1crea ambientes \u00fanicos!\",\"breadcrumb\":{\"@id\":\"https:\/\/www.entrenenufares.es\/clickandbuilds\/decobraz\/producto\/roble-nature-con-bisel\/#breadcrumb\"},\"inLanguage\":\"es\",\"potentialAction\":[{\"@type\":\"ReadAction\",\"target\":[\"https:\/\/www.entrenenufares.es\/clickandbuilds\/decobraz\/producto\/roble-nature-con-bisel\/\"]}]},{\"@type\":\"ImageObject\",\"inLanguage\":\"es\",\"@id\":\"https:\/\/www.entrenenufares.es\/clickandbuilds\/decobraz\/producto\/roble-nature-con-bisel\/#primaryimage\",\"url\":\"https:\/\/www.entrenenufares.es\/clickandbuilds\/decobraz\/wp-content\/uploads\/2024\/02\/tarima-laminada-con-bisel-intasa.webp\",\"contentUrl\":\"https:\/\/www.entrenenufares.es\/clickandbuilds\/decobraz\/wp-content\/uploads\/2024\/02\/tarima-laminada-con-bisel-intasa.webp\",\"width\":960,\"height\":960,\"caption\":\"Tarima Laminada AC5\"},{\"@type\":\"BreadcrumbList\",\"@id\":\"https:\/\/www.entrenenufares.es\/clickandbuilds\/decobraz\/producto\/roble-nature-con-bisel\/#breadcrumb\",\"itemListElement\":[{\"@type\":\"ListItem\",\"position\":1,\"name\":\"Portada\",\"item\":\"https:\/\/www.entrenenufares.es\/clickandbuilds\/decobraz\/\"},{\"@type\":\"ListItem\",\"position\":2,\"name\":\"Tienda\",\"item\":\"https:\/\/www.entrenenufares.es\/clickandbuilds\/decobraz\/tienda\/\"},{\"@type\":\"ListItem\",\"position\":3,\"name\":\"Intasa\",\"item\":\"https:\/\/www.entrenenufares.es\/clickandbuilds\/decobraz\/marcas\/intasa\/\"},{\"@type\":\"ListItem\",\"position\":4,\"name\":\"Roble Nature con bisel\"}]},{\"@type\":\"WebSite\",\"@id\":\"https:\/\/www.entrenenufares.es\/clickandbuilds\/decobraz\/#website\",\"url\":\"https:\/\/www.entrenenufares.es\/clickandbuilds\/decobraz\/\",\"name\":\"Decobraz Tarimas\",\"description\":\"Decobraz Distribuidor Oficial\",\"publisher\":{\"@id\":\"https:\/\/www.entrenenufares.es\/clickandbuilds\/decobraz\/#organization\"},\"alternateName\":\"Suelos Decobraz Maderas\",\"potentialAction\":[{\"@type\":\"SearchAction\",\"target\":{\"@type\":\"EntryPoint\",\"urlTemplate\":\"https:\/\/www.entrenenufares.es\/clickandbuilds\/decobraz\/?s={search_term_string}\"},\"query-input\":{\"@type\":\"PropertyValueSpecification\",\"valueRequired\":true,\"valueName\":\"search_term_string\"}}],\"inLanguage\":\"es\"},{\"@type\":[\"Organization\",\"Place\"],\"@id\":\"https:\/\/www.entrenenufares.es\/clickandbuilds\/decobraz\/#organization\",\"name\":\"Decobraz Tarimas\",\"alternateName\":\"Tarimas Decobraz\",\"url\":\"https:\/\/www.entrenenufares.es\/clickandbuilds\/decobraz\/\",\"logo\":{\"@type\":\"ImageObject\",\"inLanguage\":\"es\",\"@id\":\"https:\/\/www.entrenenufares.es\/clickandbuilds\/decobraz\/#\/schema\/logo\/image\/\",\"url\":\"https:\/\/www.entrenenufares.es\/clickandbuilds\/decobraz\/wp-content\/uploads\/2017\/12\/logo_decobraz.png\",\"contentUrl\":\"https:\/\/www.entrenenufares.es\/clickandbuilds\/decobraz\/wp-content\/uploads\/2017\/12\/logo_decobraz.png\",\"width\":400,\"height\":107,\"caption\":\"Decobraz Tarimas\"},\"image\":{\"@id\":\"https:\/\/www.entrenenufares.es\/clickandbuilds\/decobraz\/#\/schema\/logo\/image\/\"},\"sameAs\":[\"https:\/\/www.facebook.com\/decobraz\/\",\"https:\/\/www.instagram.com\/decobraztarimas\/\"],\"openingHoursSpecification\":[{\"@type\":\"OpeningHoursSpecification\",\"dayOfWeek\":[\"Monday\",\"Tuesday\",\"Wednesday\",\"Thursday\",\"Friday\",\"Saturday\",\"Sunday\"],\"opens\":\"09:00\",\"closes\":\"17:00\"}]}]}<\/script>\n<!-- \/ Yoast SEO plugin. -->","yoast_head_json":{"title":"Modelo Roble Nature con bisel Tarima Laminada AC5 de Intasa- Decobraz","description":"Dale a tus espacios personalidad con nuestra tarima laminada de roble con bisel Nature. F\u00e1cil de instalar y resistente al desgaste, \u00a1crea ambientes \u00fanicos!","robots":{"index":"noindex","follow":"follow","max-snippet":"max-snippet:-1","max-image-preview":"max-image-preview:large","max-video-preview":"max-video-preview:-1"},"og_locale":"es_ES","og_type":"article","og_title":"Modelo Roble Nature con bisel Tarima Laminada AC5 de Intasa- Decobraz","og_description":"Dale a tus espacios personalidad con nuestra tarima laminada de roble con bisel Nature. F\u00e1cil de instalar y resistente al desgaste, \u00a1crea ambientes \u00fanicos!","og_url":"https:\/\/www.entrenenufares.es\/clickandbuilds\/decobraz\/producto\/roble-nature-con-bisel\/","og_site_name":"Decobraz","article_publisher":"https:\/\/www.facebook.com\/decobraz\/","article_modified_time":"2026-03-31T10:33:56+00:00","og_image":[{"width":960,"height":960,"url":"https:\/\/www.entrenenufares.es\/clickandbuilds\/decobraz\/wp-content\/uploads\/2024\/02\/tarima-laminada-con-bisel-intasa.webp","type":"image\/jpeg"}],"twitter_card":"summary_large_image","twitter_misc":{"Tiempo de lectura":"1 minuto"},"schema":{"@context":"https:\/\/schema.org","@graph":[{"@type":"WebPage","@id":"https:\/\/www.entrenenufares.es\/clickandbuilds\/decobraz\/producto\/roble-nature-con-bisel\/","url":"https:\/\/www.entrenenufares.es\/clickandbuilds\/decobraz\/producto\/roble-nature-con-bisel\/","name":"Modelo Roble Nature con bisel Tarima Laminada AC5 de Intasa- Decobraz","isPartOf":{"@id":"https:\/\/www.entrenenufares.es\/clickandbuilds\/decobraz\/#website"},"primaryImageOfPage":{"@id":"https:\/\/www.entrenenufares.es\/clickandbuilds\/decobraz\/producto\/roble-nature-con-bisel\/#primaryimage"},"image":{"@id":"https:\/\/www.entrenenufares.es\/clickandbuilds\/decobraz\/producto\/roble-nature-con-bisel\/#primaryimage"},"thumbnailUrl":"https:\/\/www.entrenenufares.es\/clickandbuilds\/decobraz\/wp-content\/uploads\/2024\/02\/tarima-laminada-con-bisel-intasa.webp","datePublished":"2024-02-20T07:36:09+00:00","dateModified":"2026-03-31T10:33:56+00:00","description":"Dale a tus espacios personalidad con nuestra tarima laminada de roble con bisel Nature. F\u00e1cil de instalar y resistente al desgaste, \u00a1crea ambientes \u00fanicos!","breadcrumb":{"@id":"https:\/\/www.entrenenufares.es\/clickandbuilds\/decobraz\/producto\/roble-nature-con-bisel\/#breadcrumb"},"inLanguage":"es","potentialAction":[{"@type":"ReadAction","target":["https:\/\/www.entrenenufares.es\/clickandbuilds\/decobraz\/producto\/roble-nature-con-bisel\/"]}]},{"@type":"ImageObject","inLanguage":"es","@id":"https:\/\/www.entrenenufares.es\/clickandbuilds\/decobraz\/producto\/roble-nature-con-bisel\/#primaryimage","url":"https:\/\/www.entrenenufares.es\/clickandbuilds\/decobraz\/wp-content\/uploads\/2024\/02\/tarima-laminada-con-bisel-intasa.webp","contentUrl":"https:\/\/www.entrenenufares.es\/clickandbuilds\/decobraz\/wp-content\/uploads\/2024\/02\/tarima-laminada-con-bisel-intasa.webp","width":960,"height":960,"caption":"Tarima Laminada AC5"},{"@type":"BreadcrumbList","@id":"https:\/\/www.entrenenufares.es\/clickandbuilds\/decobraz\/producto\/roble-nature-con-bisel\/#breadcrumb","itemListElement":[{"@type":"ListItem","position":1,"name":"Portada","item":"https:\/\/www.entrenenufares.es\/clickandbuilds\/decobraz\/"},{"@type":"ListItem","position":2,"name":"Tienda","item":"https:\/\/www.entrenenufares.es\/clickandbuilds\/decobraz\/tienda\/"},{"@type":"ListItem","position":3,"name":"Intasa","item":"https:\/\/www.entrenenufares.es\/clickandbuilds\/decobraz\/marcas\/intasa\/"},{"@type":"ListItem","position":4,"name":"Roble Nature con bisel"}]},{"@type":"WebSite","@id":"https:\/\/www.entrenenufares.es\/clickandbuilds\/decobraz\/#website","url":"https:\/\/www.entrenenufares.es\/clickandbuilds\/decobraz\/","name":"Decobraz Tarimas","description":"Decobraz Distribuidor Oficial","publisher":{"@id":"https:\/\/www.entrenenufares.es\/clickandbuilds\/decobraz\/#organization"},"alternateName":"Suelos Decobraz Maderas","potentialAction":[{"@type":"SearchAction","target":{"@type":"EntryPoint","urlTemplate":"https:\/\/www.entrenenufares.es\/clickandbuilds\/decobraz\/?s={search_term_string}"},"query-input":{"@type":"PropertyValueSpecification","valueRequired":true,"valueName":"search_term_string"}}],"inLanguage":"es"},{"@type":["Organization","Place"],"@id":"https:\/\/www.entrenenufares.es\/clickandbuilds\/decobraz\/#organization","name":"Decobraz Tarimas","alternateName":"Tarimas Decobraz","url":"https:\/\/www.entrenenufares.es\/clickandbuilds\/decobraz\/","logo":{"@type":"ImageObject","inLanguage":"es","@id":"https:\/\/www.entrenenufares.es\/clickandbuilds\/decobraz\/#\/schema\/logo\/image\/","url":"https:\/\/www.entrenenufares.es\/clickandbuilds\/decobraz\/wp-content\/uploads\/2017\/12\/logo_decobraz.png","contentUrl":"https:\/\/www.entrenenufares.es\/clickandbuilds\/decobraz\/wp-content\/uploads\/2017\/12\/logo_decobraz.png","width":400,"height":107,"caption":"Decobraz Tarimas"},"image":{"@id":"https:\/\/www.entrenenufares.es\/clickandbuilds\/decobraz\/#\/schema\/logo\/image\/"},"sameAs":["https:\/\/www.facebook.com\/decobraz\/","https:\/\/www.instagram.com\/decobraztarimas\/"],"openingHoursSpecification":[{"@type":"OpeningHoursSpecification","dayOfWeek":["Monday","Tuesday","Wednesday","Thursday","Friday","Saturday","Sunday"],"opens":"09:00","closes":"17:00"}]}]}},"_links":{"self":[{"href":"https:\/\/www.entrenenufares.es\/clickandbuilds\/decobraz\/wp-json\/wp\/v2\/product\/22497","targetHints":{"allow":["GET"]}}],"collection":[{"href":"https:\/\/www.entrenenufares.es\/clickandbuilds\/decobraz\/wp-json\/wp\/v2\/product"}],"about":[{"href":"https:\/\/www.entrenenufares.es\/clickandbuilds\/decobraz\/wp-json\/wp\/v2\/types\/product"}],"replies":[{"embeddable":true,"href":"https:\/\/www.entrenenufares.es\/clickandbuilds\/decobraz\/wp-json\/wp\/v2\/comments?post=22497"}],"version-history":[{"count":1,"href":"https:\/\/www.entrenenufares.es\/clickandbuilds\/decobraz\/wp-json\/wp\/v2\/product\/22497\/revisions"}],"predecessor-version":[{"id":41943,"href":"https:\/\/www.entrenenufares.es\/clickandbuilds\/decobraz\/wp-json\/wp\/v2\/product\/22497\/revisions\/41943"}],"wp:featuredmedia":[{"embeddable":true,"href":"https:\/\/www.entrenenufares.es\/clickandbuilds\/decobraz\/wp-json\/wp\/v2\/media\/22498"}],"wp:attachment":[{"href":"https:\/\/www.entrenenufares.es\/clickandbuilds\/decobraz\/wp-json\/wp\/v2\/media?parent=22497"}],"wp:term":[{"taxonomy":"product_brand","embeddable":true,"href":"https:\/\/www.entrenenufares.es\/clickandbuilds\/decobraz\/wp-json\/wp\/v2\/product_brand?post=22497"},{"taxonomy":"product_cat","embeddable":true,"href":"https:\/\/www.entrenenufares.es\/clickandbuilds\/decobraz\/wp-json\/wp\/v2\/product_cat?post=22497"},{"taxonomy":"product_tag","embeddable":true,"href":"https:\/\/www.entrenenufares.es\/clickandbuilds\/decobraz\/wp-json\/wp\/v2\/product_tag?post=22497"}],"curies":[{"name":"wp","href":"https:\/\/api.w.org\/{rel}","templated":true}]}}