{"id":16250,"date":"2023-06-07T15:40:15","date_gmt":"2023-06-07T13:40:15","guid":{"rendered":"https:\/\/www.entrenenufares.es\/clickandbuilds\/decobraz\/?post_type=product&#038;p=16250"},"modified":"2026-03-31T12:18:53","modified_gmt":"2026-03-31T10:18:53","slug":"nogal-minueto","status":"publish","type":"product","link":"https:\/\/www.entrenenufares.es\/clickandbuilds\/decobraz\/producto\/nogal-minueto\/","title":{"rendered":"Nogal Minueto"},"content":{"rendered":"<h2>Colecci\u00f3n Original Modelo Nogal Minueto | FINFLOOR<\/h2>\n<p>El dise\u00f1o Nogal Minueto tiene el encanto elegante, lujoso y refinado del nogal tradicional. Su tono natural y el efecto de textura extramate del acabado Vintage Matt aportan una sensaci\u00f3n de suavidad y realismo en el dise\u00f1o.<\/p>\n<p class=\"mb-0\">Dise\u00f1o con formato ORIGINAL con un tama\u00f1o est\u00e1ndar de lama.<\/p>\n<p>Medidas (LxAxG) (mm) 1331 x 194 x 8<\/p>\n<p>Bisel <img decoding=\"async\" class=\"d-block\" src=\"https:\/\/finfloor.com\/uploads\/products\/sin-bisel.svg\" alt=\"Sin Bisel\" width=\"24\" height=\"auto\" \/><img decoding=\"async\" class=\"d-block\" src=\"https:\/\/finfloor.com\/uploads\/products\/bisel-4-lados-mv.svg\" alt=\"Microbisel 4 Lados\" width=\"24\" height=\"auto\" \/><\/p>\n<hr \/>\n<p>Clase de uso 33<\/p>\n<p>Resistencia a la abrasi\u00f3n AC5<\/p>\n<p>Apto ba\u00f1os y cocinas<\/p>\n<p>Certificados ECOLABEL | CARB2 | PEFC<\/p>\n<p>Garant\u00eda 20 a\u00f1os en usos dom\u00e9sticos. 10 a\u00f1os en usos comerciales<\/p>\n<hr \/>\n<p>Especie de madera Nogal<\/p>\n<p>Tono Natural<\/p>\n<p>Con Hydroprotect, la tecnolog\u00eda que permite a Finfloor ser un producto apto para instalar en espacios exigentes. Se base en 3 aspectos:<\/p>\n<ul>\n<li>\u00a0Nuestro preciso sistema clic proporciona juntas herm\u00e9ticas que impiden filtraciones de l\u00edquidos.<\/li>\n<li>Todas nuestras tablillas van selladas en los 4 cantos con parafina. Este producto, repelente del agua, protege al tablero contra la humedad.<\/li>\n<li>El cuidado proceso de fabricaci\u00f3n hace que usemos un soporte de HDF muy estable dimensionalmente.<\/li>\n<\/ul>\n<h3 class=\"card-title\">Apto para Ba\u00f1os y Cocinas<\/h3>\n<p class=\"card-text\">Finfloor es apto para instalar en ba\u00f1os y cocinas de \u00e1mbito dom\u00e9stico. Las colecciones de Finfloor con tecnolog\u00eda Durable est\u00e1n preparadas para ambientes h\u00famedos exigentes y su instalaci\u00f3n es muy sencilla, solo requiere el uso de la silicona perimetral para el espacio sobrante entre el suelo y las paredes. Usando el sellador de juntas y la silicona perimetral tambi\u00e9n la colecci\u00f3n Original es totalmente apta para instalar en este tipo de espacios. No es aplicable a instalaciones comerciales. Instrucciones de instalaci\u00f3n en descargas.<\/p>\n","protected":false},"excerpt":{"rendered":"<p>Suelo Laminado Colecci\u00f3n Original Modelo Nogal Minueto | FINFLOOR<\/p>\n","protected":false},"featured_media":13384,"comment_status":"open","ping_status":"closed","template":"","meta":[],"product_brand":[1482],"product_cat":[962,192],"product_tag":[961],"class_list":{"0":"post-16250","1":"product","2":"type-product","3":"status-publish","4":"has-post-thumbnail","6":"product_brand-finfloor","7":"product_cat-original","8":"product_cat-suelos-laminados","9":"product_tag-suelos-laminados-finfloor","10":"yith_product_brand-finfloor","12":"first","13":"instock","14":"taxable","15":"shipping-taxable","16":"purchasable","17":"product-type-simple"},"yoast_head":"<!-- This site is optimized with the Yoast SEO plugin v27.2 - https:\/\/yoast.com\/product\/yoast-seo-wordpress\/ -->\n<title>\u00a1Descubre el Suelo Laminado Nogal Minueto de Finfloor! - Decobraz<\/title>\n<meta name=\"description\" content=\"Haz que tus espacios luzcan elegantes con el suelo laminado Finfloor en modelo Nogal Minueto Un dise\u00f1o neutro y moderno con matices c\u00e1lidos. \u00a1Descubre su calidad!\" \/>\n<meta name=\"robots\" content=\"noindex, follow, max-snippet:-1, max-image-preview:large, max-video-preview:-1\" \/>\n<meta property=\"og:locale\" content=\"es_ES\" \/>\n<meta property=\"og:type\" content=\"article\" \/>\n<meta property=\"og:title\" content=\"\u00a1Descubre el Suelo Laminado Nogal Minueto de Finfloor! - Decobraz\" \/>\n<meta property=\"og:description\" content=\"Haz que tus espacios luzcan elegantes con el suelo laminado Finfloor en modelo Nogal Minueto Un dise\u00f1o neutro y moderno con matices c\u00e1lidos. \u00a1Descubre su calidad!\" \/>\n<meta property=\"og:url\" content=\"https:\/\/www.entrenenufares.es\/clickandbuilds\/decobraz\/producto\/nogal-minueto\/\" \/>\n<meta property=\"og:site_name\" content=\"Decobraz\" \/>\n<meta property=\"article:publisher\" content=\"https:\/\/www.facebook.com\/decobraz\/\" \/>\n<meta property=\"article:modified_time\" content=\"2026-03-31T10:18:53+00:00\" \/>\n<meta property=\"og:image\" content=\"https:\/\/www.entrenenufares.es\/clickandbuilds\/decobraz\/wp-content\/uploads\/2023\/05\/324b-nogal-minueto.webp\" \/>\n\t<meta property=\"og:image:width\" content=\"675\" \/>\n\t<meta property=\"og:image:height\" content=\"675\" \/>\n\t<meta property=\"og:image:type\" content=\"image\/jpeg\" \/>\n<meta name=\"twitter:card\" content=\"summary_large_image\" \/>\n<meta name=\"twitter:label1\" content=\"Tiempo de lectura\" \/>\n\t<meta name=\"twitter:data1\" content=\"2 minutos\" \/>\n<script type=\"application\/ld+json\" class=\"yoast-schema-graph\">{\"@context\":\"https:\/\/schema.org\",\"@graph\":[{\"@type\":\"WebPage\",\"@id\":\"https:\/\/www.entrenenufares.es\/clickandbuilds\/decobraz\/producto\/nogal-minueto\/\",\"url\":\"https:\/\/www.entrenenufares.es\/clickandbuilds\/decobraz\/producto\/nogal-minueto\/\",\"name\":\"\u00a1Descubre el Suelo Laminado Nogal Minueto de Finfloor! - Decobraz\",\"isPartOf\":{\"@id\":\"https:\/\/www.entrenenufares.es\/clickandbuilds\/decobraz\/#website\"},\"primaryImageOfPage\":{\"@id\":\"https:\/\/www.entrenenufares.es\/clickandbuilds\/decobraz\/producto\/nogal-minueto\/#primaryimage\"},\"image\":{\"@id\":\"https:\/\/www.entrenenufares.es\/clickandbuilds\/decobraz\/producto\/nogal-minueto\/#primaryimage\"},\"thumbnailUrl\":\"https:\/\/www.entrenenufares.es\/clickandbuilds\/decobraz\/wp-content\/uploads\/2023\/05\/324b-nogal-minueto.webp\",\"datePublished\":\"2023-06-07T13:40:15+00:00\",\"dateModified\":\"2026-03-31T10:18:53+00:00\",\"description\":\"Haz que tus espacios luzcan elegantes con el suelo laminado Finfloor en modelo Nogal Minueto Un dise\u00f1o neutro y moderno con matices c\u00e1lidos. \u00a1Descubre su calidad!\",\"breadcrumb\":{\"@id\":\"https:\/\/www.entrenenufares.es\/clickandbuilds\/decobraz\/producto\/nogal-minueto\/#breadcrumb\"},\"inLanguage\":\"es\",\"potentialAction\":[{\"@type\":\"ReadAction\",\"target\":[\"https:\/\/www.entrenenufares.es\/clickandbuilds\/decobraz\/producto\/nogal-minueto\/\"]}]},{\"@type\":\"ImageObject\",\"inLanguage\":\"es\",\"@id\":\"https:\/\/www.entrenenufares.es\/clickandbuilds\/decobraz\/producto\/nogal-minueto\/#primaryimage\",\"url\":\"https:\/\/www.entrenenufares.es\/clickandbuilds\/decobraz\/wp-content\/uploads\/2023\/05\/324b-nogal-minueto.webp\",\"contentUrl\":\"https:\/\/www.entrenenufares.es\/clickandbuilds\/decobraz\/wp-content\/uploads\/2023\/05\/324b-nogal-minueto.webp\",\"width\":675,\"height\":675,\"caption\":\"Suelo Laminado Finfloor\"},{\"@type\":\"BreadcrumbList\",\"@id\":\"https:\/\/www.entrenenufares.es\/clickandbuilds\/decobraz\/producto\/nogal-minueto\/#breadcrumb\",\"itemListElement\":[{\"@type\":\"ListItem\",\"position\":1,\"name\":\"Portada\",\"item\":\"https:\/\/www.entrenenufares.es\/clickandbuilds\/decobraz\/\"},{\"@type\":\"ListItem\",\"position\":2,\"name\":\"Tienda\",\"item\":\"https:\/\/www.entrenenufares.es\/clickandbuilds\/decobraz\/tienda\/\"},{\"@type\":\"ListItem\",\"position\":3,\"name\":\"Finfloor\",\"item\":\"https:\/\/www.entrenenufares.es\/clickandbuilds\/decobraz\/marcas\/finfloor\/\"},{\"@type\":\"ListItem\",\"position\":4,\"name\":\"Nogal Minueto\"}]},{\"@type\":\"WebSite\",\"@id\":\"https:\/\/www.entrenenufares.es\/clickandbuilds\/decobraz\/#website\",\"url\":\"https:\/\/www.entrenenufares.es\/clickandbuilds\/decobraz\/\",\"name\":\"Decobraz Tarimas\",\"description\":\"Decobraz Distribuidor Oficial\",\"publisher\":{\"@id\":\"https:\/\/www.entrenenufares.es\/clickandbuilds\/decobraz\/#organization\"},\"alternateName\":\"Suelos Decobraz Maderas\",\"potentialAction\":[{\"@type\":\"SearchAction\",\"target\":{\"@type\":\"EntryPoint\",\"urlTemplate\":\"https:\/\/www.entrenenufares.es\/clickandbuilds\/decobraz\/?s={search_term_string}\"},\"query-input\":{\"@type\":\"PropertyValueSpecification\",\"valueRequired\":true,\"valueName\":\"search_term_string\"}}],\"inLanguage\":\"es\"},{\"@type\":[\"Organization\",\"Place\"],\"@id\":\"https:\/\/www.entrenenufares.es\/clickandbuilds\/decobraz\/#organization\",\"name\":\"Decobraz Tarimas\",\"alternateName\":\"Tarimas Decobraz\",\"url\":\"https:\/\/www.entrenenufares.es\/clickandbuilds\/decobraz\/\",\"logo\":{\"@type\":\"ImageObject\",\"inLanguage\":\"es\",\"@id\":\"https:\/\/www.entrenenufares.es\/clickandbuilds\/decobraz\/#\/schema\/logo\/image\/\",\"url\":\"https:\/\/www.entrenenufares.es\/clickandbuilds\/decobraz\/wp-content\/uploads\/2017\/12\/logo_decobraz.png\",\"contentUrl\":\"https:\/\/www.entrenenufares.es\/clickandbuilds\/decobraz\/wp-content\/uploads\/2017\/12\/logo_decobraz.png\",\"width\":400,\"height\":107,\"caption\":\"Decobraz Tarimas\"},\"image\":{\"@id\":\"https:\/\/www.entrenenufares.es\/clickandbuilds\/decobraz\/#\/schema\/logo\/image\/\"},\"sameAs\":[\"https:\/\/www.facebook.com\/decobraz\/\",\"https:\/\/www.instagram.com\/decobraztarimas\/\"],\"openingHoursSpecification\":[{\"@type\":\"OpeningHoursSpecification\",\"dayOfWeek\":[\"Monday\",\"Tuesday\",\"Wednesday\",\"Thursday\",\"Friday\",\"Saturday\",\"Sunday\"],\"opens\":\"09:00\",\"closes\":\"17:00\"}]}]}<\/script>\n<!-- \/ Yoast SEO plugin. -->","yoast_head_json":{"title":"\u00a1Descubre el Suelo Laminado Nogal Minueto de Finfloor! - Decobraz","description":"Haz que tus espacios luzcan elegantes con el suelo laminado Finfloor en modelo Nogal Minueto Un dise\u00f1o neutro y moderno con matices c\u00e1lidos. \u00a1Descubre su calidad!","robots":{"index":"noindex","follow":"follow","max-snippet":"max-snippet:-1","max-image-preview":"max-image-preview:large","max-video-preview":"max-video-preview:-1"},"og_locale":"es_ES","og_type":"article","og_title":"\u00a1Descubre el Suelo Laminado Nogal Minueto de Finfloor! - Decobraz","og_description":"Haz que tus espacios luzcan elegantes con el suelo laminado Finfloor en modelo Nogal Minueto Un dise\u00f1o neutro y moderno con matices c\u00e1lidos. \u00a1Descubre su calidad!","og_url":"https:\/\/www.entrenenufares.es\/clickandbuilds\/decobraz\/producto\/nogal-minueto\/","og_site_name":"Decobraz","article_publisher":"https:\/\/www.facebook.com\/decobraz\/","article_modified_time":"2026-03-31T10:18:53+00:00","og_image":[{"width":675,"height":675,"url":"https:\/\/www.entrenenufares.es\/clickandbuilds\/decobraz\/wp-content\/uploads\/2023\/05\/324b-nogal-minueto.webp","type":"image\/jpeg"}],"twitter_card":"summary_large_image","twitter_misc":{"Tiempo de lectura":"2 minutos"},"schema":{"@context":"https:\/\/schema.org","@graph":[{"@type":"WebPage","@id":"https:\/\/www.entrenenufares.es\/clickandbuilds\/decobraz\/producto\/nogal-minueto\/","url":"https:\/\/www.entrenenufares.es\/clickandbuilds\/decobraz\/producto\/nogal-minueto\/","name":"\u00a1Descubre el Suelo Laminado Nogal Minueto de Finfloor! - Decobraz","isPartOf":{"@id":"https:\/\/www.entrenenufares.es\/clickandbuilds\/decobraz\/#website"},"primaryImageOfPage":{"@id":"https:\/\/www.entrenenufares.es\/clickandbuilds\/decobraz\/producto\/nogal-minueto\/#primaryimage"},"image":{"@id":"https:\/\/www.entrenenufares.es\/clickandbuilds\/decobraz\/producto\/nogal-minueto\/#primaryimage"},"thumbnailUrl":"https:\/\/www.entrenenufares.es\/clickandbuilds\/decobraz\/wp-content\/uploads\/2023\/05\/324b-nogal-minueto.webp","datePublished":"2023-06-07T13:40:15+00:00","dateModified":"2026-03-31T10:18:53+00:00","description":"Haz que tus espacios luzcan elegantes con el suelo laminado Finfloor en modelo Nogal Minueto Un dise\u00f1o neutro y moderno con matices c\u00e1lidos. \u00a1Descubre su calidad!","breadcrumb":{"@id":"https:\/\/www.entrenenufares.es\/clickandbuilds\/decobraz\/producto\/nogal-minueto\/#breadcrumb"},"inLanguage":"es","potentialAction":[{"@type":"ReadAction","target":["https:\/\/www.entrenenufares.es\/clickandbuilds\/decobraz\/producto\/nogal-minueto\/"]}]},{"@type":"ImageObject","inLanguage":"es","@id":"https:\/\/www.entrenenufares.es\/clickandbuilds\/decobraz\/producto\/nogal-minueto\/#primaryimage","url":"https:\/\/www.entrenenufares.es\/clickandbuilds\/decobraz\/wp-content\/uploads\/2023\/05\/324b-nogal-minueto.webp","contentUrl":"https:\/\/www.entrenenufares.es\/clickandbuilds\/decobraz\/wp-content\/uploads\/2023\/05\/324b-nogal-minueto.webp","width":675,"height":675,"caption":"Suelo Laminado Finfloor"},{"@type":"BreadcrumbList","@id":"https:\/\/www.entrenenufares.es\/clickandbuilds\/decobraz\/producto\/nogal-minueto\/#breadcrumb","itemListElement":[{"@type":"ListItem","position":1,"name":"Portada","item":"https:\/\/www.entrenenufares.es\/clickandbuilds\/decobraz\/"},{"@type":"ListItem","position":2,"name":"Tienda","item":"https:\/\/www.entrenenufares.es\/clickandbuilds\/decobraz\/tienda\/"},{"@type":"ListItem","position":3,"name":"Finfloor","item":"https:\/\/www.entrenenufares.es\/clickandbuilds\/decobraz\/marcas\/finfloor\/"},{"@type":"ListItem","position":4,"name":"Nogal Minueto"}]},{"@type":"WebSite","@id":"https:\/\/www.entrenenufares.es\/clickandbuilds\/decobraz\/#website","url":"https:\/\/www.entrenenufares.es\/clickandbuilds\/decobraz\/","name":"Decobraz Tarimas","description":"Decobraz Distribuidor Oficial","publisher":{"@id":"https:\/\/www.entrenenufares.es\/clickandbuilds\/decobraz\/#organization"},"alternateName":"Suelos Decobraz Maderas","potentialAction":[{"@type":"SearchAction","target":{"@type":"EntryPoint","urlTemplate":"https:\/\/www.entrenenufares.es\/clickandbuilds\/decobraz\/?s={search_term_string}"},"query-input":{"@type":"PropertyValueSpecification","valueRequired":true,"valueName":"search_term_string"}}],"inLanguage":"es"},{"@type":["Organization","Place"],"@id":"https:\/\/www.entrenenufares.es\/clickandbuilds\/decobraz\/#organization","name":"Decobraz Tarimas","alternateName":"Tarimas Decobraz","url":"https:\/\/www.entrenenufares.es\/clickandbuilds\/decobraz\/","logo":{"@type":"ImageObject","inLanguage":"es","@id":"https:\/\/www.entrenenufares.es\/clickandbuilds\/decobraz\/#\/schema\/logo\/image\/","url":"https:\/\/www.entrenenufares.es\/clickandbuilds\/decobraz\/wp-content\/uploads\/2017\/12\/logo_decobraz.png","contentUrl":"https:\/\/www.entrenenufares.es\/clickandbuilds\/decobraz\/wp-content\/uploads\/2017\/12\/logo_decobraz.png","width":400,"height":107,"caption":"Decobraz Tarimas"},"image":{"@id":"https:\/\/www.entrenenufares.es\/clickandbuilds\/decobraz\/#\/schema\/logo\/image\/"},"sameAs":["https:\/\/www.facebook.com\/decobraz\/","https:\/\/www.instagram.com\/decobraztarimas\/"],"openingHoursSpecification":[{"@type":"OpeningHoursSpecification","dayOfWeek":["Monday","Tuesday","Wednesday","Thursday","Friday","Saturday","Sunday"],"opens":"09:00","closes":"17:00"}]}]}},"_links":{"self":[{"href":"https:\/\/www.entrenenufares.es\/clickandbuilds\/decobraz\/wp-json\/wp\/v2\/product\/16250","targetHints":{"allow":["GET"]}}],"collection":[{"href":"https:\/\/www.entrenenufares.es\/clickandbuilds\/decobraz\/wp-json\/wp\/v2\/product"}],"about":[{"href":"https:\/\/www.entrenenufares.es\/clickandbuilds\/decobraz\/wp-json\/wp\/v2\/types\/product"}],"replies":[{"embeddable":true,"href":"https:\/\/www.entrenenufares.es\/clickandbuilds\/decobraz\/wp-json\/wp\/v2\/comments?post=16250"}],"version-history":[{"count":1,"href":"https:\/\/www.entrenenufares.es\/clickandbuilds\/decobraz\/wp-json\/wp\/v2\/product\/16250\/revisions"}],"predecessor-version":[{"id":41583,"href":"https:\/\/www.entrenenufares.es\/clickandbuilds\/decobraz\/wp-json\/wp\/v2\/product\/16250\/revisions\/41583"}],"wp:featuredmedia":[{"embeddable":true,"href":"https:\/\/www.entrenenufares.es\/clickandbuilds\/decobraz\/wp-json\/wp\/v2\/media\/13384"}],"wp:attachment":[{"href":"https:\/\/www.entrenenufares.es\/clickandbuilds\/decobraz\/wp-json\/wp\/v2\/media?parent=16250"}],"wp:term":[{"taxonomy":"product_brand","embeddable":true,"href":"https:\/\/www.entrenenufares.es\/clickandbuilds\/decobraz\/wp-json\/wp\/v2\/product_brand?post=16250"},{"taxonomy":"product_cat","embeddable":true,"href":"https:\/\/www.entrenenufares.es\/clickandbuilds\/decobraz\/wp-json\/wp\/v2\/product_cat?post=16250"},{"taxonomy":"product_tag","embeddable":true,"href":"https:\/\/www.entrenenufares.es\/clickandbuilds\/decobraz\/wp-json\/wp\/v2\/product_tag?post=16250"}],"curies":[{"name":"wp","href":"https:\/\/api.w.org\/{rel}","templated":true}]}}