{"id":15334,"date":"2023-06-06T14:36:18","date_gmt":"2023-06-06T12:36:18","guid":{"rendered":"https:\/\/www.entrenenufares.es\/clickandbuilds\/decobraz\/?post_type=product&#038;p=15334"},"modified":"2026-03-31T12:08:50","modified_gmt":"2026-03-31T10:08:50","slug":"arenisca","status":"publish","type":"product","link":"https:\/\/www.entrenenufares.es\/clickandbuilds\/decobraz\/producto\/arenisca\/","title":{"rendered":"Arenisca"},"content":{"rendered":"<p>Gracias a su aspecto de piedra natural, y con la suavidad y calidez de un suelo laminado, Muse combina lo mejor de ambos mundos. Es una baldosa laminada con el aspecto de piedra m\u00e1s realista que jam\u00e1s haya visto. Con los suelos laminados Muse de Quick Step, obtienes el hermoso aspecto de la piedra natural, sin la sensaci\u00f3n de fr\u00edo. Estos suelos suaves, c\u00e1lidos y confortables son un placer para los pies.<\/p>\n<p>La nueva colecci\u00f3n de suelos laminados Muse de Quick Step consta de 11 dise\u00f1os diferentes, cada uno \u00fanico. Por ello se han creado nada menos que 3 dise\u00f1os con aspecto de piedra azul, 6 dise\u00f1os con aspecto de cemento y 2 dise\u00f1os con aspecto de pizarra.<\/p>\n","protected":false},"excerpt":{"rendered":"<p><span data-webid=\"description\">LAMINADOS &#8211; MUSE | MUS5489<\/span><\/p>\n<p>Gracias a su aspecto de piedra, y con la suavidad y calidez de un suelo laminado, Muse combina lo mejor de ambos mundos.<\/p>\n","protected":false},"featured_media":12458,"comment_status":"open","ping_status":"closed","template":"","meta":[],"product_brand":[1372],"product_cat":[408,192],"product_tag":[314,315,366,364,194],"class_list":{"0":"post-15334","1":"product","2":"type-product","3":"status-publish","4":"has-post-thumbnail","6":"product_brand-quick-step","7":"product_cat-serie-muse","8":"product_cat-suelos-laminados","9":"product_tag-hydroseal","10":"product_tag-resistente-a-las-rayaduras","11":"product_tag-resistente-al-agua","12":"product_tag-resistentes-a-las-rayaduras","13":"product_tag-suelos-laminados-quick-step","14":"yith_product_brand-quick-step","16":"first","17":"instock","18":"taxable","19":"shipping-taxable","20":"purchasable","21":"product-type-simple"},"yoast_head":"<!-- This site is optimized with the Yoast SEO plugin v27.2 - https:\/\/yoast.com\/product\/yoast-seo-wordpress\/ -->\n<title>Arenisca - Decobraz<\/title>\n<meta name=\"description\" content=\"La Serie Muse de Suelos Laminados Quick Step son Resistente Al Agua, Resistentes A Las Rayaduras.\" \/>\n<meta name=\"robots\" content=\"noindex, follow, max-snippet:-1, max-image-preview:large, max-video-preview:-1\" \/>\n<meta property=\"og:locale\" content=\"es_ES\" \/>\n<meta property=\"og:type\" content=\"article\" \/>\n<meta property=\"og:title\" content=\"Arenisca - Decobraz\" \/>\n<meta property=\"og:description\" content=\"La Serie Muse de Suelos Laminados Quick Step son Resistente Al Agua, Resistentes A Las Rayaduras.\" \/>\n<meta property=\"og:url\" content=\"https:\/\/www.entrenenufares.es\/clickandbuilds\/decobraz\/producto\/arenisca\/\" \/>\n<meta property=\"og:site_name\" content=\"Decobraz\" \/>\n<meta property=\"article:publisher\" content=\"https:\/\/www.facebook.com\/decobraz\/\" \/>\n<meta property=\"article:modified_time\" content=\"2026-03-31T10:08:50+00:00\" \/>\n<meta property=\"og:image\" content=\"https:\/\/www.entrenenufares.es\/clickandbuilds\/decobraz\/wp-content\/uploads\/2023\/05\/arenisca3.webp\" \/>\n\t<meta property=\"og:image:width\" content=\"675\" \/>\n\t<meta property=\"og:image:height\" content=\"675\" \/>\n\t<meta property=\"og:image:type\" content=\"image\/jpeg\" \/>\n<meta name=\"twitter:card\" content=\"summary_large_image\" \/>\n<meta name=\"twitter:label1\" content=\"Tiempo de lectura\" \/>\n\t<meta name=\"twitter:data1\" content=\"1 minuto\" \/>\n<script type=\"application\/ld+json\" class=\"yoast-schema-graph\">{\"@context\":\"https:\/\/schema.org\",\"@graph\":[{\"@type\":\"WebPage\",\"@id\":\"https:\/\/www.entrenenufares.es\/clickandbuilds\/decobraz\/producto\/arenisca\/\",\"url\":\"https:\/\/www.entrenenufares.es\/clickandbuilds\/decobraz\/producto\/arenisca\/\",\"name\":\"Arenisca - Decobraz\",\"isPartOf\":{\"@id\":\"https:\/\/www.entrenenufares.es\/clickandbuilds\/decobraz\/#website\"},\"primaryImageOfPage\":{\"@id\":\"https:\/\/www.entrenenufares.es\/clickandbuilds\/decobraz\/producto\/arenisca\/#primaryimage\"},\"image\":{\"@id\":\"https:\/\/www.entrenenufares.es\/clickandbuilds\/decobraz\/producto\/arenisca\/#primaryimage\"},\"thumbnailUrl\":\"https:\/\/www.entrenenufares.es\/clickandbuilds\/decobraz\/wp-content\/uploads\/2023\/05\/arenisca3.webp\",\"datePublished\":\"2023-06-06T12:36:18+00:00\",\"dateModified\":\"2026-03-31T10:08:50+00:00\",\"description\":\"La Serie Muse de Suelos Laminados Quick Step son Resistente Al Agua, Resistentes A Las Rayaduras.\",\"breadcrumb\":{\"@id\":\"https:\/\/www.entrenenufares.es\/clickandbuilds\/decobraz\/producto\/arenisca\/#breadcrumb\"},\"inLanguage\":\"es\",\"potentialAction\":[{\"@type\":\"ReadAction\",\"target\":[\"https:\/\/www.entrenenufares.es\/clickandbuilds\/decobraz\/producto\/arenisca\/\"]}]},{\"@type\":\"ImageObject\",\"inLanguage\":\"es\",\"@id\":\"https:\/\/www.entrenenufares.es\/clickandbuilds\/decobraz\/producto\/arenisca\/#primaryimage\",\"url\":\"https:\/\/www.entrenenufares.es\/clickandbuilds\/decobraz\/wp-content\/uploads\/2023\/05\/arenisca3.webp\",\"contentUrl\":\"https:\/\/www.entrenenufares.es\/clickandbuilds\/decobraz\/wp-content\/uploads\/2023\/05\/arenisca3.webp\",\"width\":675,\"height\":675},{\"@type\":\"BreadcrumbList\",\"@id\":\"https:\/\/www.entrenenufares.es\/clickandbuilds\/decobraz\/producto\/arenisca\/#breadcrumb\",\"itemListElement\":[{\"@type\":\"ListItem\",\"position\":1,\"name\":\"Portada\",\"item\":\"https:\/\/www.entrenenufares.es\/clickandbuilds\/decobraz\/\"},{\"@type\":\"ListItem\",\"position\":2,\"name\":\"Tienda\",\"item\":\"https:\/\/www.entrenenufares.es\/clickandbuilds\/decobraz\/tienda\/\"},{\"@type\":\"ListItem\",\"position\":3,\"name\":\"Quick Step\",\"item\":\"https:\/\/www.entrenenufares.es\/clickandbuilds\/decobraz\/marcas\/quick-step\/\"},{\"@type\":\"ListItem\",\"position\":4,\"name\":\"Arenisca\"}]},{\"@type\":\"WebSite\",\"@id\":\"https:\/\/www.entrenenufares.es\/clickandbuilds\/decobraz\/#website\",\"url\":\"https:\/\/www.entrenenufares.es\/clickandbuilds\/decobraz\/\",\"name\":\"Decobraz Tarimas\",\"description\":\"Decobraz Distribuidor Oficial\",\"publisher\":{\"@id\":\"https:\/\/www.entrenenufares.es\/clickandbuilds\/decobraz\/#organization\"},\"alternateName\":\"Suelos Decobraz Maderas\",\"potentialAction\":[{\"@type\":\"SearchAction\",\"target\":{\"@type\":\"EntryPoint\",\"urlTemplate\":\"https:\/\/www.entrenenufares.es\/clickandbuilds\/decobraz\/?s={search_term_string}\"},\"query-input\":{\"@type\":\"PropertyValueSpecification\",\"valueRequired\":true,\"valueName\":\"search_term_string\"}}],\"inLanguage\":\"es\"},{\"@type\":[\"Organization\",\"Place\"],\"@id\":\"https:\/\/www.entrenenufares.es\/clickandbuilds\/decobraz\/#organization\",\"name\":\"Decobraz Tarimas\",\"alternateName\":\"Tarimas Decobraz\",\"url\":\"https:\/\/www.entrenenufares.es\/clickandbuilds\/decobraz\/\",\"logo\":{\"@type\":\"ImageObject\",\"inLanguage\":\"es\",\"@id\":\"https:\/\/www.entrenenufares.es\/clickandbuilds\/decobraz\/#\/schema\/logo\/image\/\",\"url\":\"https:\/\/www.entrenenufares.es\/clickandbuilds\/decobraz\/wp-content\/uploads\/2017\/12\/logo_decobraz.png\",\"contentUrl\":\"https:\/\/www.entrenenufares.es\/clickandbuilds\/decobraz\/wp-content\/uploads\/2017\/12\/logo_decobraz.png\",\"width\":400,\"height\":107,\"caption\":\"Decobraz Tarimas\"},\"image\":{\"@id\":\"https:\/\/www.entrenenufares.es\/clickandbuilds\/decobraz\/#\/schema\/logo\/image\/\"},\"sameAs\":[\"https:\/\/www.facebook.com\/decobraz\/\",\"https:\/\/www.instagram.com\/decobraztarimas\/\"],\"openingHoursSpecification\":[{\"@type\":\"OpeningHoursSpecification\",\"dayOfWeek\":[\"Monday\",\"Tuesday\",\"Wednesday\",\"Thursday\",\"Friday\",\"Saturday\",\"Sunday\"],\"opens\":\"09:00\",\"closes\":\"17:00\"}]}]}<\/script>\n<!-- \/ Yoast SEO plugin. -->","yoast_head_json":{"title":"Arenisca - Decobraz","description":"La Serie Muse de Suelos Laminados Quick Step son Resistente Al Agua, Resistentes A Las Rayaduras.","robots":{"index":"noindex","follow":"follow","max-snippet":"max-snippet:-1","max-image-preview":"max-image-preview:large","max-video-preview":"max-video-preview:-1"},"og_locale":"es_ES","og_type":"article","og_title":"Arenisca - Decobraz","og_description":"La Serie Muse de Suelos Laminados Quick Step son Resistente Al Agua, Resistentes A Las Rayaduras.","og_url":"https:\/\/www.entrenenufares.es\/clickandbuilds\/decobraz\/producto\/arenisca\/","og_site_name":"Decobraz","article_publisher":"https:\/\/www.facebook.com\/decobraz\/","article_modified_time":"2026-03-31T10:08:50+00:00","og_image":[{"width":675,"height":675,"url":"https:\/\/www.entrenenufares.es\/clickandbuilds\/decobraz\/wp-content\/uploads\/2023\/05\/arenisca3.webp","type":"image\/jpeg"}],"twitter_card":"summary_large_image","twitter_misc":{"Tiempo de lectura":"1 minuto"},"schema":{"@context":"https:\/\/schema.org","@graph":[{"@type":"WebPage","@id":"https:\/\/www.entrenenufares.es\/clickandbuilds\/decobraz\/producto\/arenisca\/","url":"https:\/\/www.entrenenufares.es\/clickandbuilds\/decobraz\/producto\/arenisca\/","name":"Arenisca - Decobraz","isPartOf":{"@id":"https:\/\/www.entrenenufares.es\/clickandbuilds\/decobraz\/#website"},"primaryImageOfPage":{"@id":"https:\/\/www.entrenenufares.es\/clickandbuilds\/decobraz\/producto\/arenisca\/#primaryimage"},"image":{"@id":"https:\/\/www.entrenenufares.es\/clickandbuilds\/decobraz\/producto\/arenisca\/#primaryimage"},"thumbnailUrl":"https:\/\/www.entrenenufares.es\/clickandbuilds\/decobraz\/wp-content\/uploads\/2023\/05\/arenisca3.webp","datePublished":"2023-06-06T12:36:18+00:00","dateModified":"2026-03-31T10:08:50+00:00","description":"La Serie Muse de Suelos Laminados Quick Step son Resistente Al Agua, Resistentes A Las Rayaduras.","breadcrumb":{"@id":"https:\/\/www.entrenenufares.es\/clickandbuilds\/decobraz\/producto\/arenisca\/#breadcrumb"},"inLanguage":"es","potentialAction":[{"@type":"ReadAction","target":["https:\/\/www.entrenenufares.es\/clickandbuilds\/decobraz\/producto\/arenisca\/"]}]},{"@type":"ImageObject","inLanguage":"es","@id":"https:\/\/www.entrenenufares.es\/clickandbuilds\/decobraz\/producto\/arenisca\/#primaryimage","url":"https:\/\/www.entrenenufares.es\/clickandbuilds\/decobraz\/wp-content\/uploads\/2023\/05\/arenisca3.webp","contentUrl":"https:\/\/www.entrenenufares.es\/clickandbuilds\/decobraz\/wp-content\/uploads\/2023\/05\/arenisca3.webp","width":675,"height":675},{"@type":"BreadcrumbList","@id":"https:\/\/www.entrenenufares.es\/clickandbuilds\/decobraz\/producto\/arenisca\/#breadcrumb","itemListElement":[{"@type":"ListItem","position":1,"name":"Portada","item":"https:\/\/www.entrenenufares.es\/clickandbuilds\/decobraz\/"},{"@type":"ListItem","position":2,"name":"Tienda","item":"https:\/\/www.entrenenufares.es\/clickandbuilds\/decobraz\/tienda\/"},{"@type":"ListItem","position":3,"name":"Quick Step","item":"https:\/\/www.entrenenufares.es\/clickandbuilds\/decobraz\/marcas\/quick-step\/"},{"@type":"ListItem","position":4,"name":"Arenisca"}]},{"@type":"WebSite","@id":"https:\/\/www.entrenenufares.es\/clickandbuilds\/decobraz\/#website","url":"https:\/\/www.entrenenufares.es\/clickandbuilds\/decobraz\/","name":"Decobraz Tarimas","description":"Decobraz Distribuidor Oficial","publisher":{"@id":"https:\/\/www.entrenenufares.es\/clickandbuilds\/decobraz\/#organization"},"alternateName":"Suelos Decobraz Maderas","potentialAction":[{"@type":"SearchAction","target":{"@type":"EntryPoint","urlTemplate":"https:\/\/www.entrenenufares.es\/clickandbuilds\/decobraz\/?s={search_term_string}"},"query-input":{"@type":"PropertyValueSpecification","valueRequired":true,"valueName":"search_term_string"}}],"inLanguage":"es"},{"@type":["Organization","Place"],"@id":"https:\/\/www.entrenenufares.es\/clickandbuilds\/decobraz\/#organization","name":"Decobraz Tarimas","alternateName":"Tarimas Decobraz","url":"https:\/\/www.entrenenufares.es\/clickandbuilds\/decobraz\/","logo":{"@type":"ImageObject","inLanguage":"es","@id":"https:\/\/www.entrenenufares.es\/clickandbuilds\/decobraz\/#\/schema\/logo\/image\/","url":"https:\/\/www.entrenenufares.es\/clickandbuilds\/decobraz\/wp-content\/uploads\/2017\/12\/logo_decobraz.png","contentUrl":"https:\/\/www.entrenenufares.es\/clickandbuilds\/decobraz\/wp-content\/uploads\/2017\/12\/logo_decobraz.png","width":400,"height":107,"caption":"Decobraz Tarimas"},"image":{"@id":"https:\/\/www.entrenenufares.es\/clickandbuilds\/decobraz\/#\/schema\/logo\/image\/"},"sameAs":["https:\/\/www.facebook.com\/decobraz\/","https:\/\/www.instagram.com\/decobraztarimas\/"],"openingHoursSpecification":[{"@type":"OpeningHoursSpecification","dayOfWeek":["Monday","Tuesday","Wednesday","Thursday","Friday","Saturday","Sunday"],"opens":"09:00","closes":"17:00"}]}]}},"_links":{"self":[{"href":"https:\/\/www.entrenenufares.es\/clickandbuilds\/decobraz\/wp-json\/wp\/v2\/product\/15334","targetHints":{"allow":["GET"]}}],"collection":[{"href":"https:\/\/www.entrenenufares.es\/clickandbuilds\/decobraz\/wp-json\/wp\/v2\/product"}],"about":[{"href":"https:\/\/www.entrenenufares.es\/clickandbuilds\/decobraz\/wp-json\/wp\/v2\/types\/product"}],"replies":[{"embeddable":true,"href":"https:\/\/www.entrenenufares.es\/clickandbuilds\/decobraz\/wp-json\/wp\/v2\/comments?post=15334"}],"version-history":[{"count":1,"href":"https:\/\/www.entrenenufares.es\/clickandbuilds\/decobraz\/wp-json\/wp\/v2\/product\/15334\/revisions"}],"predecessor-version":[{"id":41199,"href":"https:\/\/www.entrenenufares.es\/clickandbuilds\/decobraz\/wp-json\/wp\/v2\/product\/15334\/revisions\/41199"}],"wp:featuredmedia":[{"embeddable":true,"href":"https:\/\/www.entrenenufares.es\/clickandbuilds\/decobraz\/wp-json\/wp\/v2\/media\/12458"}],"wp:attachment":[{"href":"https:\/\/www.entrenenufares.es\/clickandbuilds\/decobraz\/wp-json\/wp\/v2\/media?parent=15334"}],"wp:term":[{"taxonomy":"product_brand","embeddable":true,"href":"https:\/\/www.entrenenufares.es\/clickandbuilds\/decobraz\/wp-json\/wp\/v2\/product_brand?post=15334"},{"taxonomy":"product_cat","embeddable":true,"href":"https:\/\/www.entrenenufares.es\/clickandbuilds\/decobraz\/wp-json\/wp\/v2\/product_cat?post=15334"},{"taxonomy":"product_tag","embeddable":true,"href":"https:\/\/www.entrenenufares.es\/clickandbuilds\/decobraz\/wp-json\/wp\/v2\/product_tag?post=15334"}],"curies":[{"name":"wp","href":"https:\/\/api.w.org\/{rel}","templated":true}]}}