{"id":15149,"date":"2023-06-06T14:34:52","date_gmt":"2023-06-06T12:34:52","guid":{"rendered":"https:\/\/www.entrenenufares.es\/clickandbuilds\/decobraz\/producto\/nogal-chic\/"},"modified":"2026-03-31T12:11:52","modified_gmt":"2026-03-31T10:11:52","slug":"nogal-chic","status":"publish","type":"product","link":"https:\/\/www.entrenenufares.es\/clickandbuilds\/decobraz\/producto\/nogal-chic\/","title":{"rendered":"Nogal chic"},"content":{"rendered":"<p>El esp\u00edritu de la nueva\u00a0<strong>colecci\u00f3n Capture de suelos laminados Quick Step<\/strong>\u00a0es un piso laminado que se ve y se siente como madera real, sin compromiso. Desde 1990, Quick-Step ha superado continuamente los l\u00edmites de desarrollo en la facilidad de instalaci\u00f3n y pisos resistentes al agua y con Capture ahora han perfeccionado los atributos realistas de un piso de madera real. El dise\u00f1o y las juntas d euni\u00f3n son m\u00e1s refinados y aut\u00e9nticos. La estructura precisa y afilada.<\/p>\n<p>La inspiraci\u00f3n para la creaci\u00f3n de Capture de Quick-Step, se sit\u00faa en la influencia de \u00c1frica y Sudam\u00e9rica con sus c\u00e1lidos y ex\u00f3ticos tonos terrosos, materiales hechos a mano y elementos naturales.<\/p>\n<p>La nueva colecci\u00f3n\u00a0 de suelos laminados Capture Quick Step consta de 18 dise\u00f1os de pisos, cada uno \u00fanico, y cada uno de ellos destaca por su incomparable nivel de refinamiento.<\/p>\n","protected":false},"excerpt":{"rendered":"<p><span data-webid=\"description\">LAMINADOS &#8211; Capture |<\/span> SIG4761<\/p>\n<p>Se ve y se siente como madera real, sin compromiso.<\/p>\n","protected":false},"featured_media":12114,"comment_status":"open","ping_status":"closed","template":"","meta":[],"product_brand":[1372],"product_cat":[216,192],"product_tag":[194],"class_list":{"0":"post-15149","1":"product","2":"type-product","3":"status-publish","4":"has-post-thumbnail","6":"product_brand-quick-step","7":"product_cat-serie-capture","8":"product_cat-suelos-laminados","9":"product_tag-suelos-laminados-quick-step","10":"yith_product_brand-quick-step","12":"first","13":"instock","14":"taxable","15":"shipping-taxable","16":"purchasable","17":"product-type-simple"},"yoast_head":"<!-- This site is optimized with the Yoast SEO plugin v27.2 - https:\/\/yoast.com\/product\/yoast-seo-wordpress\/ -->\n<title>Quick Step: Pisos laminados con atributos realistas y duraderos Serie Impressive Quick Step - Decobraz<\/title>\n<meta name=\"description\" content=\"Descubre la colecci\u00f3n Capture de suelos laminados Quick Step y experimenta la belleza de la madera real en tu hogar. \u00a1Instalaci\u00f3n f\u00e1cil y resistencia al agua incluidas!\" \/>\n<meta name=\"robots\" content=\"noindex, follow, max-snippet:-1, max-image-preview:large, max-video-preview:-1\" \/>\n<meta property=\"og:locale\" content=\"es_ES\" \/>\n<meta property=\"og:type\" content=\"article\" \/>\n<meta property=\"og:title\" content=\"Quick Step: Pisos laminados con atributos realistas y duraderos Serie Impressive Quick Step - Decobraz\" \/>\n<meta property=\"og:description\" content=\"Descubre la colecci\u00f3n Capture de suelos laminados Quick Step y experimenta la belleza de la madera real en tu hogar. \u00a1Instalaci\u00f3n f\u00e1cil y resistencia al agua incluidas!\" \/>\n<meta property=\"og:url\" content=\"https:\/\/www.entrenenufares.es\/clickandbuilds\/decobraz\/producto\/nogal-chic\/\" \/>\n<meta property=\"og:site_name\" content=\"Decobraz\" \/>\n<meta property=\"article:publisher\" content=\"https:\/\/www.facebook.com\/decobraz\/\" \/>\n<meta property=\"article:modified_time\" content=\"2026-03-31T10:11:52+00:00\" \/>\n<meta property=\"og:image\" content=\"https:\/\/www.entrenenufares.es\/clickandbuilds\/decobraz\/wp-content\/uploads\/2023\/05\/sig4761-2.webp\" \/>\n\t<meta property=\"og:image:width\" content=\"722\" \/>\n\t<meta property=\"og:image:height\" content=\"722\" \/>\n\t<meta property=\"og:image:type\" content=\"image\/jpeg\" \/>\n<meta name=\"twitter:card\" content=\"summary_large_image\" \/>\n<meta name=\"twitter:label1\" content=\"Tiempo de lectura\" \/>\n\t<meta name=\"twitter:data1\" content=\"2 minutos\" \/>\n<script type=\"application\/ld+json\" class=\"yoast-schema-graph\">{\"@context\":\"https:\/\/schema.org\",\"@graph\":[{\"@type\":\"WebPage\",\"@id\":\"https:\/\/www.entrenenufares.es\/clickandbuilds\/decobraz\/producto\/nogal-chic\/\",\"url\":\"https:\/\/www.entrenenufares.es\/clickandbuilds\/decobraz\/producto\/nogal-chic\/\",\"name\":\"Quick Step: Pisos laminados con atributos realistas y duraderos Serie Impressive Quick Step - Decobraz\",\"isPartOf\":{\"@id\":\"https:\/\/www.entrenenufares.es\/clickandbuilds\/decobraz\/#website\"},\"primaryImageOfPage\":{\"@id\":\"https:\/\/www.entrenenufares.es\/clickandbuilds\/decobraz\/producto\/nogal-chic\/#primaryimage\"},\"image\":{\"@id\":\"https:\/\/www.entrenenufares.es\/clickandbuilds\/decobraz\/producto\/nogal-chic\/#primaryimage\"},\"thumbnailUrl\":\"https:\/\/www.entrenenufares.es\/clickandbuilds\/decobraz\/wp-content\/uploads\/2023\/05\/sig4761-2.webp\",\"datePublished\":\"2023-06-06T12:34:52+00:00\",\"dateModified\":\"2026-03-31T10:11:52+00:00\",\"description\":\"Descubre la colecci\u00f3n Capture de suelos laminados Quick Step y experimenta la belleza de la madera real en tu hogar. \u00a1Instalaci\u00f3n f\u00e1cil y resistencia al agua incluidas!\",\"breadcrumb\":{\"@id\":\"https:\/\/www.entrenenufares.es\/clickandbuilds\/decobraz\/producto\/nogal-chic\/#breadcrumb\"},\"inLanguage\":\"es\",\"potentialAction\":[{\"@type\":\"ReadAction\",\"target\":[\"https:\/\/www.entrenenufares.es\/clickandbuilds\/decobraz\/producto\/nogal-chic\/\"]}]},{\"@type\":\"ImageObject\",\"inLanguage\":\"es\",\"@id\":\"https:\/\/www.entrenenufares.es\/clickandbuilds\/decobraz\/producto\/nogal-chic\/#primaryimage\",\"url\":\"https:\/\/www.entrenenufares.es\/clickandbuilds\/decobraz\/wp-content\/uploads\/2023\/05\/sig4761-2.webp\",\"contentUrl\":\"https:\/\/www.entrenenufares.es\/clickandbuilds\/decobraz\/wp-content\/uploads\/2023\/05\/sig4761-2.webp\",\"width\":722,\"height\":722},{\"@type\":\"BreadcrumbList\",\"@id\":\"https:\/\/www.entrenenufares.es\/clickandbuilds\/decobraz\/producto\/nogal-chic\/#breadcrumb\",\"itemListElement\":[{\"@type\":\"ListItem\",\"position\":1,\"name\":\"Portada\",\"item\":\"https:\/\/www.entrenenufares.es\/clickandbuilds\/decobraz\/\"},{\"@type\":\"ListItem\",\"position\":2,\"name\":\"Tienda\",\"item\":\"https:\/\/www.entrenenufares.es\/clickandbuilds\/decobraz\/tienda\/\"},{\"@type\":\"ListItem\",\"position\":3,\"name\":\"Quick Step\",\"item\":\"https:\/\/www.entrenenufares.es\/clickandbuilds\/decobraz\/marcas\/quick-step\/\"},{\"@type\":\"ListItem\",\"position\":4,\"name\":\"Nogal chic\"}]},{\"@type\":\"WebSite\",\"@id\":\"https:\/\/www.entrenenufares.es\/clickandbuilds\/decobraz\/#website\",\"url\":\"https:\/\/www.entrenenufares.es\/clickandbuilds\/decobraz\/\",\"name\":\"Decobraz Tarimas\",\"description\":\"Decobraz Distribuidor Oficial\",\"publisher\":{\"@id\":\"https:\/\/www.entrenenufares.es\/clickandbuilds\/decobraz\/#organization\"},\"alternateName\":\"Suelos Decobraz Maderas\",\"potentialAction\":[{\"@type\":\"SearchAction\",\"target\":{\"@type\":\"EntryPoint\",\"urlTemplate\":\"https:\/\/www.entrenenufares.es\/clickandbuilds\/decobraz\/?s={search_term_string}\"},\"query-input\":{\"@type\":\"PropertyValueSpecification\",\"valueRequired\":true,\"valueName\":\"search_term_string\"}}],\"inLanguage\":\"es\"},{\"@type\":[\"Organization\",\"Place\"],\"@id\":\"https:\/\/www.entrenenufares.es\/clickandbuilds\/decobraz\/#organization\",\"name\":\"Decobraz Tarimas\",\"alternateName\":\"Tarimas Decobraz\",\"url\":\"https:\/\/www.entrenenufares.es\/clickandbuilds\/decobraz\/\",\"logo\":{\"@type\":\"ImageObject\",\"inLanguage\":\"es\",\"@id\":\"https:\/\/www.entrenenufares.es\/clickandbuilds\/decobraz\/#\/schema\/logo\/image\/\",\"url\":\"https:\/\/www.entrenenufares.es\/clickandbuilds\/decobraz\/wp-content\/uploads\/2017\/12\/logo_decobraz.png\",\"contentUrl\":\"https:\/\/www.entrenenufares.es\/clickandbuilds\/decobraz\/wp-content\/uploads\/2017\/12\/logo_decobraz.png\",\"width\":400,\"height\":107,\"caption\":\"Decobraz Tarimas\"},\"image\":{\"@id\":\"https:\/\/www.entrenenufares.es\/clickandbuilds\/decobraz\/#\/schema\/logo\/image\/\"},\"sameAs\":[\"https:\/\/www.facebook.com\/decobraz\/\",\"https:\/\/www.instagram.com\/decobraztarimas\/\"],\"openingHoursSpecification\":[{\"@type\":\"OpeningHoursSpecification\",\"dayOfWeek\":[\"Monday\",\"Tuesday\",\"Wednesday\",\"Thursday\",\"Friday\",\"Saturday\",\"Sunday\"],\"opens\":\"09:00\",\"closes\":\"17:00\"}]}]}<\/script>\n<!-- \/ Yoast SEO plugin. -->","yoast_head_json":{"title":"Quick Step: Pisos laminados con atributos realistas y duraderos Serie Impressive Quick Step - Decobraz","description":"Descubre la colecci\u00f3n Capture de suelos laminados Quick Step y experimenta la belleza de la madera real en tu hogar. \u00a1Instalaci\u00f3n f\u00e1cil y resistencia al agua incluidas!","robots":{"index":"noindex","follow":"follow","max-snippet":"max-snippet:-1","max-image-preview":"max-image-preview:large","max-video-preview":"max-video-preview:-1"},"og_locale":"es_ES","og_type":"article","og_title":"Quick Step: Pisos laminados con atributos realistas y duraderos Serie Impressive Quick Step - Decobraz","og_description":"Descubre la colecci\u00f3n Capture de suelos laminados Quick Step y experimenta la belleza de la madera real en tu hogar. \u00a1Instalaci\u00f3n f\u00e1cil y resistencia al agua incluidas!","og_url":"https:\/\/www.entrenenufares.es\/clickandbuilds\/decobraz\/producto\/nogal-chic\/","og_site_name":"Decobraz","article_publisher":"https:\/\/www.facebook.com\/decobraz\/","article_modified_time":"2026-03-31T10:11:52+00:00","og_image":[{"width":722,"height":722,"url":"https:\/\/www.entrenenufares.es\/clickandbuilds\/decobraz\/wp-content\/uploads\/2023\/05\/sig4761-2.webp","type":"image\/jpeg"}],"twitter_card":"summary_large_image","twitter_misc":{"Tiempo de lectura":"2 minutos"},"schema":{"@context":"https:\/\/schema.org","@graph":[{"@type":"WebPage","@id":"https:\/\/www.entrenenufares.es\/clickandbuilds\/decobraz\/producto\/nogal-chic\/","url":"https:\/\/www.entrenenufares.es\/clickandbuilds\/decobraz\/producto\/nogal-chic\/","name":"Quick Step: Pisos laminados con atributos realistas y duraderos Serie Impressive Quick Step - Decobraz","isPartOf":{"@id":"https:\/\/www.entrenenufares.es\/clickandbuilds\/decobraz\/#website"},"primaryImageOfPage":{"@id":"https:\/\/www.entrenenufares.es\/clickandbuilds\/decobraz\/producto\/nogal-chic\/#primaryimage"},"image":{"@id":"https:\/\/www.entrenenufares.es\/clickandbuilds\/decobraz\/producto\/nogal-chic\/#primaryimage"},"thumbnailUrl":"https:\/\/www.entrenenufares.es\/clickandbuilds\/decobraz\/wp-content\/uploads\/2023\/05\/sig4761-2.webp","datePublished":"2023-06-06T12:34:52+00:00","dateModified":"2026-03-31T10:11:52+00:00","description":"Descubre la colecci\u00f3n Capture de suelos laminados Quick Step y experimenta la belleza de la madera real en tu hogar. \u00a1Instalaci\u00f3n f\u00e1cil y resistencia al agua incluidas!","breadcrumb":{"@id":"https:\/\/www.entrenenufares.es\/clickandbuilds\/decobraz\/producto\/nogal-chic\/#breadcrumb"},"inLanguage":"es","potentialAction":[{"@type":"ReadAction","target":["https:\/\/www.entrenenufares.es\/clickandbuilds\/decobraz\/producto\/nogal-chic\/"]}]},{"@type":"ImageObject","inLanguage":"es","@id":"https:\/\/www.entrenenufares.es\/clickandbuilds\/decobraz\/producto\/nogal-chic\/#primaryimage","url":"https:\/\/www.entrenenufares.es\/clickandbuilds\/decobraz\/wp-content\/uploads\/2023\/05\/sig4761-2.webp","contentUrl":"https:\/\/www.entrenenufares.es\/clickandbuilds\/decobraz\/wp-content\/uploads\/2023\/05\/sig4761-2.webp","width":722,"height":722},{"@type":"BreadcrumbList","@id":"https:\/\/www.entrenenufares.es\/clickandbuilds\/decobraz\/producto\/nogal-chic\/#breadcrumb","itemListElement":[{"@type":"ListItem","position":1,"name":"Portada","item":"https:\/\/www.entrenenufares.es\/clickandbuilds\/decobraz\/"},{"@type":"ListItem","position":2,"name":"Tienda","item":"https:\/\/www.entrenenufares.es\/clickandbuilds\/decobraz\/tienda\/"},{"@type":"ListItem","position":3,"name":"Quick Step","item":"https:\/\/www.entrenenufares.es\/clickandbuilds\/decobraz\/marcas\/quick-step\/"},{"@type":"ListItem","position":4,"name":"Nogal chic"}]},{"@type":"WebSite","@id":"https:\/\/www.entrenenufares.es\/clickandbuilds\/decobraz\/#website","url":"https:\/\/www.entrenenufares.es\/clickandbuilds\/decobraz\/","name":"Decobraz Tarimas","description":"Decobraz Distribuidor Oficial","publisher":{"@id":"https:\/\/www.entrenenufares.es\/clickandbuilds\/decobraz\/#organization"},"alternateName":"Suelos Decobraz Maderas","potentialAction":[{"@type":"SearchAction","target":{"@type":"EntryPoint","urlTemplate":"https:\/\/www.entrenenufares.es\/clickandbuilds\/decobraz\/?s={search_term_string}"},"query-input":{"@type":"PropertyValueSpecification","valueRequired":true,"valueName":"search_term_string"}}],"inLanguage":"es"},{"@type":["Organization","Place"],"@id":"https:\/\/www.entrenenufares.es\/clickandbuilds\/decobraz\/#organization","name":"Decobraz Tarimas","alternateName":"Tarimas Decobraz","url":"https:\/\/www.entrenenufares.es\/clickandbuilds\/decobraz\/","logo":{"@type":"ImageObject","inLanguage":"es","@id":"https:\/\/www.entrenenufares.es\/clickandbuilds\/decobraz\/#\/schema\/logo\/image\/","url":"https:\/\/www.entrenenufares.es\/clickandbuilds\/decobraz\/wp-content\/uploads\/2017\/12\/logo_decobraz.png","contentUrl":"https:\/\/www.entrenenufares.es\/clickandbuilds\/decobraz\/wp-content\/uploads\/2017\/12\/logo_decobraz.png","width":400,"height":107,"caption":"Decobraz Tarimas"},"image":{"@id":"https:\/\/www.entrenenufares.es\/clickandbuilds\/decobraz\/#\/schema\/logo\/image\/"},"sameAs":["https:\/\/www.facebook.com\/decobraz\/","https:\/\/www.instagram.com\/decobraztarimas\/"],"openingHoursSpecification":[{"@type":"OpeningHoursSpecification","dayOfWeek":["Monday","Tuesday","Wednesday","Thursday","Friday","Saturday","Sunday"],"opens":"09:00","closes":"17:00"}]}]}},"_links":{"self":[{"href":"https:\/\/www.entrenenufares.es\/clickandbuilds\/decobraz\/wp-json\/wp\/v2\/product\/15149","targetHints":{"allow":["GET"]}}],"collection":[{"href":"https:\/\/www.entrenenufares.es\/clickandbuilds\/decobraz\/wp-json\/wp\/v2\/product"}],"about":[{"href":"https:\/\/www.entrenenufares.es\/clickandbuilds\/decobraz\/wp-json\/wp\/v2\/types\/product"}],"replies":[{"embeddable":true,"href":"https:\/\/www.entrenenufares.es\/clickandbuilds\/decobraz\/wp-json\/wp\/v2\/comments?post=15149"}],"version-history":[{"count":1,"href":"https:\/\/www.entrenenufares.es\/clickandbuilds\/decobraz\/wp-json\/wp\/v2\/product\/15149\/revisions"}],"predecessor-version":[{"id":41333,"href":"https:\/\/www.entrenenufares.es\/clickandbuilds\/decobraz\/wp-json\/wp\/v2\/product\/15149\/revisions\/41333"}],"wp:featuredmedia":[{"embeddable":true,"href":"https:\/\/www.entrenenufares.es\/clickandbuilds\/decobraz\/wp-json\/wp\/v2\/media\/12114"}],"wp:attachment":[{"href":"https:\/\/www.entrenenufares.es\/clickandbuilds\/decobraz\/wp-json\/wp\/v2\/media?parent=15149"}],"wp:term":[{"taxonomy":"product_brand","embeddable":true,"href":"https:\/\/www.entrenenufares.es\/clickandbuilds\/decobraz\/wp-json\/wp\/v2\/product_brand?post=15149"},{"taxonomy":"product_cat","embeddable":true,"href":"https:\/\/www.entrenenufares.es\/clickandbuilds\/decobraz\/wp-json\/wp\/v2\/product_cat?post=15149"},{"taxonomy":"product_tag","embeddable":true,"href":"https:\/\/www.entrenenufares.es\/clickandbuilds\/decobraz\/wp-json\/wp\/v2\/product_tag?post=15149"}],"curies":[{"name":"wp","href":"https:\/\/api.w.org\/{rel}","templated":true}]}}