{"id":56,"date":"2023-04-27T11:15:49","date_gmt":"2023-04-27T09:15:49","guid":{"rendered":"https:\/\/www.entrenenufares.es\/clickandbuilds\/decobraz\/?page_id=56"},"modified":"2025-03-05T14:27:34","modified_gmt":"2025-03-05T12:27:34","slug":"contacto","status":"publish","type":"page","link":"https:\/\/www.entrenenufares.es\/clickandbuilds\/decobraz\/contacto\/","title":{"rendered":"Contacto"},"content":{"rendered":"<p>[vc_row full_width=&#8221;fullwidth&#8221; css=&#8221;.vc_custom_1686646028413{margin-top: 0px !important;margin-bottom: 0px !important;border-top-width: 0px !important;border-bottom-width: 0px !important;padding-top: 0px !important;padding-bottom: 25px !important;}&#8221;][vc_column][rev_slider slidertitle=&#8221;Slide Contacto&#8221; alias=&#8221;slide-contacto&#8221;][\/vc_column][\/vc_row][vc_row full_width=&#8221;stretch&#8221; css=&#8221;.vc_custom_1684064980195{margin-bottom: 0px !important;border-bottom-width: 0px !important;padding-bottom: 0px !important;}&#8221;][vc_column width=&#8221;1\/2&#8243;][vc_custom_heading text=&#8221;P\u00eddenos m\u00e1s informaci\u00f3n sin ning\u00fan tipo de compromiso, por correo electr\u00f3nico o por tel\u00e9fono. Estaremos encantados de ayudarte con cualquier duda.&#8221; font_container=&#8221;tag:h5|text_align:left&#8221; use_theme_fonts=&#8221;yes&#8221;][vc_column_text css=&#8221;&#8221;]<\/p>\n<h3>Tiendas Exposici\u00f3n MADRID<\/h3>\n<p><strong><i class=\"fa fa-home\"><\/i> \u00a0Calle Alondra, 12 28025 Madrid<\/strong><br \/>\n<i class=\"fa fa-clock\"><\/i> \u00a0<strong>Horario:<\/strong> Lunes a Viernes de 10:00 a 14:00 y de 17:00 a 20:00. S\u00e1bados de 10:00 a 14:00.<br \/>\n<i class=\"fa fa-envelope\"><\/i> \u00a0<a href=\"mailto:info@entrenenufares.es\">info@entrenenufares.es<\/a><br \/>\n<i class=\"fa fa-phone\"><\/i> \u00a0<a href=\"tel:+34912309217\">+34 91 230 92 17<\/a><br \/>\n<i class=\"fa fa-mobile\"><\/i> \u00a0<a href=\"tel:+34657027912\">+34 657 027 912<\/a><\/p>\n<p><strong><i class=\"fa fa-home\"><\/i> Calle del Alcalde S\u00e1inz de Baranda, 65 28009 MADRID<br \/>\n<i class=\"fa fa-clock\"><\/i> Horario: <\/strong>Lunes a Viernes de 10:00 a 14:00 y de 17:00 a 20:00. S\u00e1bados de 10:00 a 14:00.<br \/>\n<i class=\"fa fa-envelope\"><\/i> <a href=\"mailto:madrid@entrenenufares.es\">madrid@entrenenufares.es<\/a><br \/>\n<i class=\"fa fa-phone\"><\/i> <a href=\"tel:+34910066926\">+34 910 06 69 26<\/a><br \/>\n<i class=\"fa fa-mobile\"><\/i> <a href=\"tel:+34645850505\">+34 645 85 05 05<\/a><\/p>\n<p><strong><i class=\"fa fa-home\"> <\/i> Calle San Erasmo, 28 -Villaverde- 28021 Madrid<\/strong><br \/>\n<i class=\"fa fa-clock\"><\/i> \u00a0<strong>Horario:<\/strong> Lunes a Viernes de 08:30 a 15:00. S\u00e1bados y Domingo Cerrado.<br \/>\n<i class=\"fa fa-envelope\"><\/i> \u00a0<a href=\"mailto:almacenes@entrenenufares.es\">almacenes@entrenenufares.es<\/a><br \/>\n<i class=\"fa fa-phone\"><\/i> \u00a0<a href=\"tel:+910337103\">+34 910 33 71 03<\/a><br \/>\n<i class=\"fa fa-mobile\"><\/i> \u00a0<a href=\"tel:+34665788170\">+34 665 788 170<\/a><\/p>\n<h3>Oficina Comercial BARCELONA<\/h3>\n<h4 style=\"color: #ff0000;\">PR\u00d3XIMA APERTURA<\/h4>\n<p><i class=\"fa fa-home\"><\/i> \u00a0Carrer de l&#8217;Arquitecte Moragas, 28 08035 Barcelona<br \/>\n<i class=\"fa fa-envelope\"><\/i> \u00a0<a href=\"mailto:barcelona@entrenenufares.es\">barcelona@entrenenufares.es<\/a><br \/>\n<i class=\"fa fa-mobile\"><\/i> \u00a0<a href=\"tel:+34657752877\">+34 657 75 28 77<\/a><\/p>\n<h3>Almacenes Centrales MADRID<\/h3>\n<p><i class=\"fa fa-calendar-check\"><\/i> \u00a0Calle San Erasmo, 28 -Villaverde- 28021 Madrid<br \/>\n<i class=\"fa fa-envelope\"><\/i> \u00a0<a href=\"mailto:almacenes@entrenenufares.es\">almacenes@entrenenufares.es<\/a><br \/>\n<i class=\"fa fa-phone\"><\/i> \u00a0<a href=\"tel:+910337103\">+34 910 33 71 03<\/a><\/p>\n<h3>Almacenes Delegaci\u00f3n BADALONA<\/h3>\n<p><i class=\"fa fa-calendar-check\"><\/i> \u00a0<strong style=\"color: #ff0000;\">SOLO para entrega materiales<\/strong><br \/>\n<i class=\"fa fa-home\"><\/i> \u00a0Avinguda del Marqu\u00e8s de Mont-Roig, 88B 08912 Badalona<br \/>\n<i class=\"fa fa-envelope\"><\/i> \u00a0<a href=\"mailto:almacenes@entrenenufares.es\">almacenes@entrenenufares.es<\/a>[\/vc_column_text][\/vc_column][vc_column width=&#8221;1\/2&#8243;][vc_column_text]<\/p>\n<h3 class=\"vc_custom_heading\">Ay\u00fadenos a mejorar<\/h3>\n<div class=\"wpb_text_column wpb_content_element \">\n<div class=\"wpb_wrapper\">\n<p>Conocer sus opiniones y sugerencias sobre nuestros productos y servicios nos ayudar\u00eda a mejorar. H\u00e1ganoslas llegar a trav\u00e9s del siguiente formulario:<\/p>\n<\/div>\n<\/div>\n<p>[\/vc_column_text]\n<div class=\"wpcf7 no-js\" id=\"wpcf7-f7-o1\" lang=\"es-ES\" dir=\"ltr\" data-wpcf7-id=\"7\">\n<div class=\"screen-reader-response\"><p role=\"status\" aria-live=\"polite\" aria-atomic=\"true\"><\/p> <ul><\/ul><\/div>\n<form action=\"\/clickandbuilds\/decobraz\/wp-json\/wp\/v2\/pages\/56#wpcf7-f7-o1\" method=\"post\" class=\"wpcf7-form init\" aria-label=\"Formulario de contacto\" novalidate=\"novalidate\" data-status=\"init\">\n<fieldset class=\"hidden-fields-container\"><input type=\"hidden\" name=\"_wpcf7\" value=\"7\" \/><input type=\"hidden\" name=\"_wpcf7_version\" value=\"6.1.5\" \/><input type=\"hidden\" name=\"_wpcf7_locale\" value=\"es_ES\" \/><input type=\"hidden\" name=\"_wpcf7_unit_tag\" value=\"wpcf7-f7-o1\" \/><input type=\"hidden\" name=\"_wpcf7_container_post\" value=\"0\" \/><input type=\"hidden\" name=\"_wpcf7_posted_data_hash\" value=\"\" \/><input type=\"hidden\" name=\"_wpcf7_recaptcha_response\" value=\"\" \/>\n<\/fieldset>\n<p><label for=\"name\"> Nombre y apellidos* <\/label><span class=\"wpcf7-form-control-wrap\" data-name=\"your-name\"><input size=\"40\" maxlength=\"400\" class=\"wpcf7-form-control wpcf7-text wpcf7-validates-as-required\" id=\"name\" aria-required=\"true\" aria-invalid=\"false\" value=\"\" type=\"text\" name=\"your-name\" \/><\/span><br \/>\n<label for=\"mail\"> Email* <\/label><span class=\"wpcf7-form-control-wrap\" data-name=\"your-email\"><input size=\"40\" maxlength=\"400\" class=\"wpcf7-form-control wpcf7-email wpcf7-validates-as-required wpcf7-text wpcf7-validates-as-email\" id=\"mail\" aria-required=\"true\" aria-invalid=\"false\" value=\"\" type=\"email\" name=\"your-email\" \/><\/span><br \/>\n<label for=\"subject\"> Asunto <\/label><span class=\"wpcf7-form-control-wrap\" data-name=\"your-subject\"><input size=\"40\" maxlength=\"400\" class=\"wpcf7-form-control wpcf7-text\" id=\"subject\" aria-invalid=\"false\" value=\"\" type=\"text\" name=\"your-subject\" \/><\/span><br \/>\n<label for=\"msg\"> Mensaje <\/label><span class=\"wpcf7-form-control-wrap\" data-name=\"your-message\"><textarea cols=\"150\" rows=\"4\" maxlength=\"2000\" class=\"wpcf7-form-control wpcf7-textarea wpcf7-validates-as-required\" id=\"msg\" aria-required=\"true\" aria-invalid=\"false\" name=\"your-message\"><\/textarea><\/span><br \/>\n<span class=\"wpcf7-form-control-wrap\" data-name=\"lopd-presupuesto\"><span class=\"wpcf7-form-control wpcf7-acceptance\"><span class=\"wpcf7-list-item\"><input type=\"checkbox\" name=\"lopd-presupuesto\" value=\"1\" aria-invalid=\"false\" \/><\/span><\/span><\/span> Acepto la <a href=\"\/politica-de-privacidad\/\">pol\u00edtica de privacidad<\/a>\n<\/p>\n<p style=\"font-size:x-small;line-height: 1.5;text-align:justify;\">Tarimas y Parquets Henares S.L. tratar\u00e1 sus datos personales con la finalidad de atender la consulta planteada por medio del presente formulario. Puede ejercer los derechos establecidos en los arts 15-22 del RGPD. Para m\u00e1s informaci\u00f3n, consulte nuestra Pol\u00edtica de Privacidad\n<\/p>\n<div style=\"text-align: center;\">\n\t<p><input class=\"wpcf7-form-control wpcf7-submit has-spinner\" type=\"submit\" value=\"Enviar\" \/>\n\t<\/p>\n<\/div>\n<p><script type=\"text\/javascript\">\njQuery('.wpcf7').on('wpcf7:submit', function(_EVENT){\n\tvar callback = function () {\n\t\tif( typeof(url) != 'undefined' ){\n\t\t\twindow.location = url;\n\t\t}\n\t};\n\tgtag('event', 'conversion', {'send_to': 'AW-818905547\/8S-_CP-G-nsQy4O-hgM','event_callback': callback});\n});\n<\/script>\n<\/p><div class=\"wpcf7-response-output\" aria-hidden=\"true\"><\/div>\n<\/form>\n<\/div>\n[vc_column_text css=&#8221;.vc_custom_1515922883932{padding-bottom: 20px !important;}&#8221;]<\/p>\n<h3>\u00bfNecesita un presupuesto?<\/h3>\n<p>P\u00eddanos presupuesto sin compromiso y compare nuestros precios, somos la empresa con los precios m\u00e1s irresistibles de Madrid y provincia.[\/vc_column_text][vc_btn title=&#8221;Presupuesto&#8221; color=&#8221;inverse&#8221; size=&#8221;sm&#8221; align=&#8221;center&#8221; i_icon_fontawesome=&#8221;fa fa-handshake-o&#8221; css=&#8221;.vc_custom_1515922755476{padding-bottom: 20px !important;}&#8221; add_icon=&#8221;true&#8221; link=&#8221;url:%2Fpresupuesto-suelos-madera%2F||target:%20_blank|&#8221;][vc_images_carousel images=&#8221;21622,21680,21810,21808,21624,21623,21621,21807,21809&#8243; img_size=&#8221;400&#215;300&#8243; onclick=&#8221;link_no&#8221; speed=&#8221;2000&#8243; autoplay=&#8221;yes&#8221; hide_pagination_control=&#8221;yes&#8221; hide_prev_next_buttons=&#8221;yes&#8221; wrap=&#8221;yes&#8221; css=&#8221;.vc_custom_1717408316461{padding-right: 10% !important;padding-bottom: 25px !important;padding-left: 10% !important;}&#8221;][\/vc_column][\/vc_row][vc_row full_width=&#8221;fullwidth&#8221; css=&#8221;.vc_custom_1702469983434{margin-bottom: 0px !important;border-bottom-width: 0px !important;padding-bottom: 0px !important;background-color: #1e242b !important;}&#8221;][vc_column][vc_column_text]<div data-src=\"https:\/\/cdn.trustindex.io\/loader.js?0f62a5516b8e296b4a463bba1eb\"><\/div>[\/vc_column_text][\/vc_column][\/vc_row][vc_row full_width=&#8221;fullwidth&#8221; css=&#8221;.vc_custom_1682594197283{margin-bottom: 0px !important;border-bottom-width: 0px !important;padding-bottom: 0px !important;}&#8221;][vc_column][vc_raw_html]JTNDaWZyYW1lJTIwc3JjJTNEJTIyaHR0cHMlM0ElMkYlMkZtYXBzLmRlY29icmF6LmNvbSUyRiUyMiUwQSUyMCUyMHdpZHRoJTNEJTIyMTAwJTI1JTIyJTIwaGVpZ2h0JTNEJTIyMTAwJTI1JTIyJTBBJTIwJTIwc3R5bGUlM0QlMjJib3JkZXIlM0ElMjAwJTNCJTIwbWluLWhlaWdodCUzQSUyMDQ1MHB4JTNCJTIyJTBBJTIwJTIwbG9hZGluZyUzRCUyMmxhenklMjIlM0UlM0MlMkZpZnJhbWUlM0U=[\/vc_raw_html][\/vc_column][\/vc_row]<\/p>\n","protected":false},"excerpt":{"rendered":"<p>[vc_row full_width=&#8221;fullwidth&#8221; css=&#8221;.vc_custom_1686646028413{margin-top: 0px !important;margin-bottom: 0px !important;border-top-width: 0px !important;border-bottom-width: 0px !important;padding-top: 0px !important;padding-bottom: 25px !important;}&#8221;][vc_column][rev_slider slidertitle=&#8221;Slide Contacto&#8221; alias=&#8221;slide-contacto&#8221;][\/vc_column][\/vc_row][vc_row full_width=&#8221;stretch&#8221; css=&#8221;.vc_custom_1684064980195{margin-bottom:<\/p>\n","protected":false},"author":1,"featured_media":0,"parent":0,"menu_order":0,"comment_status":"closed","ping_status":"closed","template":"custom-page.php","meta":{"footnotes":""},"class_list":["post-56","page","type-page","status-publish","hentry"],"yoast_head":"<!-- This site is optimized with the Yoast SEO plugin v27.2 - https:\/\/yoast.com\/product\/yoast-seo-wordpress\/ -->\n<title>\u00bfD\u00f3nde comprar parquet de calidad? - Decobraz<\/title>\n<meta name=\"description\" content=\"Encuentra lo mejor en parquet para tu hogar en nuestras tiendas en Madrid. Amplia variedad de opciones y horarios flexibles.\" \/>\n<meta name=\"robots\" content=\"noindex, follow, max-snippet:-1, max-image-preview:large, max-video-preview:-1\" \/>\n<meta property=\"og:locale\" content=\"es_ES\" \/>\n<meta property=\"og:type\" content=\"article\" \/>\n<meta property=\"og:title\" content=\"\u00bfD\u00f3nde comprar parquet de calidad? - Decobraz\" \/>\n<meta property=\"og:description\" content=\"Encuentra lo mejor en parquet para tu hogar en nuestras tiendas en Madrid. Amplia variedad de opciones y horarios flexibles.\" \/>\n<meta property=\"og:url\" content=\"https:\/\/www.entrenenufares.es\/clickandbuilds\/decobraz\/contacto\/\" \/>\n<meta property=\"og:site_name\" content=\"Decobraz\" \/>\n<meta property=\"article:publisher\" content=\"https:\/\/www.facebook.com\/decobraz\/\" \/>\n<meta property=\"article:modified_time\" content=\"2025-03-05T12:27:34+00:00\" \/>\n<meta property=\"og:image\" content=\"https:\/\/www.entrenenufares.es\/clickandbuilds\/decobraz\/wp-content\/uploads\/2023\/06\/decobraz-seo.webp\" \/>\n\t<meta property=\"og:image:width\" content=\"1200\" \/>\n\t<meta property=\"og:image:height\" content=\"675\" \/>\n\t<meta property=\"og:image:type\" content=\"image\/jpeg\" \/>\n<meta name=\"twitter:card\" content=\"summary_large_image\" \/>\n<meta name=\"twitter:label1\" content=\"Tiempo de lectura\" \/>\n\t<meta name=\"twitter:data1\" content=\"4 minutos\" \/>\n<script type=\"application\/ld+json\" class=\"yoast-schema-graph\">{\"@context\":\"https:\/\/schema.org\",\"@graph\":[{\"@type\":\"NewsArticle\",\"@id\":\"https:\/\/www.entrenenufares.es\/clickandbuilds\/decobraz\/contacto\/#article\",\"isPartOf\":{\"@id\":\"https:\/\/www.entrenenufares.es\/clickandbuilds\/decobraz\/contacto\/\"},\"author\":{\"name\":\"SuperAdmin\",\"@id\":\"https:\/\/www.entrenenufares.es\/clickandbuilds\/decobraz\/#\/schema\/person\/839f9bd08836d449a0719583057a7f73\"},\"headline\":\"Contacto\",\"datePublished\":\"2023-04-27T09:15:49+00:00\",\"dateModified\":\"2025-03-05T12:27:34+00:00\",\"mainEntityOfPage\":{\"@id\":\"https:\/\/www.entrenenufares.es\/clickandbuilds\/decobraz\/contacto\/\"},\"wordCount\":460,\"publisher\":{\"@id\":\"https:\/\/www.entrenenufares.es\/clickandbuilds\/decobraz\/#organization\"},\"inLanguage\":\"es\"},{\"@type\":\"WebPage\",\"@id\":\"https:\/\/www.entrenenufares.es\/clickandbuilds\/decobraz\/contacto\/\",\"url\":\"https:\/\/www.entrenenufares.es\/clickandbuilds\/decobraz\/contacto\/\",\"name\":\"\u00bfD\u00f3nde comprar parquet de calidad? - Decobraz\",\"isPartOf\":{\"@id\":\"https:\/\/www.entrenenufares.es\/clickandbuilds\/decobraz\/#website\"},\"datePublished\":\"2023-04-27T09:15:49+00:00\",\"dateModified\":\"2025-03-05T12:27:34+00:00\",\"description\":\"Encuentra lo mejor en parquet para tu hogar en nuestras tiendas en Madrid. Amplia variedad de opciones y horarios flexibles.\",\"breadcrumb\":{\"@id\":\"https:\/\/www.entrenenufares.es\/clickandbuilds\/decobraz\/contacto\/#breadcrumb\"},\"inLanguage\":\"es\",\"potentialAction\":[{\"@type\":\"ReadAction\",\"target\":[\"https:\/\/www.entrenenufares.es\/clickandbuilds\/decobraz\/contacto\/\"]}]},{\"@type\":\"BreadcrumbList\",\"@id\":\"https:\/\/www.entrenenufares.es\/clickandbuilds\/decobraz\/contacto\/#breadcrumb\",\"itemListElement\":[{\"@type\":\"ListItem\",\"position\":1,\"name\":\"Portada\",\"item\":\"https:\/\/www.entrenenufares.es\/clickandbuilds\/decobraz\/\"},{\"@type\":\"ListItem\",\"position\":2,\"name\":\"Contacto\"}]},{\"@type\":\"WebSite\",\"@id\":\"https:\/\/www.entrenenufares.es\/clickandbuilds\/decobraz\/#website\",\"url\":\"https:\/\/www.entrenenufares.es\/clickandbuilds\/decobraz\/\",\"name\":\"Decobraz Tarimas\",\"description\":\"Decobraz Distribuidor Oficial\",\"publisher\":{\"@id\":\"https:\/\/www.entrenenufares.es\/clickandbuilds\/decobraz\/#organization\"},\"alternateName\":\"Suelos Decobraz Maderas\",\"potentialAction\":[{\"@type\":\"SearchAction\",\"target\":{\"@type\":\"EntryPoint\",\"urlTemplate\":\"https:\/\/www.entrenenufares.es\/clickandbuilds\/decobraz\/?s={search_term_string}\"},\"query-input\":{\"@type\":\"PropertyValueSpecification\",\"valueRequired\":true,\"valueName\":\"search_term_string\"}}],\"inLanguage\":\"es\"},{\"@type\":[\"Organization\",\"Place\"],\"@id\":\"https:\/\/www.entrenenufares.es\/clickandbuilds\/decobraz\/#organization\",\"name\":\"Decobraz Tarimas\",\"alternateName\":\"Tarimas Decobraz\",\"url\":\"https:\/\/www.entrenenufares.es\/clickandbuilds\/decobraz\/\",\"logo\":{\"@type\":\"ImageObject\",\"inLanguage\":\"es\",\"@id\":\"https:\/\/www.entrenenufares.es\/clickandbuilds\/decobraz\/#\/schema\/logo\/image\/\",\"url\":\"https:\/\/www.entrenenufares.es\/clickandbuilds\/decobraz\/wp-content\/uploads\/2017\/12\/logo_decobraz.png\",\"contentUrl\":\"https:\/\/www.entrenenufares.es\/clickandbuilds\/decobraz\/wp-content\/uploads\/2017\/12\/logo_decobraz.png\",\"width\":400,\"height\":107,\"caption\":\"Decobraz Tarimas\"},\"image\":{\"@id\":\"https:\/\/www.entrenenufares.es\/clickandbuilds\/decobraz\/#\/schema\/logo\/image\/\"},\"sameAs\":[\"https:\/\/www.facebook.com\/decobraz\/\",\"https:\/\/www.instagram.com\/decobraztarimas\/\"],\"openingHoursSpecification\":[{\"@type\":\"OpeningHoursSpecification\",\"dayOfWeek\":[\"Monday\",\"Tuesday\",\"Wednesday\",\"Thursday\",\"Friday\",\"Saturday\",\"Sunday\"],\"opens\":\"09:00\",\"closes\":\"17:00\"}]},{\"@type\":\"Person\",\"@id\":\"https:\/\/www.entrenenufares.es\/clickandbuilds\/decobraz\/#\/schema\/person\/839f9bd08836d449a0719583057a7f73\",\"name\":\"SuperAdmin\",\"image\":{\"@type\":\"ImageObject\",\"inLanguage\":\"es\",\"@id\":\"https:\/\/secure.gravatar.com\/avatar\/264bc2db5dcb42793dcbafade35c88852908aa9a8fa4b094e1da686429f6c255?s=96&d=mm&r=g\",\"url\":\"https:\/\/secure.gravatar.com\/avatar\/264bc2db5dcb42793dcbafade35c88852908aa9a8fa4b094e1da686429f6c255?s=96&d=mm&r=g\",\"contentUrl\":\"https:\/\/secure.gravatar.com\/avatar\/264bc2db5dcb42793dcbafade35c88852908aa9a8fa4b094e1da686429f6c255?s=96&d=mm&r=g\",\"caption\":\"SuperAdmin\"},\"sameAs\":[\"https:\/\/www.entrenenufares.es\/clickandbuilds\/decobraz\"]}]}<\/script>\n<!-- \/ Yoast SEO plugin. -->","yoast_head_json":{"title":"\u00bfD\u00f3nde comprar parquet de calidad? - Decobraz","description":"Encuentra lo mejor en parquet para tu hogar en nuestras tiendas en Madrid. Amplia variedad de opciones y horarios flexibles.","robots":{"index":"noindex","follow":"follow","max-snippet":"max-snippet:-1","max-image-preview":"max-image-preview:large","max-video-preview":"max-video-preview:-1"},"og_locale":"es_ES","og_type":"article","og_title":"\u00bfD\u00f3nde comprar parquet de calidad? - Decobraz","og_description":"Encuentra lo mejor en parquet para tu hogar en nuestras tiendas en Madrid. Amplia variedad de opciones y horarios flexibles.","og_url":"https:\/\/www.entrenenufares.es\/clickandbuilds\/decobraz\/contacto\/","og_site_name":"Decobraz","article_publisher":"https:\/\/www.facebook.com\/decobraz\/","article_modified_time":"2025-03-05T12:27:34+00:00","og_image":[{"width":1200,"height":675,"url":"https:\/\/www.entrenenufares.es\/clickandbuilds\/decobraz\/wp-content\/uploads\/2023\/06\/decobraz-seo.webp","type":"image\/jpeg"}],"twitter_card":"summary_large_image","twitter_misc":{"Tiempo de lectura":"4 minutos"},"schema":{"@context":"https:\/\/schema.org","@graph":[{"@type":"NewsArticle","@id":"https:\/\/www.entrenenufares.es\/clickandbuilds\/decobraz\/contacto\/#article","isPartOf":{"@id":"https:\/\/www.entrenenufares.es\/clickandbuilds\/decobraz\/contacto\/"},"author":{"name":"SuperAdmin","@id":"https:\/\/www.entrenenufares.es\/clickandbuilds\/decobraz\/#\/schema\/person\/839f9bd08836d449a0719583057a7f73"},"headline":"Contacto","datePublished":"2023-04-27T09:15:49+00:00","dateModified":"2025-03-05T12:27:34+00:00","mainEntityOfPage":{"@id":"https:\/\/www.entrenenufares.es\/clickandbuilds\/decobraz\/contacto\/"},"wordCount":460,"publisher":{"@id":"https:\/\/www.entrenenufares.es\/clickandbuilds\/decobraz\/#organization"},"inLanguage":"es"},{"@type":"WebPage","@id":"https:\/\/www.entrenenufares.es\/clickandbuilds\/decobraz\/contacto\/","url":"https:\/\/www.entrenenufares.es\/clickandbuilds\/decobraz\/contacto\/","name":"\u00bfD\u00f3nde comprar parquet de calidad? - Decobraz","isPartOf":{"@id":"https:\/\/www.entrenenufares.es\/clickandbuilds\/decobraz\/#website"},"datePublished":"2023-04-27T09:15:49+00:00","dateModified":"2025-03-05T12:27:34+00:00","description":"Encuentra lo mejor en parquet para tu hogar en nuestras tiendas en Madrid. Amplia variedad de opciones y horarios flexibles.","breadcrumb":{"@id":"https:\/\/www.entrenenufares.es\/clickandbuilds\/decobraz\/contacto\/#breadcrumb"},"inLanguage":"es","potentialAction":[{"@type":"ReadAction","target":["https:\/\/www.entrenenufares.es\/clickandbuilds\/decobraz\/contacto\/"]}]},{"@type":"BreadcrumbList","@id":"https:\/\/www.entrenenufares.es\/clickandbuilds\/decobraz\/contacto\/#breadcrumb","itemListElement":[{"@type":"ListItem","position":1,"name":"Portada","item":"https:\/\/www.entrenenufares.es\/clickandbuilds\/decobraz\/"},{"@type":"ListItem","position":2,"name":"Contacto"}]},{"@type":"WebSite","@id":"https:\/\/www.entrenenufares.es\/clickandbuilds\/decobraz\/#website","url":"https:\/\/www.entrenenufares.es\/clickandbuilds\/decobraz\/","name":"Decobraz Tarimas","description":"Decobraz Distribuidor Oficial","publisher":{"@id":"https:\/\/www.entrenenufares.es\/clickandbuilds\/decobraz\/#organization"},"alternateName":"Suelos Decobraz Maderas","potentialAction":[{"@type":"SearchAction","target":{"@type":"EntryPoint","urlTemplate":"https:\/\/www.entrenenufares.es\/clickandbuilds\/decobraz\/?s={search_term_string}"},"query-input":{"@type":"PropertyValueSpecification","valueRequired":true,"valueName":"search_term_string"}}],"inLanguage":"es"},{"@type":["Organization","Place"],"@id":"https:\/\/www.entrenenufares.es\/clickandbuilds\/decobraz\/#organization","name":"Decobraz Tarimas","alternateName":"Tarimas Decobraz","url":"https:\/\/www.entrenenufares.es\/clickandbuilds\/decobraz\/","logo":{"@type":"ImageObject","inLanguage":"es","@id":"https:\/\/www.entrenenufares.es\/clickandbuilds\/decobraz\/#\/schema\/logo\/image\/","url":"https:\/\/www.entrenenufares.es\/clickandbuilds\/decobraz\/wp-content\/uploads\/2017\/12\/logo_decobraz.png","contentUrl":"https:\/\/www.entrenenufares.es\/clickandbuilds\/decobraz\/wp-content\/uploads\/2017\/12\/logo_decobraz.png","width":400,"height":107,"caption":"Decobraz Tarimas"},"image":{"@id":"https:\/\/www.entrenenufares.es\/clickandbuilds\/decobraz\/#\/schema\/logo\/image\/"},"sameAs":["https:\/\/www.facebook.com\/decobraz\/","https:\/\/www.instagram.com\/decobraztarimas\/"],"openingHoursSpecification":[{"@type":"OpeningHoursSpecification","dayOfWeek":["Monday","Tuesday","Wednesday","Thursday","Friday","Saturday","Sunday"],"opens":"09:00","closes":"17:00"}]},{"@type":"Person","@id":"https:\/\/www.entrenenufares.es\/clickandbuilds\/decobraz\/#\/schema\/person\/839f9bd08836d449a0719583057a7f73","name":"SuperAdmin","image":{"@type":"ImageObject","inLanguage":"es","@id":"https:\/\/secure.gravatar.com\/avatar\/264bc2db5dcb42793dcbafade35c88852908aa9a8fa4b094e1da686429f6c255?s=96&d=mm&r=g","url":"https:\/\/secure.gravatar.com\/avatar\/264bc2db5dcb42793dcbafade35c88852908aa9a8fa4b094e1da686429f6c255?s=96&d=mm&r=g","contentUrl":"https:\/\/secure.gravatar.com\/avatar\/264bc2db5dcb42793dcbafade35c88852908aa9a8fa4b094e1da686429f6c255?s=96&d=mm&r=g","caption":"SuperAdmin"},"sameAs":["https:\/\/www.entrenenufares.es\/clickandbuilds\/decobraz"]}]}},"_links":{"self":[{"href":"https:\/\/www.entrenenufares.es\/clickandbuilds\/decobraz\/wp-json\/wp\/v2\/pages\/56","targetHints":{"allow":["GET"]}}],"collection":[{"href":"https:\/\/www.entrenenufares.es\/clickandbuilds\/decobraz\/wp-json\/wp\/v2\/pages"}],"about":[{"href":"https:\/\/www.entrenenufares.es\/clickandbuilds\/decobraz\/wp-json\/wp\/v2\/types\/page"}],"author":[{"embeddable":true,"href":"https:\/\/www.entrenenufares.es\/clickandbuilds\/decobraz\/wp-json\/wp\/v2\/users\/1"}],"replies":[{"embeddable":true,"href":"https:\/\/www.entrenenufares.es\/clickandbuilds\/decobraz\/wp-json\/wp\/v2\/comments?post=56"}],"version-history":[{"count":0,"href":"https:\/\/www.entrenenufares.es\/clickandbuilds\/decobraz\/wp-json\/wp\/v2\/pages\/56\/revisions"}],"wp:attachment":[{"href":"https:\/\/www.entrenenufares.es\/clickandbuilds\/decobraz\/wp-json\/wp\/v2\/media?parent=56"}],"curies":[{"name":"wp","href":"https:\/\/api.w.org\/{rel}","templated":true}]}}