{"id":12816,"date":"2023-05-14T09:50:56","date_gmt":"2023-05-14T07:50:56","guid":{"rendered":"https:\/\/www.entrenenufares.es\/clickandbuilds\/decobraz\/?page_id=12816"},"modified":"2023-06-19T17:16:56","modified_gmt":"2023-06-19T15:16:56","slug":"presupuesto-suelos-madera","status":"publish","type":"page","link":"https:\/\/www.entrenenufares.es\/clickandbuilds\/decobraz\/presupuesto-suelos-madera\/","title":{"rendered":"Presupuesto suelos de madera"},"content":{"rendered":"<p>[vc_row full_width=&#8221;fullwidth&#8221; 992_desc=&#8221;&#8221; 768_desc=&#8221;&#8221; 576_desc=&#8221;&#8221; css=&#8221;.vc_custom_1687187799831{margin-top: 0px !important;border-top-width: 0px !important;padding-top: 0px !important;padding-bottom: 25px !important;}&#8221;][vc_column][rev_slider slidertitle=&#8221;Slide Presupuesto&#8221; alias=&#8221;slide-presupuesto&#8221;][\/vc_column][\/vc_row][vc_row full_width=&#8221;stretch&#8221; css=&#8221;.vc_custom_1684050609459{margin-bottom: 10px !important;}&#8221;][vc_column width=&#8221;1\/2&#8243;][vc_custom_heading text=&#8221;Solicitud de Presupuesto&#8221; use_theme_fonts=&#8221;yes&#8221;][vc_column_text]Obtenga un presupuesto personalizado para su nuevo suelo laminado, de tarima o de vinilo, sin ning\u00fan compromiso por su parte. Rellene el siguiente formulario y en menos de 24 horas tendr\u00e1 un presupuesto a su medida con el detalle del suministro de materiales e instalaci\u00f3n:[\/vc_column_text]\n<div class=\"wpcf7 no-js\" id=\"wpcf7-f54-o1\" lang=\"es-ES\" dir=\"ltr\" data-wpcf7-id=\"54\">\n<div class=\"screen-reader-response\"><p role=\"status\" aria-live=\"polite\" aria-atomic=\"true\"><\/p> <ul><\/ul><\/div>\n<form action=\"\/clickandbuilds\/decobraz\/wp-json\/wp\/v2\/pages\/12816#wpcf7-f54-o1\" method=\"post\" class=\"wpcf7-form init\" aria-label=\"Formulario de contacto\" novalidate=\"novalidate\" data-status=\"init\">\n<fieldset class=\"hidden-fields-container\"><input type=\"hidden\" name=\"_wpcf7\" value=\"54\" \/><input type=\"hidden\" name=\"_wpcf7_version\" value=\"6.1.5\" \/><input type=\"hidden\" name=\"_wpcf7_locale\" value=\"es_ES\" \/><input type=\"hidden\" name=\"_wpcf7_unit_tag\" value=\"wpcf7-f54-o1\" \/><input type=\"hidden\" name=\"_wpcf7_container_post\" value=\"0\" \/><input type=\"hidden\" name=\"_wpcf7_posted_data_hash\" value=\"\" \/><input type=\"hidden\" name=\"_wpcf7_recaptcha_response\" value=\"\" \/>\n<\/fieldset>\n<p><label for=\"name\"> Nombre y apellidos* <\/label><span class=\"wpcf7-form-control-wrap\" data-name=\"your-name\"><input size=\"40\" maxlength=\"400\" class=\"wpcf7-form-control wpcf7-text wpcf7-validates-as-required\" id=\"name\" aria-required=\"true\" aria-invalid=\"false\" value=\"\" type=\"text\" name=\"your-name\" \/><\/span><br \/>\n<label for=\"mail\"> Email* <\/label><span class=\"wpcf7-form-control-wrap\" data-name=\"your-email\"><input size=\"40\" maxlength=\"400\" class=\"wpcf7-form-control wpcf7-email wpcf7-validates-as-required wpcf7-text wpcf7-validates-as-email\" id=\"mail\" aria-required=\"true\" aria-invalid=\"false\" value=\"\" type=\"email\" name=\"your-email\" \/><\/span><br \/>\n<label for=\"phone\"> Tel\u00e9fono* <\/label><span class=\"wpcf7-form-control-wrap\" data-name=\"telefono\"><input size=\"40\" maxlength=\"400\" class=\"wpcf7-form-control wpcf7-tel wpcf7-validates-as-required wpcf7-text wpcf7-validates-as-tel\" id=\"phone\" aria-required=\"true\" aria-invalid=\"false\" value=\"\" type=\"tel\" name=\"telefono\" \/><\/span><br \/>\n<label for=\"address\"> Direcci\u00f3n* <\/label><span class=\"wpcf7-form-control-wrap\" data-name=\"direccion\"><input size=\"40\" maxlength=\"90\" class=\"wpcf7-form-control wpcf7-text wpcf7-validates-as-required\" id=\"address\" aria-required=\"true\" aria-invalid=\"false\" value=\"\" type=\"text\" name=\"direccion\" \/><\/span><br \/>\n<label for=\"city\"> Localidad* <\/label><span class=\"wpcf7-form-control-wrap\" data-name=\"localidad\"><input size=\"40\" maxlength=\"90\" class=\"wpcf7-form-control wpcf7-text wpcf7-validates-as-required\" id=\"city\" aria-required=\"true\" aria-invalid=\"false\" value=\"\" type=\"text\" name=\"localidad\" \/><\/span><br \/>\n<label for=\"state\"> Provincia* <\/label><span class=\"wpcf7-form-control-wrap\" data-name=\"provincia\"><input size=\"40\" maxlength=\"90\" class=\"wpcf7-form-control wpcf7-text wpcf7-validates-as-required\" id=\"state\" aria-required=\"true\" aria-invalid=\"false\" value=\"\" type=\"text\" name=\"provincia\" \/><\/span><br \/>\n<label for=\"postal\"> C.P.* <\/label><span class=\"wpcf7-form-control-wrap\" data-name=\"codpostal\"><input size=\"40\" maxlength=\"5\" class=\"wpcf7-form-control wpcf7-text wpcf7-validates-as-required\" id=\"postal\" aria-required=\"true\" aria-invalid=\"false\" value=\"\" type=\"text\" name=\"codpostal\" \/><\/span><br \/>\n<label for=\"model\"> Tipo de presupuesto*<\/label><span class=\"wpcf7-form-control-wrap\" data-name=\"modelo\"><select class=\"wpcf7-form-control wpcf7-select wpcf7-validates-as-required\" id=\"model\" aria-required=\"true\" aria-invalid=\"false\" name=\"modelo\"><option value=\"\">&#8212;Por favor, elige una opci\u00f3n&#8212;<\/option><option value=\"Instalaci\u00f3n de Tarima\">Instalaci\u00f3n de Tarima<\/option><option value=\"Instalaci\u00f3n de Parquet\">Instalaci\u00f3n de Parquet<\/option><option value=\"Instalaci\u00f3n de Suelo Vinilo\">Instalaci\u00f3n de Suelo Vinilo<\/option><option value=\"Instalaci\u00f3n de Suelo Corcho\">Instalaci\u00f3n de Suelo Corcho<\/option><option value=\"Barnizado de Parquet\">Barnizado de Parquet<\/option><option value=\"Instalaci\u00f3n C\u00e9sped\">Instalaci\u00f3n C\u00e9sped<\/option><\/select><\/span><br \/>\n<label for=\"area\"> Superficie* <\/label><span class=\"wpcf7-form-control-wrap\" data-name=\"superficie\"><input class=\"wpcf7-form-control wpcf7-number wpcf7-validates-as-required wpcf7-validates-as-number\" id=\"area\" min=\"0\" max=\"10000\" aria-required=\"true\" aria-invalid=\"false\" value=\"\" type=\"number\" name=\"superficie\" \/><\/span><br \/>\n<label for=\"notes\"> Observaciones <\/label><span class=\"wpcf7-form-control-wrap\" data-name=\"observaciones\"><textarea cols=\"150\" rows=\"4\" maxlength=\"2000\" class=\"wpcf7-form-control wpcf7-textarea\" id=\"notes\" aria-invalid=\"false\" name=\"observaciones\"><\/textarea><\/span><br \/>\n<span class=\"wpcf7-form-control-wrap\" data-name=\"lopd-presupuesto\"><span class=\"wpcf7-form-control wpcf7-acceptance\"><span class=\"wpcf7-list-item\"><input type=\"checkbox\" name=\"lopd-presupuesto\" value=\"1\" aria-invalid=\"false\" \/><\/span><\/span><\/span> Acepto la <a href=\"\/politica-de-privacidad\/\">pol\u00edtica de privacidad<\/a>\n<\/p>\n<p style=\"font-size:x-small;line-height: 1.5;text-align:justify;\">Tarimas y Parquets Henares S.L. tratar\u00e1 sus datos personales con la finalidad de atender la consulta planteada por medio del presente formulario. Puede ejercer los derechos establecidos en los arts 15-22 del RGPD. Para m\u00e1s informaci\u00f3n, consulte nuestra pol\u00edtica de privacidad.\n<\/p>\n<div style=\"text-align: center;\">\n\t<p><input class=\"wpcf7-form-control wpcf7-submit has-spinner\" type=\"submit\" value=\"Enviar\" \/>\n\t<\/p>\n<\/div><div class=\"wpcf7-response-output\" aria-hidden=\"true\"><\/div>\n<\/form>\n<\/div>\n[\/vc_column][vc_column width=&#8221;1\/2&#8243;][vc_images_carousel images=&#8221;12850,12851,12852&#8243; img_size=&#8221;mediem&#8221; onclick=&#8221;link_no&#8221; autoplay=&#8221;yes&#8221; hide_pagination_control=&#8221;yes&#8221; hide_prev_next_buttons=&#8221;yes&#8221; wrap=&#8221;yes&#8221; css_animation=&#8221;fadeIn&#8221;][vc_column_text css=&#8221;.vc_custom_1616826693289{margin-top: 20px !important;}&#8221;]<\/p>\n<p style=\"text-align: justify;\">Las\u00a0<strong>suelos de madera<\/strong>\u00a0aportan calidez y personalidad a una habitaci\u00f3n, no hay nada mejor que el car\u00e1cter naturalmente singular de un suelo de madera.\u00a0Pero los suelos de madera deben aportar mucho m\u00e1s que su encanto natural. Un suelo tambi\u00e9n debe ser duradero. Debe poder soportar la presencia de ni\u00f1os y mascotas, as\u00ed como peque\u00f1os accidentes y celebraciones festivas. Al fin y al cabo, lo que desea es que su suelo siga luciendo atractivo tanto tiempo como sea posible.<img loading=\"lazy\" decoding=\"async\" class=\"aligncenter wp-image-4966 size-full\" src=\"https:\/\/www.entrenenufares.es\/clickandbuilds\/decobraz\/wp-content\/uploads\/2021\/03\/presupuesto-decobraz.jpg\" alt=\"presupuesto suelos Decobraz\" width=\"555\" height=\"300\" \/><\/p>\n<p>Por ello, en Decobraz nos encargamos desde su suministro e instalaci\u00f3n hasta su mantenimiento. Podemos realizar todo el proceso de suministro e instalaci\u00f3n respetando los tiempos solicitados por nuestros clientes. Son muchos a\u00f1os cuidando e instalando suelos de madera lo que nos permite satisfacer sus necesidades, todo un equipo y nuestros clientes satisfechos nos avalan.<\/p>\n<p style=\"text-align: justify;\">En <strong>Decobraz<\/strong> disponemos de diferentes <a href=\"\/catalogo\/\" target=\"_blank\" rel=\"noopener noreferrer\">marcas y modelos<\/a> de suelos laminados, tarima y vinilo para satisfacer las necesidades de nuestros clientes, tanto de dise\u00f1o como de presupuesto. <strong>\u00a1M\u00e1s de 1.000 referencias donde elegir!<\/strong><\/p>\n<p>[\/vc_column_text][\/vc_column][\/vc_row][vc_row full_width=&#8221;stretch&#8221; css=&#8221;.vc_custom_1684050625475{margin-bottom: 25px !important;}&#8221;][vc_column css=&#8221;.vc_custom_1614280366348{padding-top: 0px !important;}&#8221;][vc_column_text]<\/p>\n<h2 class=\"vc_custom_heading\">\u00bfNecesitas Financiaci\u00f3n?<\/h2>\n<p>En Decobraz te lo ponemos m\u00e1s f\u00e1cil estrenar los nuevos suelos de madera para tu hogar o negocio. Estrena tus nuevos suelos laminados, suelos de parquet o suelos de vinilo y paga en c\u00f3modos\u00a0<strong>plazos mensuales con 0% de inter\u00e9s<\/strong>\u00a0con una peque\u00f1a comisi\u00f3n de apertura en relaci\u00f3n al periodo que elijas de pago. A trav\u00e9s del Banco Cetelem, te gestionamos tu cr\u00e9dito inmediato sin cambiar de banco ni contratar otros productos para conseguir tu pr\u00e9stamo. Solo necesitar\u00e1s tu DNI, una cuenta bancaria y tu nomina para acceder a este pr\u00e9stamo inmediato.<\/p>\n<p>[\/vc_column_text][\/vc_column][\/vc_row]<\/p>\n","protected":false},"excerpt":{"rendered":"<p>[vc_row full_width=&#8221;fullwidth&#8221; 992_desc=&#8221;&#8221; 768_desc=&#8221;&#8221; 576_desc=&#8221;&#8221; css=&#8221;.vc_custom_1687187799831{margin-top: 0px !important;border-top-width: 0px !important;padding-top: 0px !important;padding-bottom: 25px !important;}&#8221;][vc_column][rev_slider slidertitle=&#8221;Slide Presupuesto&#8221; alias=&#8221;slide-presupuesto&#8221;][\/vc_column][\/vc_row][vc_row full_width=&#8221;stretch&#8221; css=&#8221;.vc_custom_1684050609459{margin-bottom: 10px<\/p>\n","protected":false},"author":1,"featured_media":0,"parent":0,"menu_order":0,"comment_status":"closed","ping_status":"closed","template":"custom-page.php","meta":{"footnotes":""},"class_list":["post-12816","page","type-page","status-publish","hentry"],"yoast_head":"<!-- This site is optimized with the Yoast SEO plugin v27.2 - https:\/\/yoast.com\/product\/yoast-seo-wordpress\/ -->\n<title>Presupuesto suelos de madera - Decobraz<\/title>\n<meta name=\"description\" content=\"Presupuesto suelos de madera y Tarima Flotante - Decobraz\" \/>\n<meta name=\"robots\" content=\"noindex, follow, max-snippet:-1, max-image-preview:large, max-video-preview:-1\" \/>\n<meta property=\"og:locale\" content=\"es_ES\" \/>\n<meta property=\"og:type\" content=\"article\" \/>\n<meta property=\"og:title\" content=\"Presupuesto suelos de madera - Decobraz\" \/>\n<meta property=\"og:description\" content=\"Presupuesto suelos de madera y Tarima Flotante - Decobraz\" \/>\n<meta property=\"og:url\" content=\"https:\/\/www.entrenenufares.es\/clickandbuilds\/decobraz\/presupuesto-suelos-madera\/\" \/>\n<meta property=\"og:site_name\" content=\"Decobraz\" \/>\n<meta property=\"article:publisher\" content=\"https:\/\/www.facebook.com\/decobraz\/\" \/>\n<meta property=\"article:modified_time\" content=\"2023-06-19T15:16:56+00:00\" \/>\n<meta property=\"og:image\" content=\"https:\/\/www.entrenenufares.es\/clickandbuilds\/decobraz\/wp-content\/uploads\/2021\/03\/presupuesto-decobraz.jpg\" \/>\n<meta name=\"twitter:card\" content=\"summary_large_image\" \/>\n<meta name=\"twitter:label1\" content=\"Tiempo de lectura\" \/>\n\t<meta name=\"twitter:data1\" content=\"2 minutos\" \/>\n<script type=\"application\/ld+json\" class=\"yoast-schema-graph\">{\"@context\":\"https:\/\/schema.org\",\"@graph\":[{\"@type\":\"NewsArticle\",\"@id\":\"https:\/\/www.entrenenufares.es\/clickandbuilds\/decobraz\/presupuesto-suelos-madera\/#article\",\"isPartOf\":{\"@id\":\"https:\/\/www.entrenenufares.es\/clickandbuilds\/decobraz\/presupuesto-suelos-madera\/\"},\"author\":{\"name\":\"SuperAdmin\",\"@id\":\"https:\/\/www.entrenenufares.es\/clickandbuilds\/decobraz\/#\/schema\/person\/839f9bd08836d449a0719583057a7f73\"},\"headline\":\"Presupuesto suelos de madera\",\"datePublished\":\"2023-05-14T07:50:56+00:00\",\"dateModified\":\"2023-06-19T15:16:56+00:00\",\"mainEntityOfPage\":{\"@id\":\"https:\/\/www.entrenenufares.es\/clickandbuilds\/decobraz\/presupuesto-suelos-madera\/\"},\"wordCount\":481,\"publisher\":{\"@id\":\"https:\/\/www.entrenenufares.es\/clickandbuilds\/decobraz\/#organization\"},\"image\":{\"@id\":\"https:\/\/www.entrenenufares.es\/clickandbuilds\/decobraz\/presupuesto-suelos-madera\/#primaryimage\"},\"thumbnailUrl\":\"https:\/\/www.entrenenufares.es\/clickandbuilds\/decobraz\/wp-content\/uploads\/2021\/03\/presupuesto-decobraz.jpg\",\"inLanguage\":\"es\"},{\"@type\":\"WebPage\",\"@id\":\"https:\/\/www.entrenenufares.es\/clickandbuilds\/decobraz\/presupuesto-suelos-madera\/\",\"url\":\"https:\/\/www.entrenenufares.es\/clickandbuilds\/decobraz\/presupuesto-suelos-madera\/\",\"name\":\"Presupuesto suelos de madera - Decobraz\",\"isPartOf\":{\"@id\":\"https:\/\/www.entrenenufares.es\/clickandbuilds\/decobraz\/#website\"},\"primaryImageOfPage\":{\"@id\":\"https:\/\/www.entrenenufares.es\/clickandbuilds\/decobraz\/presupuesto-suelos-madera\/#primaryimage\"},\"image\":{\"@id\":\"https:\/\/www.entrenenufares.es\/clickandbuilds\/decobraz\/presupuesto-suelos-madera\/#primaryimage\"},\"thumbnailUrl\":\"https:\/\/www.entrenenufares.es\/clickandbuilds\/decobraz\/wp-content\/uploads\/2021\/03\/presupuesto-decobraz.jpg\",\"datePublished\":\"2023-05-14T07:50:56+00:00\",\"dateModified\":\"2023-06-19T15:16:56+00:00\",\"description\":\"Presupuesto suelos de madera y Tarima Flotante - Decobraz\",\"breadcrumb\":{\"@id\":\"https:\/\/www.entrenenufares.es\/clickandbuilds\/decobraz\/presupuesto-suelos-madera\/#breadcrumb\"},\"inLanguage\":\"es\",\"potentialAction\":[{\"@type\":\"ReadAction\",\"target\":[\"https:\/\/www.entrenenufares.es\/clickandbuilds\/decobraz\/presupuesto-suelos-madera\/\"]}]},{\"@type\":\"ImageObject\",\"inLanguage\":\"es\",\"@id\":\"https:\/\/www.entrenenufares.es\/clickandbuilds\/decobraz\/presupuesto-suelos-madera\/#primaryimage\",\"url\":\"https:\/\/www.entrenenufares.es\/clickandbuilds\/decobraz\/wp-content\/uploads\/2021\/03\/presupuesto-decobraz.webp\",\"contentUrl\":\"https:\/\/www.entrenenufares.es\/clickandbuilds\/decobraz\/wp-content\/uploads\/2021\/03\/presupuesto-decobraz.webp\",\"width\":555,\"height\":300},{\"@type\":\"BreadcrumbList\",\"@id\":\"https:\/\/www.entrenenufares.es\/clickandbuilds\/decobraz\/presupuesto-suelos-madera\/#breadcrumb\",\"itemListElement\":[{\"@type\":\"ListItem\",\"position\":1,\"name\":\"Portada\",\"item\":\"https:\/\/www.entrenenufares.es\/clickandbuilds\/decobraz\/\"},{\"@type\":\"ListItem\",\"position\":2,\"name\":\"Presupuesto suelos de madera\"}]},{\"@type\":\"WebSite\",\"@id\":\"https:\/\/www.entrenenufares.es\/clickandbuilds\/decobraz\/#website\",\"url\":\"https:\/\/www.entrenenufares.es\/clickandbuilds\/decobraz\/\",\"name\":\"Decobraz Tarimas\",\"description\":\"Decobraz Distribuidor Oficial\",\"publisher\":{\"@id\":\"https:\/\/www.entrenenufares.es\/clickandbuilds\/decobraz\/#organization\"},\"alternateName\":\"Suelos Decobraz Maderas\",\"potentialAction\":[{\"@type\":\"SearchAction\",\"target\":{\"@type\":\"EntryPoint\",\"urlTemplate\":\"https:\/\/www.entrenenufares.es\/clickandbuilds\/decobraz\/?s={search_term_string}\"},\"query-input\":{\"@type\":\"PropertyValueSpecification\",\"valueRequired\":true,\"valueName\":\"search_term_string\"}}],\"inLanguage\":\"es\"},{\"@type\":[\"Organization\",\"Place\"],\"@id\":\"https:\/\/www.entrenenufares.es\/clickandbuilds\/decobraz\/#organization\",\"name\":\"Decobraz Tarimas\",\"alternateName\":\"Tarimas Decobraz\",\"url\":\"https:\/\/www.entrenenufares.es\/clickandbuilds\/decobraz\/\",\"logo\":{\"@type\":\"ImageObject\",\"inLanguage\":\"es\",\"@id\":\"https:\/\/www.entrenenufares.es\/clickandbuilds\/decobraz\/#\/schema\/logo\/image\/\",\"url\":\"https:\/\/www.entrenenufares.es\/clickandbuilds\/decobraz\/wp-content\/uploads\/2017\/12\/logo_decobraz.png\",\"contentUrl\":\"https:\/\/www.entrenenufares.es\/clickandbuilds\/decobraz\/wp-content\/uploads\/2017\/12\/logo_decobraz.png\",\"width\":400,\"height\":107,\"caption\":\"Decobraz Tarimas\"},\"image\":{\"@id\":\"https:\/\/www.entrenenufares.es\/clickandbuilds\/decobraz\/#\/schema\/logo\/image\/\"},\"sameAs\":[\"https:\/\/www.facebook.com\/decobraz\/\",\"https:\/\/www.instagram.com\/decobraztarimas\/\"],\"openingHoursSpecification\":[{\"@type\":\"OpeningHoursSpecification\",\"dayOfWeek\":[\"Monday\",\"Tuesday\",\"Wednesday\",\"Thursday\",\"Friday\",\"Saturday\",\"Sunday\"],\"opens\":\"09:00\",\"closes\":\"17:00\"}]},{\"@type\":\"Person\",\"@id\":\"https:\/\/www.entrenenufares.es\/clickandbuilds\/decobraz\/#\/schema\/person\/839f9bd08836d449a0719583057a7f73\",\"name\":\"SuperAdmin\",\"image\":{\"@type\":\"ImageObject\",\"inLanguage\":\"es\",\"@id\":\"https:\/\/secure.gravatar.com\/avatar\/264bc2db5dcb42793dcbafade35c88852908aa9a8fa4b094e1da686429f6c255?s=96&d=mm&r=g\",\"url\":\"https:\/\/secure.gravatar.com\/avatar\/264bc2db5dcb42793dcbafade35c88852908aa9a8fa4b094e1da686429f6c255?s=96&d=mm&r=g\",\"contentUrl\":\"https:\/\/secure.gravatar.com\/avatar\/264bc2db5dcb42793dcbafade35c88852908aa9a8fa4b094e1da686429f6c255?s=96&d=mm&r=g\",\"caption\":\"SuperAdmin\"},\"sameAs\":[\"https:\/\/www.entrenenufares.es\/clickandbuilds\/decobraz\"]}]}<\/script>\n<!-- \/ Yoast SEO plugin. -->","yoast_head_json":{"title":"Presupuesto suelos de madera - Decobraz","description":"Presupuesto suelos de madera y Tarima Flotante - Decobraz","robots":{"index":"noindex","follow":"follow","max-snippet":"max-snippet:-1","max-image-preview":"max-image-preview:large","max-video-preview":"max-video-preview:-1"},"og_locale":"es_ES","og_type":"article","og_title":"Presupuesto suelos de madera - Decobraz","og_description":"Presupuesto suelos de madera y Tarima Flotante - Decobraz","og_url":"https:\/\/www.entrenenufares.es\/clickandbuilds\/decobraz\/presupuesto-suelos-madera\/","og_site_name":"Decobraz","article_publisher":"https:\/\/www.facebook.com\/decobraz\/","article_modified_time":"2023-06-19T15:16:56+00:00","og_image":[{"url":"https:\/\/www.entrenenufares.es\/clickandbuilds\/decobraz\/wp-content\/uploads\/2021\/03\/presupuesto-decobraz.jpg","type":"","width":"","height":""}],"twitter_card":"summary_large_image","twitter_misc":{"Tiempo de lectura":"2 minutos"},"schema":{"@context":"https:\/\/schema.org","@graph":[{"@type":"NewsArticle","@id":"https:\/\/www.entrenenufares.es\/clickandbuilds\/decobraz\/presupuesto-suelos-madera\/#article","isPartOf":{"@id":"https:\/\/www.entrenenufares.es\/clickandbuilds\/decobraz\/presupuesto-suelos-madera\/"},"author":{"name":"SuperAdmin","@id":"https:\/\/www.entrenenufares.es\/clickandbuilds\/decobraz\/#\/schema\/person\/839f9bd08836d449a0719583057a7f73"},"headline":"Presupuesto suelos de madera","datePublished":"2023-05-14T07:50:56+00:00","dateModified":"2023-06-19T15:16:56+00:00","mainEntityOfPage":{"@id":"https:\/\/www.entrenenufares.es\/clickandbuilds\/decobraz\/presupuesto-suelos-madera\/"},"wordCount":481,"publisher":{"@id":"https:\/\/www.entrenenufares.es\/clickandbuilds\/decobraz\/#organization"},"image":{"@id":"https:\/\/www.entrenenufares.es\/clickandbuilds\/decobraz\/presupuesto-suelos-madera\/#primaryimage"},"thumbnailUrl":"https:\/\/www.entrenenufares.es\/clickandbuilds\/decobraz\/wp-content\/uploads\/2021\/03\/presupuesto-decobraz.jpg","inLanguage":"es"},{"@type":"WebPage","@id":"https:\/\/www.entrenenufares.es\/clickandbuilds\/decobraz\/presupuesto-suelos-madera\/","url":"https:\/\/www.entrenenufares.es\/clickandbuilds\/decobraz\/presupuesto-suelos-madera\/","name":"Presupuesto suelos de madera - Decobraz","isPartOf":{"@id":"https:\/\/www.entrenenufares.es\/clickandbuilds\/decobraz\/#website"},"primaryImageOfPage":{"@id":"https:\/\/www.entrenenufares.es\/clickandbuilds\/decobraz\/presupuesto-suelos-madera\/#primaryimage"},"image":{"@id":"https:\/\/www.entrenenufares.es\/clickandbuilds\/decobraz\/presupuesto-suelos-madera\/#primaryimage"},"thumbnailUrl":"https:\/\/www.entrenenufares.es\/clickandbuilds\/decobraz\/wp-content\/uploads\/2021\/03\/presupuesto-decobraz.jpg","datePublished":"2023-05-14T07:50:56+00:00","dateModified":"2023-06-19T15:16:56+00:00","description":"Presupuesto suelos de madera y Tarima Flotante - Decobraz","breadcrumb":{"@id":"https:\/\/www.entrenenufares.es\/clickandbuilds\/decobraz\/presupuesto-suelos-madera\/#breadcrumb"},"inLanguage":"es","potentialAction":[{"@type":"ReadAction","target":["https:\/\/www.entrenenufares.es\/clickandbuilds\/decobraz\/presupuesto-suelos-madera\/"]}]},{"@type":"ImageObject","inLanguage":"es","@id":"https:\/\/www.entrenenufares.es\/clickandbuilds\/decobraz\/presupuesto-suelos-madera\/#primaryimage","url":"https:\/\/www.entrenenufares.es\/clickandbuilds\/decobraz\/wp-content\/uploads\/2021\/03\/presupuesto-decobraz.webp","contentUrl":"https:\/\/www.entrenenufares.es\/clickandbuilds\/decobraz\/wp-content\/uploads\/2021\/03\/presupuesto-decobraz.webp","width":555,"height":300},{"@type":"BreadcrumbList","@id":"https:\/\/www.entrenenufares.es\/clickandbuilds\/decobraz\/presupuesto-suelos-madera\/#breadcrumb","itemListElement":[{"@type":"ListItem","position":1,"name":"Portada","item":"https:\/\/www.entrenenufares.es\/clickandbuilds\/decobraz\/"},{"@type":"ListItem","position":2,"name":"Presupuesto suelos de madera"}]},{"@type":"WebSite","@id":"https:\/\/www.entrenenufares.es\/clickandbuilds\/decobraz\/#website","url":"https:\/\/www.entrenenufares.es\/clickandbuilds\/decobraz\/","name":"Decobraz Tarimas","description":"Decobraz Distribuidor Oficial","publisher":{"@id":"https:\/\/www.entrenenufares.es\/clickandbuilds\/decobraz\/#organization"},"alternateName":"Suelos Decobraz Maderas","potentialAction":[{"@type":"SearchAction","target":{"@type":"EntryPoint","urlTemplate":"https:\/\/www.entrenenufares.es\/clickandbuilds\/decobraz\/?s={search_term_string}"},"query-input":{"@type":"PropertyValueSpecification","valueRequired":true,"valueName":"search_term_string"}}],"inLanguage":"es"},{"@type":["Organization","Place"],"@id":"https:\/\/www.entrenenufares.es\/clickandbuilds\/decobraz\/#organization","name":"Decobraz Tarimas","alternateName":"Tarimas Decobraz","url":"https:\/\/www.entrenenufares.es\/clickandbuilds\/decobraz\/","logo":{"@type":"ImageObject","inLanguage":"es","@id":"https:\/\/www.entrenenufares.es\/clickandbuilds\/decobraz\/#\/schema\/logo\/image\/","url":"https:\/\/www.entrenenufares.es\/clickandbuilds\/decobraz\/wp-content\/uploads\/2017\/12\/logo_decobraz.png","contentUrl":"https:\/\/www.entrenenufares.es\/clickandbuilds\/decobraz\/wp-content\/uploads\/2017\/12\/logo_decobraz.png","width":400,"height":107,"caption":"Decobraz Tarimas"},"image":{"@id":"https:\/\/www.entrenenufares.es\/clickandbuilds\/decobraz\/#\/schema\/logo\/image\/"},"sameAs":["https:\/\/www.facebook.com\/decobraz\/","https:\/\/www.instagram.com\/decobraztarimas\/"],"openingHoursSpecification":[{"@type":"OpeningHoursSpecification","dayOfWeek":["Monday","Tuesday","Wednesday","Thursday","Friday","Saturday","Sunday"],"opens":"09:00","closes":"17:00"}]},{"@type":"Person","@id":"https:\/\/www.entrenenufares.es\/clickandbuilds\/decobraz\/#\/schema\/person\/839f9bd08836d449a0719583057a7f73","name":"SuperAdmin","image":{"@type":"ImageObject","inLanguage":"es","@id":"https:\/\/secure.gravatar.com\/avatar\/264bc2db5dcb42793dcbafade35c88852908aa9a8fa4b094e1da686429f6c255?s=96&d=mm&r=g","url":"https:\/\/secure.gravatar.com\/avatar\/264bc2db5dcb42793dcbafade35c88852908aa9a8fa4b094e1da686429f6c255?s=96&d=mm&r=g","contentUrl":"https:\/\/secure.gravatar.com\/avatar\/264bc2db5dcb42793dcbafade35c88852908aa9a8fa4b094e1da686429f6c255?s=96&d=mm&r=g","caption":"SuperAdmin"},"sameAs":["https:\/\/www.entrenenufares.es\/clickandbuilds\/decobraz"]}]}},"_links":{"self":[{"href":"https:\/\/www.entrenenufares.es\/clickandbuilds\/decobraz\/wp-json\/wp\/v2\/pages\/12816","targetHints":{"allow":["GET"]}}],"collection":[{"href":"https:\/\/www.entrenenufares.es\/clickandbuilds\/decobraz\/wp-json\/wp\/v2\/pages"}],"about":[{"href":"https:\/\/www.entrenenufares.es\/clickandbuilds\/decobraz\/wp-json\/wp\/v2\/types\/page"}],"author":[{"embeddable":true,"href":"https:\/\/www.entrenenufares.es\/clickandbuilds\/decobraz\/wp-json\/wp\/v2\/users\/1"}],"replies":[{"embeddable":true,"href":"https:\/\/www.entrenenufares.es\/clickandbuilds\/decobraz\/wp-json\/wp\/v2\/comments?post=12816"}],"version-history":[{"count":0,"href":"https:\/\/www.entrenenufares.es\/clickandbuilds\/decobraz\/wp-json\/wp\/v2\/pages\/12816\/revisions"}],"wp:attachment":[{"href":"https:\/\/www.entrenenufares.es\/clickandbuilds\/decobraz\/wp-json\/wp\/v2\/media?parent=12816"}],"curies":[{"name":"wp","href":"https:\/\/api.w.org\/{rel}","templated":true}]}}